{"id":228151,"date":"2022-07-08T16:07:24","date_gmt":"2022-07-08T15:07:24","guid":{"rendered":"https:\/\/www.moskito.cz\/produkt\/pevny-noz-extrema-ratio-fulcrum-bayonet-nfg-desert-sw\/"},"modified":"2025-05-07T10:42:32","modified_gmt":"2025-05-07T09:42:32","slug":"pevny-noz-extrema-ratio-fulcrum-bayonet-nfg-desert-sw","status":"publish","type":"product","link":"https:\/\/www.moskito.cz\/sk\/produkt\/pevny-noz-extrema-ratio-fulcrum-bayonet-nfg-desert-sw\/","title":{"rendered":"Pevn\u00fd N\u00f4\u017e Extrema Ratio FULCRUM BAYONET NFG DESERT SW"},"content":{"rendered":"<p>Pevn\u00fd N\u00f4\u017e Extrema Ratio FULCRUM BAYONET NFG DESERT SW<\/p>\n<p>\u013dahk\u00e1 verzia \u0161tandardn\u00e9ho bajonetu Fulcrum. Dod\u00e1va sa s reza\u010dkou dr\u00f4tu, ostr\u00edm umyt\u00fdm kame\u0148om, p\u00fa\u0161tnou rukov\u00e4\u0165ou a p\u00fa\u0161tnym nylonov\u00fdm puzdrom. Kryty a upev\u0148ovacie ozuben\u00e9 koles\u00e1 ARX16, M4\/M16. Dostupn\u00e9 aj v civilnej verzii (NFG \u2013 No Fixing Gears).<br \/>\nV\u00c1HA G: 382<br \/>\nHMOTNOS\u0164 OZ.: 13,5<br \/>\nD\u0139\u017dKA \u010cEPELA (MM): 180<br \/>\nD\u0139\u017dKA \u010cEPELA (IN): 7.1<br \/>\nCELKOV\u00c1 D\u0139\u017dKA (MM): 309<br \/>\nCELKOV\u00c1 D\u0139\u017dKA (IN): 12,2<br \/>\nH\u013d\u00daBKA \u010cEPELA (MM): 6,3<br \/>\nH\u013d\u00daBKA \u010cEPELA (IN): 0,25<br \/>\n\u010cIASTO\u010cN\u00c9 ZUBY (MM): 40<br \/>\n\u010cIASTO\u010cN\u00c9 ZUBY (IN): 1,6<br \/>\nMATERI\u00c1L \u010cEPELA: B\u00d6HLER N690 STEEL (58HRC)<br \/>\nPOVRCHOV\u00c1 \u00daPRAVA \u010cEPELA: SAT\u00c9N<br \/>\nHLAVN\u00c1 MRIE\u017dKA: PLOCH\u00c1<br \/>\nMATERI\u00c1L RUKOV\u00c4TI: FORPRENE<\/p>\n","protected":false},"excerpt":{"rendered":"<p>Spolo\u010dnos\u0165 Extrema Ratio so s\u00eddlom v talianskom Prate navrhuje a vyr\u00e1ba vysoko v\u00fdkonn\u00e9 bojov\u00e9, vojensk\u00e9, kuchynsk\u00e9, loveck\u00e9 a taktick\u00e9 no\u017ee od roku 1997 a m\u00e1 poves\u0165 vynikaj\u00facej kvality, ktor\u00e1 je v odbore vojensk\u00fdch a taktick\u00fdch no\u017eov neprekonate\u013en\u00e1. Doprava zadarmo.<\/p>\n","protected":false},"featured_media":218781,"comment_status":"open","ping_status":"closed","template":"","meta":[],"pwb-brand":[3198],"product_brand":[],"product_cat":[3187,3186],"product_tag":[],"class_list":{"0":"post-228151","1":"product","2":"type-product","3":"status-publish","4":"has-post-thumbnail","6":"pwb-brand-extrema-ratio-sk","7":"product_cat-pevne-noze-sk","8":"product_cat-noze-sk","10":"first","11":"instock","12":"taxable","13":"shipping-taxable","14":"purchasable","15":"product-type-simple"},"brands":[{"id":3198,"name":"Extrema Ratio","slug":"extrema-ratio-sk"}],"_links":{"self":[{"href":"https:\/\/www.moskito.cz\/sk\/wp-json\/wp\/v2\/product\/228151","targetHints":{"allow":["GET"]}}],"collection":[{"href":"https:\/\/www.moskito.cz\/sk\/wp-json\/wp\/v2\/product"}],"about":[{"href":"https:\/\/www.moskito.cz\/sk\/wp-json\/wp\/v2\/types\/product"}],"replies":[{"embeddable":true,"href":"https:\/\/www.moskito.cz\/sk\/wp-json\/wp\/v2\/comments?post=228151"}],"wp:featuredmedia":[{"embeddable":true,"href":"https:\/\/www.moskito.cz\/sk\/wp-json\/wp\/v2\/media\/218781"}],"wp:attachment":[{"href":"https:\/\/www.moskito.cz\/sk\/wp-json\/wp\/v2\/media?parent=228151"}],"wp:term":[{"taxonomy":"pwb-brand","embeddable":true,"href":"https:\/\/www.moskito.cz\/sk\/wp-json\/wp\/v2\/pwb-brand?post=228151"},{"taxonomy":"product_brand","embeddable":true,"href":"https:\/\/www.moskito.cz\/sk\/wp-json\/wp\/v2\/product_brand?post=228151"},{"taxonomy":"product_cat","embeddable":true,"href":"https:\/\/www.moskito.cz\/sk\/wp-json\/wp\/v2\/product_cat?post=228151"},{"taxonomy":"product_tag","embeddable":true,"href":"https:\/\/www.moskito.cz\/sk\/wp-json\/wp\/v2\/product_tag?post=228151"}],"curies":[{"name":"wp","href":"https:\/\/api.w.org\/{rel}","templated":true}]}}