{"id":228152,"date":"2022-07-08T15:48:13","date_gmt":"2022-07-08T14:48:13","guid":{"rendered":"https:\/\/www.moskito.cz\/produkt\/pevny-noz-extrema-ratio-primo-corso\/"},"modified":"2025-05-07T10:42:32","modified_gmt":"2025-05-07T09:42:32","slug":"pevny-noz-extrema-ratio-primo-corso","status":"publish","type":"product","link":"https:\/\/www.moskito.cz\/sk\/produkt\/pevny-noz-extrema-ratio-primo-corso\/","title":{"rendered":"Pevn\u00fd N\u00f4\u017e Extrema Ratio PRIMO CORSO"},"content":{"rendered":"<p>Pevn\u00fd N\u00f4\u017e Extrema Ratio PRIMO CORSO<\/p>\n<p>PRIMO CORSO je vizu\u00e1lne vern\u00e1 replika d\u00fdky, ktor\u00fa dostali \u010dlenovia Gruppo Operativo Incursori (jednotka \u0161peci\u00e1lnych s\u00edl talianskeho n\u00e1morn\u00edctva) na konci ich prv\u00e9ho v\u00fdcvikov\u00e9ho kurzu v roku 1952. D\u00f4le\u017eit\u00fd kus vojenskej hist\u00f3rie priveden\u00fd sp\u00e4\u0165 na svetlo, kon\u0161truk\u010dne vylep\u0161en\u00fd v\u010faka kobal. K dispoz\u00edcii tie\u017e: PRIMO CORSO \u0160PECI\u00c1LNA ED\u00cdCIA, so sat\u00e9novou \u00fapravou \u010depele, vydan\u00e9 v drevenom p\u00fazdre.<\/p>\n<p>V\u00c1HA G: 284<br \/>\nHMOTNOS\u0164 OZ.: 10<br \/>\nD\u0139\u017dKA \u010cEPELA (MM): 176<br \/>\nD\u0139\u017dKA \u010cEPELA (IN): 6,9<br \/>\nCELKOV\u00c1 D\u0139\u017dKA (MM): 291<br \/>\nCELKOV\u00c1 D\u0139\u017dKA (V): 11,5<br \/>\nH\u013d\u00daBKA \u010cEPELA (MM): 5<br \/>\nH\u013d\u00daBKA \u010cEPELA (IN): 0,2<br \/>\nMATERI\u00c1L \u010cEPELA: B\u00d6HLER N690 STEEL (58HRC)<br \/>\nPOVRCHOV\u00c1 \u00daPRAVA NO\u017dA: LEHENIE MIL-C-13924<br \/>\nHLAVN\u00c1 MRIE\u017dKA: PLOCH\u00c1<br \/>\nMATERI\u00c1L RUKOV\u00c4TI: KO\u017dA<\/p>\n","protected":false},"excerpt":{"rendered":"<p>Spolo\u010dnos\u0165 Extrema Ratio so s\u00eddlom v talianskom Prate navrhuje a vyr\u00e1ba vysoko v\u00fdkonn\u00e9 bojov\u00e9, vojensk\u00e9, kuchynsk\u00e9, loveck\u00e9 a taktick\u00e9 no\u017ee od roku 1997 a m\u00e1 poves\u0165 vynikaj\u00facej kvality, ktor\u00e1 je v odbore vojensk\u00fdch a taktick\u00fdch no\u017eov neprekonate\u013en\u00e1. Doprava zadarmo.<\/p>\n","protected":false},"featured_media":218743,"comment_status":"open","ping_status":"closed","template":"","meta":[],"pwb-brand":[3198],"product_brand":[],"product_cat":[3186,3187],"product_tag":[3668],"class_list":{"0":"post-228152","1":"product","2":"type-product","3":"status-publish","4":"has-post-thumbnail","6":"pwb-brand-extrema-ratio-sk","7":"product_cat-noze-sk","8":"product_cat-pevne-noze-sk","9":"product_tag-b2b-sk","11":"first","12":"instock","13":"taxable","14":"shipping-taxable","15":"purchasable","16":"product-type-simple"},"brands":[{"id":3198,"name":"Extrema Ratio","slug":"extrema-ratio-sk"}],"_links":{"self":[{"href":"https:\/\/www.moskito.cz\/sk\/wp-json\/wp\/v2\/product\/228152","targetHints":{"allow":["GET"]}}],"collection":[{"href":"https:\/\/www.moskito.cz\/sk\/wp-json\/wp\/v2\/product"}],"about":[{"href":"https:\/\/www.moskito.cz\/sk\/wp-json\/wp\/v2\/types\/product"}],"replies":[{"embeddable":true,"href":"https:\/\/www.moskito.cz\/sk\/wp-json\/wp\/v2\/comments?post=228152"}],"wp:featuredmedia":[{"embeddable":true,"href":"https:\/\/www.moskito.cz\/sk\/wp-json\/wp\/v2\/media\/218743"}],"wp:attachment":[{"href":"https:\/\/www.moskito.cz\/sk\/wp-json\/wp\/v2\/media?parent=228152"}],"wp:term":[{"taxonomy":"pwb-brand","embeddable":true,"href":"https:\/\/www.moskito.cz\/sk\/wp-json\/wp\/v2\/pwb-brand?post=228152"},{"taxonomy":"product_brand","embeddable":true,"href":"https:\/\/www.moskito.cz\/sk\/wp-json\/wp\/v2\/product_brand?post=228152"},{"taxonomy":"product_cat","embeddable":true,"href":"https:\/\/www.moskito.cz\/sk\/wp-json\/wp\/v2\/product_cat?post=228152"},{"taxonomy":"product_tag","embeddable":true,"href":"https:\/\/www.moskito.cz\/sk\/wp-json\/wp\/v2\/product_tag?post=228152"}],"curies":[{"name":"wp","href":"https:\/\/api.w.org\/{rel}","templated":true}]}}