{"id":228171,"date":"2022-07-06T20:52:50","date_gmt":"2022-07-06T19:52:50","guid":{"rendered":"https:\/\/www.moskito.cz\/produkt\/zatvaraci-noz-extrema-ratio-bfo-r-cd-desert\/"},"modified":"2025-05-07T10:42:33","modified_gmt":"2025-05-07T09:42:33","slug":"zatvaraci-noz-extrema-ratio-bfo-r-cd-desert","status":"publish","type":"product","link":"https:\/\/www.moskito.cz\/sk\/produkt\/zatvaraci-noz-extrema-ratio-bfo-r-cd-desert\/","title":{"rendered":"Zatv\u00e1rac\u00ed N\u00f4\u017e Extrema Ratio BF\u00d8 R CD DESERT"},"content":{"rendered":"<p>Zatv\u00e1rac\u00ed N\u00f4\u017e Extrema Ratio BF\u00d8 R CD DESERT<\/p>\n<p>Extrema Ratio s hrdos\u0165ou predstavuje nov\u00fa z\u00e1kladn\u00fa zlo\u017eku BF0 R CD. Ide o mal\u00e9 z\u00e1kladn\u00e9 zlo\u017eky. Rukov\u00e4\u0165 vyroben\u00e1 z technopolym\u00e9ru je \u013eahk\u00e1 a odoln\u00e1, a to aj v\u010faka oce\u013eov\u00e9mu vn\u00fatorn\u00e9mu r\u00e1mu. BF0 R CD vyu\u017e\u00edva d\u00f4veryhodn\u00fd syst\u00e9m blokovania \u010depel\u00ed LINER-LOCK. Udr\u017euje v\u0161etky vlastnosti BF0 vylep\u0161en\u00e9 v\u010faka nov\u00e9mu vysokor\u00fdchlostn\u00e9mu syst\u00e9mu otv\u00e1rania britvy. Dostupn\u00e9 verzie: Black, Desert, HCS, Ranger Green, Wolf Grey<\/p>\n<p>V\u00c1HA G.: 53<br \/>\nHMOTNOS\u0164 OZ.: 1,86<br \/>\nD\u0139\u017dKA \u010cEPELA (MM): 55<br \/>\nD\u0139\u017dKA \u010cEPELA (IN): 2,16<br \/>\nCELKOV\u00c1 D\u0139\u017dKA (MM): 140<br \/>\nCELKOV\u00c1 D\u0139\u017dKA (V): 5,51<br \/>\nH\u013d\u00daBKA \u010cEPELA (MM): 2,5<br \/>\nH\u013d\u00daBKA \u010cEPELA (IN): 0,098<br \/>\nMATERI\u00c1L \u010cEPELA: B\u00d6HLER N690 STEEL (58HRC)<br \/>\nPOVRCHOV\u00c1 \u00daPRAVA \u010cEPE\u013dA: UM\u00ddT\u00dd KAMENOM<br \/>\nHLAVN\u00c1 MRIE\u017dKA: PLOCH\u00c1<br \/>\nMATERI\u00c1L RUKOV\u00c4TI: NYLON<\/p>\n","protected":false},"excerpt":{"rendered":"<p>Zatv\u00e1rac\u00ed N\u00f4\u017e Extrema Ratio RAO DESERT WARFARE<\/p>\n<p>V j\u00fani 2006, \u201e185\u00b0 Rgt. Ricognizione e Acquisizione Obiettivi\u201c (Cie\u013eov\u00fd akvizi\u010dn\u00fd pluk) v\u00fdsadkov\u00fd \u201eFOLGORE\u201c (185\u00b0 RAO) zveril spolo\u010dnosti Extrema Ratio v\u00fdvoj jedine\u010dn\u00e9ho no\u017ea, ktor\u00fd by vyhovoval \u0161pecifick\u00fdm prev\u00e1dzkov\u00fdm povinnostiam jednotky. V\u00fdsledkom je RAO: nie pr\u00edli\u0161 ve\u013ek\u00e1 zlo\u017eka ako kompaktn\u00fd n\u00f4\u017e na pre\u017eitie a ter\u00e9nny n\u00f4\u017e s \u0165a\u017ekou a spo\u013eahlivou \u010depe\u013eou. Jeho ve\u013emi spo\u013eahliv\u00fd uzamykac\u00ed syst\u00e9m, podporovan\u00fd zvl\u00e1\u0161tnym bezpe\u010dnostn\u00fdm zariaden\u00edm, \u00fa\u010dinne premen\u00ed tento sklada\u010d na pevn\u00fd n\u00f4\u017e. Otv\u00e1ranie a zatv\u00e1ranie je potrebn\u00e9 vykon\u00e1va\u0165 oboma rukami, aby sa minimalizovalo riziko sebapo\u0161kodenia, preto\u017ee \u010depe\u013e je v\u010faka svojej hmotnosti skuto\u010dnou gilot\u00ednou. Mimoriadne bezpe\u010dn\u00fdm zariaden\u00edm je oce\u013eov\u00fd kol\u00edk, ktor\u00fd je mo\u017en\u00e9 ru\u010dne preskrutkova\u0165 dvoma otvormi ochrann\u00fdm dielom mas\u00edvnej antikorod\u00e1lnej hlin\u00edkovej rukov\u00e4te \u2013 jeho pr\u00edtomnos\u0165 medzi \u010depe\u013eou a rukou tie\u017e p\u00f4sob\u00ed ako ve\u013ek\u00e9 psychologick\u00e9 po\u017eehnanie. Po\u0161va je nevyhnutnou s\u00fa\u010das\u0165ou tohto zbra\u0148ov\u00e9ho syst\u00e9mu: obsahuje diamantov\u00fd br\u00fasik a umo\u017e\u0148uje u\u017e\u00edvate\u013eovi nosi\u0165 n\u00f4\u017e bu\u010f v otvorenej polohe, dr\u017ean\u00fd na mieste \u0161n\u00farkou a dvoma sponami, alebo zatvoren\u00fd vo vn\u00fatri predn\u00e9ho vrecka. Po\u0161vu je mo\u017en\u00e9 pripevni\u0165 na taktick\u00e9 vesty alebo be\u017en\u00e9 opasky, preto\u017ee je kompatibiln\u00fd so syst\u00e9mom MOLLE. Dostupn\u00e9 verzie: RAO BLACK, RAO BLACK RUVIDO, RAO DESERT WARFARE.<\/p>\n<p>V\u00c1HA G: 335<br \/>\nHMOTNOS\u0164 OZ.: 11,8<br \/>\nD\u0139\u017dKA \u010cEPELA (MM): 119<br \/>\nD\u0139\u017dKA \u010cEPELA (IN): 4,7<br \/>\nCELKOV\u00c1 D\u0139\u017dKA (MM): 263<br \/>\nCELKOV\u00c1 D\u0139\u017dKA (IN): 10,4<br \/>\nH\u013d\u00daBKA \u010cEPELA (MM): 6<br \/>\nH\u013d\u00daBKA \u010cEPELA (IN): 0,24<br \/>\nMATERI\u00c1L \u010cEPELA: B\u00d6HLER N690 STEEL (58HRC)<br \/>\nPOVRCHOV\u00c1 \u00daPRAVA \u010cEPEL\u00cd: P\u00da\u0160TNA VOJNA<br \/>\nHLAVN\u00c1 MRIE\u017dKA: PLOCH\u00c1<br \/>\nMATERI\u00c1L RUKOV\u00c4TI: ANTIKOROD\u00c1LNY ELOXOVAN\u00dd HLIN\u00cdK<\/p>\n","protected":false},"featured_media":218537,"comment_status":"open","ping_status":"closed","template":"","meta":[],"pwb-brand":[3198],"product_brand":[],"product_cat":[3186,3233],"product_tag":[3668],"class_list":{"0":"post-228171","1":"product","2":"type-product","3":"status-publish","4":"has-post-thumbnail","6":"pwb-brand-extrema-ratio-sk","7":"product_cat-noze-sk","8":"product_cat-zatvaracie-noze","9":"product_tag-b2b-sk","11":"first","12":"instock","13":"taxable","14":"shipping-taxable","15":"purchasable","16":"product-type-simple"},"brands":[{"id":3198,"name":"Extrema Ratio","slug":"extrema-ratio-sk"}],"_links":{"self":[{"href":"https:\/\/www.moskito.cz\/sk\/wp-json\/wp\/v2\/product\/228171","targetHints":{"allow":["GET"]}}],"collection":[{"href":"https:\/\/www.moskito.cz\/sk\/wp-json\/wp\/v2\/product"}],"about":[{"href":"https:\/\/www.moskito.cz\/sk\/wp-json\/wp\/v2\/types\/product"}],"replies":[{"embeddable":true,"href":"https:\/\/www.moskito.cz\/sk\/wp-json\/wp\/v2\/comments?post=228171"}],"wp:featuredmedia":[{"embeddable":true,"href":"https:\/\/www.moskito.cz\/sk\/wp-json\/wp\/v2\/media\/218537"}],"wp:attachment":[{"href":"https:\/\/www.moskito.cz\/sk\/wp-json\/wp\/v2\/media?parent=228171"}],"wp:term":[{"taxonomy":"pwb-brand","embeddable":true,"href":"https:\/\/www.moskito.cz\/sk\/wp-json\/wp\/v2\/pwb-brand?post=228171"},{"taxonomy":"product_brand","embeddable":true,"href":"https:\/\/www.moskito.cz\/sk\/wp-json\/wp\/v2\/product_brand?post=228171"},{"taxonomy":"product_cat","embeddable":true,"href":"https:\/\/www.moskito.cz\/sk\/wp-json\/wp\/v2\/product_cat?post=228171"},{"taxonomy":"product_tag","embeddable":true,"href":"https:\/\/www.moskito.cz\/sk\/wp-json\/wp\/v2\/product_tag?post=228171"}],"curies":[{"name":"wp","href":"https:\/\/api.w.org\/{rel}","templated":true}]}}