{"id":228181,"date":"2022-07-06T12:54:19","date_gmt":"2022-07-06T11:54:19","guid":{"rendered":"https:\/\/www.moskito.cz\/produkt\/zatvaraci-noz-extrema-ratio-mf0-d-black-ruvido\/"},"modified":"2025-05-07T10:42:35","modified_gmt":"2025-05-07T09:42:35","slug":"zatvaraci-noz-extrema-ratio-mf0-d-black-ruvido","status":"publish","type":"product","link":"https:\/\/www.moskito.cz\/sk\/produkt\/zatvaraci-noz-extrema-ratio-mf0-d-black-ruvido\/","title":{"rendered":"Zatv\u00e1rac\u00ed N\u00f4\u017e Extrema Ratio MF0 D BLACK RUVIDO"},"content":{"rendered":"<p>Zatv\u00e1rac\u00ed N\u00f4\u017e Extrema Ratio MF0 D BLACK RUVIDO<\/p>\n<p>MF je skratka pre Medium Folder. Tento rad no\u017eov sa hod\u00ed medzi s\u00e9rie Basic Folders a Heavy Folders. Typick\u00fdm mechanizmom radu je LINER-LOCK. Celkov\u00e1 kon\u0161trukcia je robustn\u00e1. V\u0161etky no\u017ee radu MF maj\u00fa zadn\u00fd rozb\u00edja\u010d skla. Vyzna\u010duj\u00fa sa tie\u017e inov\u00e1ciou nastavovacej skrutky na \u010dape \u010depele. Odstr\u00e1nen\u00edm protiskrutku je mo\u017en\u00e9 utiahnu\u0165 alebo povoli\u0165 centr\u00e1lny \u010dap pod\u013ea potreby, aby sa dosiahla po\u017eadovan\u00e1 plynulos\u0165 otv\u00e1rania. Na upevnenie nastavenia bude sta\u010di\u0165 znovu zaisti\u0165 \u010dapov\u00fa skrutku protiskrutkou. Pologu\u013eov\u00e9 dr\u00e1\u017eky na rukov\u00e4tiach u\u013eah\u010duj\u00fa zmenu \u00fachopu z &#8222;\u0161avlov\u00e9ho \u00fachopu&#8220; na &#8222;reverzn\u00fd \u00fachop&#8220;. Klip je reverzibiln\u00fd. MF0 je &#8222;mal\u00fd&#8220; z radu MF av podstate kompaktn\u00e1 verzia MF1, preto\u017ee si zachov\u00e1va v\u0161etky svoje vlastnosti okrem d\u013a\u017eky rukov\u00e4te skr\u00e1tenej na minimum a \u010depele, ktor\u00e1 je po skr\u00e1ten\u00ed ve\u013emi podobn\u00e1 z\u00e1lo\u017enej \u010depeli SHRAPNEL OG . Dostupn\u00e9 vo verzi\u00e1ch MF0 BLACK, MF0 BLACK ROUGH, MF0 DESERT WARFARE.<\/p>\n<p>V\u00c1HA G: 139<br \/>\nHMOTNOS\u0164 OZ .: 4.9<br \/>\nD\u0139\u017dKA \u010cEPELA (MM): 68<br \/>\nD\u0139\u017dKA \u010cEPELA (IN): 2,7<br \/>\nCELKOV\u00c1 D\u0139\u017dKA (MM): 181<br \/>\nCELKOV\u00c1 D\u0139\u017dKA (IN): 7.1<br \/>\nH\u013d\u00daBKA \u010cEPELA (MM): 4<br \/>\nH\u013d\u00daBKA \u010cEPELA (IN): 0,16<br \/>\nMATERI\u00c1L \u010cEPELA: B\u00d6HLER N690 STEEL (58HRC)<br \/>\nPOVRCHOV\u00c1 \u00daPRAVA NO\u017dA: MIL-C-13924 BURNISH<br \/>\n\u0160\u00cdPKA \u010cEPELA: PLOCH\u00dd DR\u00d4T<br \/>\nMATERI\u00c1L RUKOV\u00c4TI: ELOXOVAN\u00dd ANTIKOROD\u00c1LNY HLIN\u00cdK<\/p>\n","protected":false},"excerpt":{"rendered":"<p>Spolo\u010dnos\u0165 Extrema Ratio so s\u00eddlom v talianskom Prate navrhuje a vyr\u00e1ba vysoko v\u00fdkonn\u00e9 bojov\u00e9, vojensk\u00e9, kuchynsk\u00e9, loveck\u00e9 a taktick\u00e9 no\u017ee od roku 1997 a m\u00e1 poves\u0165 vynikaj\u00facej kvality, ktor\u00e1 je v odbore vojensk\u00fdch a taktick\u00fdch no\u017eov neprekonate\u013en\u00e1. Doprava zadarmo.<\/p>\n","protected":false},"featured_media":218381,"comment_status":"open","ping_status":"closed","template":"","meta":[],"pwb-brand":[3198],"product_brand":[],"product_cat":[3186,3233],"product_tag":[3668],"class_list":{"0":"post-228181","1":"product","2":"type-product","3":"status-publish","4":"has-post-thumbnail","6":"pwb-brand-extrema-ratio-sk","7":"product_cat-noze-sk","8":"product_cat-zatvaracie-noze","9":"product_tag-b2b-sk","11":"first","12":"instock","13":"taxable","14":"shipping-taxable","15":"purchasable","16":"product-type-simple"},"brands":[{"id":3198,"name":"Extrema Ratio","slug":"extrema-ratio-sk"}],"_links":{"self":[{"href":"https:\/\/www.moskito.cz\/sk\/wp-json\/wp\/v2\/product\/228181","targetHints":{"allow":["GET"]}}],"collection":[{"href":"https:\/\/www.moskito.cz\/sk\/wp-json\/wp\/v2\/product"}],"about":[{"href":"https:\/\/www.moskito.cz\/sk\/wp-json\/wp\/v2\/types\/product"}],"replies":[{"embeddable":true,"href":"https:\/\/www.moskito.cz\/sk\/wp-json\/wp\/v2\/comments?post=228181"}],"wp:featuredmedia":[{"embeddable":true,"href":"https:\/\/www.moskito.cz\/sk\/wp-json\/wp\/v2\/media\/218381"}],"wp:attachment":[{"href":"https:\/\/www.moskito.cz\/sk\/wp-json\/wp\/v2\/media?parent=228181"}],"wp:term":[{"taxonomy":"pwb-brand","embeddable":true,"href":"https:\/\/www.moskito.cz\/sk\/wp-json\/wp\/v2\/pwb-brand?post=228181"},{"taxonomy":"product_brand","embeddable":true,"href":"https:\/\/www.moskito.cz\/sk\/wp-json\/wp\/v2\/product_brand?post=228181"},{"taxonomy":"product_cat","embeddable":true,"href":"https:\/\/www.moskito.cz\/sk\/wp-json\/wp\/v2\/product_cat?post=228181"},{"taxonomy":"product_tag","embeddable":true,"href":"https:\/\/www.moskito.cz\/sk\/wp-json\/wp\/v2\/product_tag?post=228181"}],"curies":[{"name":"wp","href":"https:\/\/api.w.org\/{rel}","templated":true}]}}