{"id":228182,"date":"2022-07-05T23:31:08","date_gmt":"2022-07-05T22:31:08","guid":{"rendered":"https:\/\/www.moskito.cz\/produkt\/zatvaraci-noz-extrema-ratio-bf1-ct-black\/"},"modified":"2025-05-07T10:42:35","modified_gmt":"2025-05-07T09:42:35","slug":"zatvaraci-noz-extrema-ratio-bf1-ct-black","status":"publish","type":"product","link":"https:\/\/www.moskito.cz\/sk\/produkt\/zatvaraci-noz-extrema-ratio-bf1-ct-black\/","title":{"rendered":"Zatv\u00e1rac\u00ed N\u00f4\u017e Extrema Ratio BF1 CT BLACK"},"content":{"rendered":"<p>Zatv\u00e1rac\u00ed N\u00f4\u017e <strong>Extrema Ratio<\/strong> BF1 CT BLACK<\/p>\n<p>BF1 je uzamykate\u013en\u00fd na ka\u017edodenn\u00e9 pou\u017eitie, jednoduch\u00fd, nevyhnutn\u00fd a funk\u010dn\u00fd. \u010cepe\u013e, v\u00fdhradne le\u0161ten\u00e1, m\u00e1 ploch\u00e9 ostrie a \u0161pi\u010dka je obzvl\u00e1\u0161\u0165 siln\u00e1 a odoln\u00e1. Rukov\u00e4\u0165, tie\u017e le\u0161ten\u00e1, m\u00e1 charakteristick\u00e9 zn\u00ed\u017een\u00e9 plochy pre z\u00e1ber s otv\u00e1rac\u00edmi \u201e\u010dapmi\u201c bez toho, aby vy\u010dnievala z profilu zatvoren\u00e9ho no\u017ea. Obojstrann\u00e1 spona je umiestnen\u00e1 za \u010depe\u013eou a obop\u00edna \u010depe\u013e no\u017ea tak, aby ju v pr\u00edpade vlo\u017eenia do vrecka \u00faplne skryla. Uzamykac\u00ed mechanizmus \u010depele je osved\u010den\u00fd LINER-LOCK. Dostupn\u00e9 vo verzi\u00e1ch: BF1 CT BLACK, BF1 CT BLACK RUVIDO, BF1 CT DESERT WARFARE, BF1 BLACK CD, BF1 BLACK RUVIDO CD, BF1 DESERT WARFARE CD.<\/p>\n<p>PESO G.: 88<br \/>\nPESO OZ.: 3,1<br \/>\nLUNGHEZZA LAMA (MM): 69<br \/>\nLUNGHEZZA LAMA (IN): 2.7<br \/>\nLUNGHEZZA TOTALE (MM): 171<br \/>\nLUNGHEZZA TOTALE (IN): 6,7<br \/>\nSPESSORE LAMA (MM): 3<br \/>\nSPESSORE LAMA (IN): 0,12<br \/>\nMATERIALA LAMA: ACCIAIO B\u00d6HLER N690 (58HRC)<br \/>\nFINIT\u00daRA LAMA: BRUNITURA MIL-C-13924<br \/>\nARROTATURA LAMA: FILO PIANO<br \/>\nMATERIALA IMPUGNATURA: ALLUMINIO ANTICORODAL ANODIZZATO<\/p>\n","protected":false},"excerpt":{"rendered":"<p>Spolo\u010dnos\u0165 <strong>Extrema Ratio<\/strong> so s\u00eddlom v talianskom Prate navrhuje a vyr\u00e1ba vysoko v\u00fdkonn\u00e9 bojov\u00e9, vojensk\u00e9, kuchynsk\u00e9, loveck\u00e9 a taktick\u00e9 no\u017ee od roku 1997 a m\u00e1 poves\u0165 vynikaj\u00facej kvality, ktor\u00e1 je v odbore vojensk\u00fdch a taktick\u00fdch no\u017eov neprekonate\u013en\u00e1. <strong>Doprava zadarmo.<\/strong><\/p>\n","protected":false},"featured_media":218358,"comment_status":"open","ping_status":"closed","template":"","meta":[],"pwb-brand":[3198],"product_brand":[],"product_cat":[3186,3233],"product_tag":[3668],"class_list":{"0":"post-228182","1":"product","2":"type-product","3":"status-publish","4":"has-post-thumbnail","6":"pwb-brand-extrema-ratio-sk","7":"product_cat-noze-sk","8":"product_cat-zatvaracie-noze","9":"product_tag-b2b-sk","11":"first","12":"instock","13":"taxable","14":"shipping-taxable","15":"purchasable","16":"product-type-simple"},"brands":[{"id":3198,"name":"Extrema Ratio","slug":"extrema-ratio-sk"}],"_links":{"self":[{"href":"https:\/\/www.moskito.cz\/sk\/wp-json\/wp\/v2\/product\/228182","targetHints":{"allow":["GET"]}}],"collection":[{"href":"https:\/\/www.moskito.cz\/sk\/wp-json\/wp\/v2\/product"}],"about":[{"href":"https:\/\/www.moskito.cz\/sk\/wp-json\/wp\/v2\/types\/product"}],"replies":[{"embeddable":true,"href":"https:\/\/www.moskito.cz\/sk\/wp-json\/wp\/v2\/comments?post=228182"}],"wp:featuredmedia":[{"embeddable":true,"href":"https:\/\/www.moskito.cz\/sk\/wp-json\/wp\/v2\/media\/218358"}],"wp:attachment":[{"href":"https:\/\/www.moskito.cz\/sk\/wp-json\/wp\/v2\/media?parent=228182"}],"wp:term":[{"taxonomy":"pwb-brand","embeddable":true,"href":"https:\/\/www.moskito.cz\/sk\/wp-json\/wp\/v2\/pwb-brand?post=228182"},{"taxonomy":"product_brand","embeddable":true,"href":"https:\/\/www.moskito.cz\/sk\/wp-json\/wp\/v2\/product_brand?post=228182"},{"taxonomy":"product_cat","embeddable":true,"href":"https:\/\/www.moskito.cz\/sk\/wp-json\/wp\/v2\/product_cat?post=228182"},{"taxonomy":"product_tag","embeddable":true,"href":"https:\/\/www.moskito.cz\/sk\/wp-json\/wp\/v2\/product_tag?post=228182"}],"curies":[{"name":"wp","href":"https:\/\/api.w.org\/{rel}","templated":true}]}}