{"id":228183,"date":"2022-07-05T23:00:58","date_gmt":"2022-07-05T22:00:58","guid":{"rendered":"https:\/\/www.moskito.cz\/produkt\/zatvaraci-noz-extrema-ratio-bf2-cd-black\/"},"modified":"2025-05-07T10:42:36","modified_gmt":"2025-05-07T09:42:36","slug":"zatvaraci-noz-extrema-ratio-bf2-cd-black","status":"publish","type":"product","link":"https:\/\/www.moskito.cz\/sk\/produkt\/zatvaraci-noz-extrema-ratio-bf2-cd-black\/","title":{"rendered":"Zatv\u00e1rac\u00ed N\u00f4\u017e Extrema Ratio BF2 CD BLACK"},"content":{"rendered":"<p>Zatv\u00e1rac\u00ed N\u00f4\u017e Extrema Ratio BF2 CD BLACK<\/p>\n<p>BF2 je uzamykate\u013en\u00fd &#8222;plnej ve\u013ekosti&#8220; obzvl\u00e1\u0161\u0165 vhodn\u00fd pre profesion\u00e1lne pou\u017eitie vojensk\u00fdmi a policajn\u00fdmi oper\u00e1tormi v ter\u00e9ne. Rukov\u00e4\u0165 je pevn\u00e1 a pohodln\u00e1; spona, obojstrann\u00e1 a obop\u00ednaj\u00faca, sa st\u00e1va u\u017eito\u010dnou a pohodlnou oporou pre palec pri \u201eobr\u00e1tenom \u00fachope\u201c. Rukov\u00e4\u0165 je pln\u00e1 s charakteristick\u00fdmi zn\u00ed\u017een\u00fdmi plochami pre z\u00e1ber s otv\u00e1rac\u00edmi \u201e\u010dapmi\u201c bez toho, aby vy\u010dnievali z profilu zatvoren\u00e9ho no\u017ea. \u010cepe\u013e, dostupn\u00e1 vo verzii drop alebo lot, m\u00e1 ploch\u00e9 ostrie a ako pri BF1 obzvl\u00e1\u0161\u0165 siln\u00fa a odoln\u00fa \u0161pi\u010dku. Uzamykac\u00ed mechanizmus \u010depele je osved\u010den\u00fd LINER-LOCK, ktor\u00e9mu pom\u00e1ha bezpe\u010dnostn\u00fd mechanizmus pre ru\u010dn\u00e9 ovl\u00e1danie chr\u00e1nen\u00fd krytom. Dostupn\u00e9 vo verzi\u00e1ch BF2 CT BLACK, BF2 CT BLACK RUVIDO, BF2 CT DESERT WARFARE, BF2 CT STONE WASHED, BF2 BLACK CD, BF2 BLACK CD RUVIDO, BF2 DESERT CD WARFARE, BF2 CD WASHED STONE.<\/p>\n<p>HMOTNOS\u0164 G: 142<br \/>\nHMOTNOS\u0164 OZ: 5<br \/>\nD\u0139\u017dKA \u010cEPELA (MM): 87<br \/>\nD\u0139\u017dKA \u010cEPELA (IN): 3,4<br \/>\nCELKOV\u00c1 D\u0139\u017dKA (MM): 213<br \/>\nCELKOV\u00c1 D\u0139\u017dKA (IN): 8,4<br \/>\nH\u013d\u00daBKA \u010cEPELA (MM): 3<br \/>\nH\u013d\u00daBKA \u010cEPELA (IN): 0,12<br \/>\nMATERI\u00c1L \u010cEPELA: B\u00d6HLER N690 STEEL (58HRC)<br \/>\nPOVRCHOV\u00c1 \u00daPRAVA NO\u017dA: MIL-C-13924 BURNISH<br \/>\n\u0160\u00cdPKA \u010cEPELA: PLOCH\u00dd DR\u00d4T<br \/>\nMATERI\u00c1L RUKOV\u00c4TI: ELOXOVAN\u00dd ANTIKOROD\u00c1LNY HLIN\u00cdK<\/p>\n","protected":false},"excerpt":{"rendered":"<p>Spolo\u010dnos\u0165 Extrema Ratio so s\u00eddlom v talianskom Prate navrhuje a vyr\u00e1ba vysoko v\u00fdkonn\u00e9 bojov\u00e9, vojensk\u00e9, kuchynsk\u00e9, loveck\u00e9 a taktick\u00e9 no\u017ee od roku 1997 a m\u00e1 poves\u0165 vynikaj\u00facej kvality, ktor\u00e1 je v odbore vojensk\u00fdch a taktick\u00fdch no\u017eov neprekonate\u013en\u00e1. Doprava zadarmo.<\/p>\n","protected":false},"featured_media":218344,"comment_status":"open","ping_status":"closed","template":"","meta":[],"pwb-brand":[3198],"product_brand":[],"product_cat":[3233,3186],"product_tag":[3668],"class_list":{"0":"post-228183","1":"product","2":"type-product","3":"status-publish","4":"has-post-thumbnail","6":"pwb-brand-extrema-ratio-sk","7":"product_cat-zatvaracie-noze","8":"product_cat-noze-sk","9":"product_tag-b2b-sk","11":"first","12":"instock","13":"taxable","14":"shipping-taxable","15":"purchasable","16":"product-type-simple"},"brands":[{"id":3198,"name":"Extrema Ratio","slug":"extrema-ratio-sk"}],"_links":{"self":[{"href":"https:\/\/www.moskito.cz\/sk\/wp-json\/wp\/v2\/product\/228183","targetHints":{"allow":["GET"]}}],"collection":[{"href":"https:\/\/www.moskito.cz\/sk\/wp-json\/wp\/v2\/product"}],"about":[{"href":"https:\/\/www.moskito.cz\/sk\/wp-json\/wp\/v2\/types\/product"}],"replies":[{"embeddable":true,"href":"https:\/\/www.moskito.cz\/sk\/wp-json\/wp\/v2\/comments?post=228183"}],"wp:featuredmedia":[{"embeddable":true,"href":"https:\/\/www.moskito.cz\/sk\/wp-json\/wp\/v2\/media\/218344"}],"wp:attachment":[{"href":"https:\/\/www.moskito.cz\/sk\/wp-json\/wp\/v2\/media?parent=228183"}],"wp:term":[{"taxonomy":"pwb-brand","embeddable":true,"href":"https:\/\/www.moskito.cz\/sk\/wp-json\/wp\/v2\/pwb-brand?post=228183"},{"taxonomy":"product_brand","embeddable":true,"href":"https:\/\/www.moskito.cz\/sk\/wp-json\/wp\/v2\/product_brand?post=228183"},{"taxonomy":"product_cat","embeddable":true,"href":"https:\/\/www.moskito.cz\/sk\/wp-json\/wp\/v2\/product_cat?post=228183"},{"taxonomy":"product_tag","embeddable":true,"href":"https:\/\/www.moskito.cz\/sk\/wp-json\/wp\/v2\/product_tag?post=228183"}],"curies":[{"name":"wp","href":"https:\/\/api.w.org\/{rel}","templated":true}]}}