{"id":228192,"date":"2022-07-05T13:02:12","date_gmt":"2022-07-05T12:02:12","guid":{"rendered":"https:\/\/www.moskito.cz\/produkt\/zatvaraci-noz-extrema-ratio-resolza-8-black\/"},"modified":"2025-05-07T10:42:37","modified_gmt":"2025-05-07T09:42:37","slug":"zatvaraci-noz-extrema-ratio-resolza-8-black","status":"publish","type":"product","link":"https:\/\/www.moskito.cz\/sk\/produkt\/zatvaraci-noz-extrema-ratio-resolza-8-black\/","title":{"rendered":"Zatv\u00e1rac\u00ed N\u00f4\u017e Extrema Ratio RESOLZA 8 Black"},"content":{"rendered":"<p>Zatv\u00e1rac\u00ed N\u00f4\u017e Extrema Ratio RESOLZA 8 Black.<\/p>\n<p>RESOLZA, term\u00edn starovek\u00e9ho p\u00f4vodu, je dnes jedn\u00fdm z najzn\u00e1mej\u0161\u00edch tradi\u010dn\u00fdch no\u017eov na\u0161ej krajiny. Nie je n\u00e1hodou, \u017ee n\u00e1zov napoved\u00e1 alebo \u017eiletke. Zrodilo sa pred st\u00e1ro\u010diami na Sard\u00ednii a dodnes sprev\u00e1dza svojich obyvate\u013eov v ka\u017edodennej pr\u00e1ci ro\u013en\u00edka a pastiera a nasleduje ich, aj ke\u010f boli jeho mu\u017ei povolan\u00ed do vojny. Kroniky brig\u00e1dy Sassari po\u010das prvej svetovej vojny spom\u00ednaj\u00fa tento n\u00f4\u017e medzi vybaven\u00edm ich vojakov. Chceli sme mu vzd\u00e1va\u0165 hold t\u00fdm, \u017ee ju znovu nav\u0161t\u00edvime pod\u013ea na\u0161ich k\u00e1nonov bez toho, aby sme chceli urobi\u0165 nie\u010do zl\u00e9 na niektor\u00fdch z prest\u00ed\u017enych sard\u00ednskych aritigianedj\u0159id\u00edv Rozmery a n\u00e1vrh s\u00fa p\u00f4vodn\u00e9, ale materi\u00e1ly a technol\u00f3gie s\u00fa na\u0161e v\u00fdroby; rukov\u00e4\u0165 revidovan\u00e1 v na\u0161om \u0161t\u00fdle, \u010depe\u013e najvernej\u0161ej trad\u00edcie. Okrem origin\u00e1lu m\u00e1 pri otvore z\u00e1mku \u010depele. RESOLZA S je zmen\u0161en\u00e1 verzia modelu RESOLZA. Dostupn\u00e9 vo verzi\u00e1ch RESOLZA S BLACK, RESOLZA S STONE WASHED.<\/p>\n<p>V\u00c1HA G: 36<br \/>\nHMOTNOS\u0164 OZ: 1,26<br \/>\nD\u0139\u017dKA \u010cEPELA (MM): 79<br \/>\nD\u0139\u017dKA \u010cEPELA (IN): 3.11<br \/>\nCELKOV\u00c1 D\u0139\u017dKA (MM): 173<br \/>\nCELKOV\u00c1 D\u0139\u017dKA (V): 6,81<br \/>\nH\u013d\u00daBKA \u010cEPELA (MM): 3<br \/>\nH\u013d\u00daBKA \u010cEPELA (IN): 0,12<br \/>\nMATERI\u00c1L \u010cEPELA: B\u00d6HLER N690 STEEL (58HRC)<br \/>\nPOVRCHOV\u00c1 \u00daPRAVA NO\u017dA: MIL-C-13924 BURNISH<br \/>\n\u0160\u00cdPKA \u010cEPELA: PLOCH\u00dd DR\u00d4T<br \/>\nMATERI\u00c1L RUKOV\u00c4TI: ELOXOVAN\u00dd ANTIKOROD\u00c1LNY HLIN\u00cdK<\/p>\n","protected":false},"excerpt":{"rendered":"<p>Zatv\u00e1rac\u00ed N\u00f4\u017e Extrema Ratio RESOLZA 8 Black. RESOLZA, term\u00edn starovek\u00e9ho p\u00f4vodu, je dnes jedn\u00fdm z najzn\u00e1mej\u0161\u00edch tradi\u010dn\u00fdch no\u017eov na\u0161ej krajiny. Nie je n\u00e1hodou, \u017ee n\u00e1zov napoved\u00e1 alebo \u017eiletke. Zrodilo sa pred st\u00e1ro\u010diami na Sard\u00ednii a dodnes sprev\u00e1dza svojich obyvate\u013eov v ka\u017edodennej pr\u00e1ci ro\u013en\u00edka a pastiera a nasleduje ich, aj ke\u010f boli jeho mu\u017ei povolan\u00ed do [&hellip;]<\/p>\n","protected":false},"featured_media":218210,"comment_status":"open","ping_status":"closed","template":"","meta":[],"pwb-brand":[3198],"product_brand":[],"product_cat":[3233,3186],"product_tag":[3668],"class_list":{"0":"post-228192","1":"product","2":"type-product","3":"status-publish","4":"has-post-thumbnail","6":"pwb-brand-extrema-ratio-sk","7":"product_cat-zatvaracie-noze","8":"product_cat-noze-sk","9":"product_tag-b2b-sk","11":"first","12":"outofstock","13":"taxable","14":"shipping-taxable","15":"purchasable","16":"product-type-simple"},"brands":[{"id":3198,"name":"Extrema Ratio","slug":"extrema-ratio-sk"}],"_links":{"self":[{"href":"https:\/\/www.moskito.cz\/sk\/wp-json\/wp\/v2\/product\/228192","targetHints":{"allow":["GET"]}}],"collection":[{"href":"https:\/\/www.moskito.cz\/sk\/wp-json\/wp\/v2\/product"}],"about":[{"href":"https:\/\/www.moskito.cz\/sk\/wp-json\/wp\/v2\/types\/product"}],"replies":[{"embeddable":true,"href":"https:\/\/www.moskito.cz\/sk\/wp-json\/wp\/v2\/comments?post=228192"}],"wp:featuredmedia":[{"embeddable":true,"href":"https:\/\/www.moskito.cz\/sk\/wp-json\/wp\/v2\/media\/218210"}],"wp:attachment":[{"href":"https:\/\/www.moskito.cz\/sk\/wp-json\/wp\/v2\/media?parent=228192"}],"wp:term":[{"taxonomy":"pwb-brand","embeddable":true,"href":"https:\/\/www.moskito.cz\/sk\/wp-json\/wp\/v2\/pwb-brand?post=228192"},{"taxonomy":"product_brand","embeddable":true,"href":"https:\/\/www.moskito.cz\/sk\/wp-json\/wp\/v2\/product_brand?post=228192"},{"taxonomy":"product_cat","embeddable":true,"href":"https:\/\/www.moskito.cz\/sk\/wp-json\/wp\/v2\/product_cat?post=228192"},{"taxonomy":"product_tag","embeddable":true,"href":"https:\/\/www.moskito.cz\/sk\/wp-json\/wp\/v2\/product_tag?post=228192"}],"curies":[{"name":"wp","href":"https:\/\/api.w.org\/{rel}","templated":true}]}}