{"id":228196,"date":"2022-06-09T13:18:32","date_gmt":"2022-06-09T12:18:32","guid":{"rendered":"https:\/\/www.moskito.cz\/produkt\/pevny-noz-extrema-ratio-t4000-c-satin\/"},"modified":"2025-05-07T10:42:38","modified_gmt":"2025-05-07T09:42:38","slug":"pevny-noz-extrema-ratio-t4000-c-satin","status":"publish","type":"product","link":"https:\/\/www.moskito.cz\/sk\/produkt\/pevny-noz-extrema-ratio-t4000-c-satin\/","title":{"rendered":"Pevn\u00fd N\u00f4\u017e Extrema Ratio T4000 C SATIN"},"content":{"rendered":"<p>Pevn\u00fd N\u00f4\u017e Extrema Ratio T4000 C SATIN.<\/p>\n<p>T4000 C pokra\u010duje v naj\u010distej\u0161ej kolekcii Extrema Ratio tanto pre t\u00fdch, ktor\u00ed miluj\u00fa \u010depele s japonsk\u00fdm profilom, ale nechc\u00fa sa vzda\u0165 typick\u00fdch taktick\u00fdch doplnkov, ako je rukov\u00e4\u0165 a puzdro. Dostupn\u00e9 v \u010diernej a sat\u00e9novej verzii.<\/p>\n<p>Hmotnos\u0165 g.: 196,0<br \/>\nhmotnos\u0165 unca: 6,9<br \/>\nD\u013a\u017eka \u010depele (mm): 104<br \/>\nD\u013a\u017eka \u010depele (palca): 4.1<br \/>\nCelkov\u00e1 d\u013a\u017eka (mm): 208<br \/>\nCelkov\u00e1 d\u013a\u017eka (palce): 8,2<br \/>\nHr\u00fabka \u010depele (mm): 4,0<br \/>\nHr\u00fabka \u010depele (palca): 0,16<br \/>\nMateri\u00e1l \u010depele: B\u00f6HLER N690 STEEL (58HRC)<br \/>\nPovrchov\u00e1 \u00faprava \u010depele: SATIN<br \/>\nHlavn\u00e1 mrie\u017eka: PLOCH\u00c1<br \/>\nMateri\u00e1l rukov\u00e4te: FORPRENE<\/p>\n","protected":false},"excerpt":{"rendered":"<p>Spolo\u010dnos\u0165 Extrema Ratio so s\u00eddlom v talianskom Prate navrhuje a vyr\u00e1ba vysoko v\u00fdkonn\u00e9 bojov\u00e9, vojensk\u00e9, kuchynsk\u00e9, loveck\u00e9 a taktick\u00e9 no\u017ee od roku 1997 a m\u00e1 poves\u0165 vynikaj\u00facej kvality, ktor\u00e1 je v odbore vojensk\u00fdch a taktick\u00fdch no\u017eov neprekonate\u013en\u00e1. Doprava zadarmo.<\/p>\n","protected":false},"featured_media":217178,"comment_status":"open","ping_status":"closed","template":"","meta":[],"pwb-brand":[3198],"product_brand":[],"product_cat":[3186,3187],"product_tag":[3668],"class_list":{"0":"post-228196","1":"product","2":"type-product","3":"status-publish","4":"has-post-thumbnail","6":"pwb-brand-extrema-ratio-sk","7":"product_cat-noze-sk","8":"product_cat-pevne-noze-sk","9":"product_tag-b2b-sk","11":"first","12":"outofstock","13":"taxable","14":"shipping-taxable","15":"purchasable","16":"product-type-simple"},"brands":[{"id":3198,"name":"Extrema Ratio","slug":"extrema-ratio-sk"}],"_links":{"self":[{"href":"https:\/\/www.moskito.cz\/sk\/wp-json\/wp\/v2\/product\/228196","targetHints":{"allow":["GET"]}}],"collection":[{"href":"https:\/\/www.moskito.cz\/sk\/wp-json\/wp\/v2\/product"}],"about":[{"href":"https:\/\/www.moskito.cz\/sk\/wp-json\/wp\/v2\/types\/product"}],"replies":[{"embeddable":true,"href":"https:\/\/www.moskito.cz\/sk\/wp-json\/wp\/v2\/comments?post=228196"}],"wp:featuredmedia":[{"embeddable":true,"href":"https:\/\/www.moskito.cz\/sk\/wp-json\/wp\/v2\/media\/217178"}],"wp:attachment":[{"href":"https:\/\/www.moskito.cz\/sk\/wp-json\/wp\/v2\/media?parent=228196"}],"wp:term":[{"taxonomy":"pwb-brand","embeddable":true,"href":"https:\/\/www.moskito.cz\/sk\/wp-json\/wp\/v2\/pwb-brand?post=228196"},{"taxonomy":"product_brand","embeddable":true,"href":"https:\/\/www.moskito.cz\/sk\/wp-json\/wp\/v2\/product_brand?post=228196"},{"taxonomy":"product_cat","embeddable":true,"href":"https:\/\/www.moskito.cz\/sk\/wp-json\/wp\/v2\/product_cat?post=228196"},{"taxonomy":"product_tag","embeddable":true,"href":"https:\/\/www.moskito.cz\/sk\/wp-json\/wp\/v2\/product_tag?post=228196"}],"curies":[{"name":"wp","href":"https:\/\/api.w.org\/{rel}","templated":true}]}}