{"id":228197,"date":"2022-06-09T12:36:43","date_gmt":"2022-06-09T11:36:43","guid":{"rendered":"https:\/\/www.moskito.cz\/produkt\/zatvaraci-noz-extrema-ratio-bf1-ct-desert-warfare\/"},"modified":"2025-05-07T10:42:38","modified_gmt":"2025-05-07T09:42:38","slug":"zatvaraci-noz-extrema-ratio-bf1-ct-desert-warfare","status":"publish","type":"product","link":"https:\/\/www.moskito.cz\/sk\/produkt\/zatvaraci-noz-extrema-ratio-bf1-ct-desert-warfare\/","title":{"rendered":"Zatv\u00e1rac\u00ed N\u00f4\u017e Extrema Ratio BF1 CT DESERT WARFARE"},"content":{"rendered":"<p>Zatv\u00e1rac\u00ed N\u00f4\u017e <strong>Extrema Ratio<\/strong> BF1 CT DESERT WARFARE.<\/p>\n<p>BF1 je zatv\u00e1rac\u00ed n\u00f4\u017e na ka\u017edodenn\u00e9 pou\u017eitie: jednoduch\u00fd, nevyhnutn\u00fd a funk\u010dn\u00fd. \u010cepe\u013e je le\u0161ten\u00e1, s ploch\u00fdm br\u00fasen\u00edm a silnou, odolnou \u0161pi\u010dkou. Charakteristick\u00e9 zn\u00ed\u017een\u00e9 ploch\u00e9 oblasti v rukov\u00e4ti \u2013 taktie\u017e \u010dierno le\u0161ten\u00e9 umo\u017e\u0148uj\u00fa pr\u00edstup k otv\u00e1rac\u00edm \u201e\u0161pendl\u00edkom\u201c, ktor\u00e9 pri zatvoren\u00ed nevy\u010dnievaj\u00fa z no\u017ea. Obojstrann\u00e1 spona je umiestnen\u00e1 na zadnej strane \u010depele a pohlcuje jej chlp &#8211; v\u010faka tomu je jej nosenie diskr\u00e9tne. Vyu\u017e\u00edva d\u00f4veryhodn\u00fd syst\u00e9m blokovania \u010depele LINER-LOCK. Dostupn\u00e9 verzie: BF1 CT BLACK, BF1 CT BLACK ROUGH, BF1 CT DESERT WARFARE, BF1 CD BLACK, BF1 BLACK ROUGH CD, BF1 CD DESERT WARFARE.<\/p>\n<p>Hmotnos\u0165 g: 88<br \/>\nhmotnos\u0165 unca: 3,1<br \/>\nD\u013a\u017eka \u010depele (mm): 69<br \/>\nD\u013a\u017eka \u010depele (palca): 2,7<br \/>\nCelkov\u00e1 d\u013a\u017eka (mm): 171<br \/>\nCelkov\u00e1 d\u013a\u017eka (palce): 6,7<br \/>\nHr\u00fabka \u010depele (mm): 3<br \/>\nHr\u00fabka \u010depele (palca): 0,12<br \/>\nMateri\u00e1l \u010depele: B\u00f6HLER N690 STEEL (58HRC)<br \/>\nPovrchov\u00e1 \u00faprava \u010depele: DESERT WARFARE<br \/>\nHlavn\u00e1 mrie\u017eka: PLOCH\u00c1<br \/>\nMateri\u00e1l rukov\u00e4te: ANTIKOROD\u00c1LNY ELOXOVAN\u00dd HLIN\u00cdK<\/p>\n<p>&nbsp;<\/p>\n","protected":false},"excerpt":{"rendered":"<p>Spolo\u010dnos\u0165 Extrema Ratio so s\u00eddlom v talianskom Prate navrhuje a vyr\u00e1ba vysoko v\u00fdkonn\u00e9 bojov\u00e9, vojensk\u00e9, kuchynsk\u00e9, loveck\u00e9 a taktick\u00e9 no\u017ee od roku 1997 a m\u00e1 poves\u0165 vynikaj\u00facej kvality, ktor\u00e1 je v odbore vojensk\u00fdch a taktick\u00fdch no\u017eov neprekonate\u013en\u00e1. Doprava zadarmo.<\/p>\n","protected":false},"featured_media":217146,"comment_status":"open","ping_status":"closed","template":"","meta":[],"pwb-brand":[3198],"product_brand":[],"product_cat":[3186,3233],"product_tag":[3668],"class_list":{"0":"post-228197","1":"product","2":"type-product","3":"status-publish","4":"has-post-thumbnail","6":"pwb-brand-extrema-ratio-sk","7":"product_cat-noze-sk","8":"product_cat-zatvaracie-noze","9":"product_tag-b2b-sk","11":"first","12":"instock","13":"taxable","14":"shipping-taxable","15":"purchasable","16":"product-type-simple"},"brands":[{"id":3198,"name":"Extrema Ratio","slug":"extrema-ratio-sk"}],"_links":{"self":[{"href":"https:\/\/www.moskito.cz\/sk\/wp-json\/wp\/v2\/product\/228197","targetHints":{"allow":["GET"]}}],"collection":[{"href":"https:\/\/www.moskito.cz\/sk\/wp-json\/wp\/v2\/product"}],"about":[{"href":"https:\/\/www.moskito.cz\/sk\/wp-json\/wp\/v2\/types\/product"}],"replies":[{"embeddable":true,"href":"https:\/\/www.moskito.cz\/sk\/wp-json\/wp\/v2\/comments?post=228197"}],"wp:featuredmedia":[{"embeddable":true,"href":"https:\/\/www.moskito.cz\/sk\/wp-json\/wp\/v2\/media\/217146"}],"wp:attachment":[{"href":"https:\/\/www.moskito.cz\/sk\/wp-json\/wp\/v2\/media?parent=228197"}],"wp:term":[{"taxonomy":"pwb-brand","embeddable":true,"href":"https:\/\/www.moskito.cz\/sk\/wp-json\/wp\/v2\/pwb-brand?post=228197"},{"taxonomy":"product_brand","embeddable":true,"href":"https:\/\/www.moskito.cz\/sk\/wp-json\/wp\/v2\/product_brand?post=228197"},{"taxonomy":"product_cat","embeddable":true,"href":"https:\/\/www.moskito.cz\/sk\/wp-json\/wp\/v2\/product_cat?post=228197"},{"taxonomy":"product_tag","embeddable":true,"href":"https:\/\/www.moskito.cz\/sk\/wp-json\/wp\/v2\/product_tag?post=228197"}],"curies":[{"name":"wp","href":"https:\/\/api.w.org\/{rel}","templated":true}]}}