{"id":228200,"date":"2022-05-08T21:21:35","date_gmt":"2022-05-08T20:21:35","guid":{"rendered":"https:\/\/www.moskito.cz\/produkt\/pevny-noz-extrema-ratio-contact-c-wolf-grey\/"},"modified":"2025-05-07T10:42:38","modified_gmt":"2025-05-07T09:42:38","slug":"pevny-noz-extrema-ratio-contact-c-wolf-grey","status":"publish","type":"product","link":"https:\/\/www.moskito.cz\/sk\/produkt\/pevny-noz-extrema-ratio-contact-c-wolf-grey\/","title":{"rendered":"Pevn\u00fd N\u00f4\u017e Extrema Ratio CONTACT C WOLF GREY"},"content":{"rendered":"<p>Pevn\u00fd N\u00f4\u017e Extrema Ratio CONTACT C WOLF GREY.<\/p>\n<p>Kompaktn\u00e1 verzia CONTACT, CONTACT C m\u00e1 \u010depe\u013e o\u0161tepov\u00e9ho hrotu, z ocele B\u00f6hler N690 o tvrdosti 58 HRC, ploch\u00e9 ostrie, spodn\u00fa z\u00e1\u0161titu a od\u013eah\u010dovaciu \u0161krupinu po celej d\u013a\u017eke. Rukov\u00e4\u0165 Forprene so z\u00e1vitov\u00fdm tangenci\u00e1lnym z\u00e1mkom rob\u00ed n\u00f4\u017e pevn\u00fdm a dobre vyv\u00e1\u017een\u00fdm. MOLLE kompatibiln\u00e9 puzdro je vyroben\u00e9 z n\u00e1razuvzdorn\u00e9ho nylonu so syst\u00e9mom, ktor\u00fd zabra\u0148uje chveniu, je vybaven\u00e9 dvojtla\u010d\u00edtkovou bezpe\u010dnostnou chlop\u0148ou a obojstrann\u00fdm reverzibiln\u00fdm 2. \u00farov\u0148ou z\u00e1dr\u017en\u00e9ho syst\u00e9mu: jednoduch\u00fdm stla\u010den\u00edm sp\u00fa\u0161te sa \u010depe\u013e odblokuje. Dostupn\u00e9 vo verzi\u00e1ch Black, Desert, Hcs, Ranger Green a Wolf Grey.<\/p>\n<p>HMOTNOS\u0164 G: 273<br \/>\nHMOTNOS\u0164 OZ: 9,62<br \/>\nD\u0139\u017dKA \u010cEPE\u013dA (MM): 128<br \/>\nD\u0139\u017dKA \u010cEPELA (IN): 4,33<br \/>\nCELKOV\u00c1 D\u0139\u017dKA (MM): 258<br \/>\nCELKOV\u00c1 D\u0139\u017dKA (V): 10,15<br \/>\nH\u013d\u00daBKA \u010cEPELA (MM): 6,3<br \/>\nH\u013d\u00daBKA \u010cEPELA (IN): 0,24<br \/>\nMATERI\u00c1L \u010cEPELA: B\u00d6HLER N690 STEEL (58HRC)<br \/>\nPOVRCHOV\u00c1 \u00daPRAVA \u010cEPE\u013dA: UM\u00ddT\u00dd KAMENOM<br \/>\n\u0160\u00cdPKA \u010cEPELA: PLOCH\u00dd DR\u00d4T<br \/>\nMATERI\u00c1L RUKOV\u00c4TI: FORPRENE<\/p>\n","protected":false},"excerpt":{"rendered":"<p>Spolo\u010dnos\u0165 Extrema Ratio so s\u00eddlom v talianskom Prate navrhuje a vyr\u00e1ba vysoko v\u00fdkonn\u00e9 bojov\u00e9, vojensk\u00e9, kuchynsk\u00e9, loveck\u00e9 a taktick\u00e9 no\u017ee od roku 1997 a m\u00e1 poves\u0165 vynikaj\u00facej kvality, ktor\u00e1 je v odbore vojensk\u00fdch a taktick\u00fdch no\u017eov neprekonate\u013en\u00e1. Doprava zadarmo.<\/p>\n","protected":false},"featured_media":216528,"comment_status":"open","ping_status":"closed","template":"","meta":[],"pwb-brand":[3198],"product_brand":[],"product_cat":[3186,3187],"product_tag":[3668],"class_list":{"0":"post-228200","1":"product","2":"type-product","3":"status-publish","4":"has-post-thumbnail","6":"pwb-brand-extrema-ratio-sk","7":"product_cat-noze-sk","8":"product_cat-pevne-noze-sk","9":"product_tag-b2b-sk","11":"first","12":"instock","13":"taxable","14":"shipping-taxable","15":"purchasable","16":"product-type-simple"},"brands":[{"id":3198,"name":"Extrema Ratio","slug":"extrema-ratio-sk"}],"_links":{"self":[{"href":"https:\/\/www.moskito.cz\/sk\/wp-json\/wp\/v2\/product\/228200","targetHints":{"allow":["GET"]}}],"collection":[{"href":"https:\/\/www.moskito.cz\/sk\/wp-json\/wp\/v2\/product"}],"about":[{"href":"https:\/\/www.moskito.cz\/sk\/wp-json\/wp\/v2\/types\/product"}],"replies":[{"embeddable":true,"href":"https:\/\/www.moskito.cz\/sk\/wp-json\/wp\/v2\/comments?post=228200"}],"wp:featuredmedia":[{"embeddable":true,"href":"https:\/\/www.moskito.cz\/sk\/wp-json\/wp\/v2\/media\/216528"}],"wp:attachment":[{"href":"https:\/\/www.moskito.cz\/sk\/wp-json\/wp\/v2\/media?parent=228200"}],"wp:term":[{"taxonomy":"pwb-brand","embeddable":true,"href":"https:\/\/www.moskito.cz\/sk\/wp-json\/wp\/v2\/pwb-brand?post=228200"},{"taxonomy":"product_brand","embeddable":true,"href":"https:\/\/www.moskito.cz\/sk\/wp-json\/wp\/v2\/product_brand?post=228200"},{"taxonomy":"product_cat","embeddable":true,"href":"https:\/\/www.moskito.cz\/sk\/wp-json\/wp\/v2\/product_cat?post=228200"},{"taxonomy":"product_tag","embeddable":true,"href":"https:\/\/www.moskito.cz\/sk\/wp-json\/wp\/v2\/product_tag?post=228200"}],"curies":[{"name":"wp","href":"https:\/\/api.w.org\/{rel}","templated":true}]}}