{"id":228310,"date":"2022-10-18T21:40:44","date_gmt":"2022-10-18T20:40:44","guid":{"rendered":"https:\/\/www.moskito.cz\/produkt\/pevny-noz-heretic-knives-battleworn-h050-8a-bwgrn\/"},"modified":"2025-05-07T10:42:42","modified_gmt":"2025-05-07T09:42:42","slug":"pevny-noz-heretic-knives-battleworn-h050-8a-bwgrn","status":"publish","type":"product","link":"https:\/\/www.moskito.cz\/sk\/produkt\/pevny-noz-heretic-knives-battleworn-h050-8a-bwgrn\/","title":{"rendered":"Pevn\u00fd N\u00f4\u017e HERETIC KNIVES BATTLEWORN H050-8A-BWGRN"},"content":{"rendered":"<p>Pevn\u00fd N\u00f4\u017e HERETIC KNIVES BATTLEWORN H050-8A-BWGRN.<\/p>\n<p>T\u00e1to d\u00fdka Heretic Knives Sleight Push Dagger je vybaven\u00e1 bitkou opotrebovanou \u010diernou \u010depe\u013eou CPM-20CV s dvojit\u00fdm ostr\u00edm. \u010cepe\u013e s hr\u00fabkou 2 mm m\u00e1 dvojit\u00e9 sek\u00e1\u010dov\u00e9 br\u00fasenie, ktor\u00e9 v\u00e1m d\u00e1va silu a rezn\u00fd v\u00fdkon s fenomen\u00e1lnym vzh\u013eadom a dojmom.<\/p>\n<p>Rukov\u00e4\u0165 Battleworn Green je z fr\u00e9zovan\u00e9ho hlin\u00edka. Presahuje cez \u010depe\u013e, \u010do mu d\u00e1va tuh\u00fa v\u00fdstu\u017e. Hlboko fr\u00e9zovan\u00fd vzor text\u00fary v\u00e1m poskytuje bezpe\u010dn\u00fd a pohodln\u00fd \u00fachop.<\/p>\n<p>Dod\u00e1va sa s polym\u00e9rov\u00fdm puzdrom, ktor\u00e9 m\u00e1 Tek-Lok.<\/p>\n<p>Vyroben\u00e9 v USA.<\/p>\n<p>\u0160PECIFIK\u00c1CIA:<\/p>\n<p>Model #: H050-8A<br \/>\nD\u013a\u017eka \u010depele: 7 cm<br \/>\nCelkov\u00e1 d\u013a\u017eka: 13.5 cm<br \/>\nHr\u00fabka \u010depele: 0.8625 cm<br \/>\nMateri\u00e1l \u010depele: CPM-20CV<br \/>\nPovrchov\u00e1 \u00faprava \u010depele: Battleworn Black<br \/>\n\u0160t\u00fdl \u010depele: Push Dagger<br \/>\nBr\u00fasenie \u010depele: Dl\u00e1to<br \/>\nMateri\u00e1l rukov\u00e4te: eloxovan\u00fd hlin\u00edk 6061 T6<br \/>\nFarba rukov\u00e4te: Battlworn Green<br \/>\nHardv\u00e9r: Battleworn Black<br \/>\nHmotnos\u0165: 3,2 oz, 6,0 oz s puzdrom<br \/>\nTvorca stvorenia: Anthony G. Marfione<br \/>\nVyroben\u00e9 v USA.<\/p>\n","protected":false},"excerpt":{"rendered":"<p>V\u0161etky na\u0161e no\u017ee s\u00fa vyroben\u00e9 v USA a tak to zachov\u00e1me. Ke\u010f si k\u00fapite niektor\u00fd z na\u0161ich no\u017eov, m\u00f4\u017eete ma\u0165 d\u00f4veru vo svoj n\u00e1stroj s vedom\u00edm, \u017ee je podporovan\u00fd americkou spolo\u010dnos\u0165ou. Na\u0161e no\u017ee s\u00fa vyr\u00e1ban\u00e9 v mal\u00fdch s\u00e9ri\u00e1ch, aby sme zaistili, \u017ee dostanete kvalitn\u00fd n\u00f4\u017e, ktor\u00e9mu sa dost\u00e1va pozornosti, ak\u00e9 sa nedost\u00e1va in\u00fdm s\u00e9riovo vyr\u00e1ban\u00fdm no\u017eom!!<\/p>\n","protected":false},"featured_media":228305,"comment_status":"open","ping_status":"closed","template":"","meta":[],"pwb-brand":[3196],"product_brand":[],"product_cat":[3186,3187],"product_tag":[],"class_list":{"0":"post-228310","1":"product","2":"type-product","3":"status-publish","4":"has-post-thumbnail","6":"pwb-brand-heretic-knives-sk","7":"product_cat-noze-sk","8":"product_cat-pevne-noze-sk","10":"first","11":"instock","12":"taxable","13":"shipping-taxable","14":"purchasable","15":"product-type-simple"},"brands":[{"id":3196,"name":"Heretic Knives","slug":"heretic-knives-sk"}],"_links":{"self":[{"href":"https:\/\/www.moskito.cz\/sk\/wp-json\/wp\/v2\/product\/228310","targetHints":{"allow":["GET"]}}],"collection":[{"href":"https:\/\/www.moskito.cz\/sk\/wp-json\/wp\/v2\/product"}],"about":[{"href":"https:\/\/www.moskito.cz\/sk\/wp-json\/wp\/v2\/types\/product"}],"replies":[{"embeddable":true,"href":"https:\/\/www.moskito.cz\/sk\/wp-json\/wp\/v2\/comments?post=228310"}],"wp:featuredmedia":[{"embeddable":true,"href":"https:\/\/www.moskito.cz\/sk\/wp-json\/wp\/v2\/media\/228305"}],"wp:attachment":[{"href":"https:\/\/www.moskito.cz\/sk\/wp-json\/wp\/v2\/media?parent=228310"}],"wp:term":[{"taxonomy":"pwb-brand","embeddable":true,"href":"https:\/\/www.moskito.cz\/sk\/wp-json\/wp\/v2\/pwb-brand?post=228310"},{"taxonomy":"product_brand","embeddable":true,"href":"https:\/\/www.moskito.cz\/sk\/wp-json\/wp\/v2\/product_brand?post=228310"},{"taxonomy":"product_cat","embeddable":true,"href":"https:\/\/www.moskito.cz\/sk\/wp-json\/wp\/v2\/product_cat?post=228310"},{"taxonomy":"product_tag","embeddable":true,"href":"https:\/\/www.moskito.cz\/sk\/wp-json\/wp\/v2\/product_tag?post=228310"}],"curies":[{"name":"wp","href":"https:\/\/api.w.org\/{rel}","templated":true}]}}