{"id":228336,"date":"2022-10-19T15:44:16","date_gmt":"2022-10-19T14:44:16","guid":{"rendered":"https:\/\/www.moskito.cz\/produkt\/heretic-knives-custom-colossus-baker-forge-damascus-recurve-blade-shooting-knife\/"},"modified":"2025-05-07T10:42:43","modified_gmt":"2025-05-07T09:42:43","slug":"heretic-knives-custom-colossus-baker-forge-damascus-recurve-blade-shooting-knife","status":"publish","type":"product","link":"https:\/\/www.moskito.cz\/sk\/produkt\/heretic-knives-custom-colossus-baker-forge-damascus-recurve-blade-shooting-knife\/","title":{"rendered":"Heretic Knives Custom Colossus Baker Forge Damascus Recurve Blade Shooting Knife"},"content":{"rendered":"<p>Heretic Knives Custom Colossus Baker Forge Damascus Recurve Blade Shooting Knife.<\/p>\n<p>The Colossus double action OTF Auto features an intricately hand-ground blade, exaggerated toughness, faster-than-lightning action, and the fit and finish you&#8217;d expect from a high-end knife. Tony Jr. studied the art of the grind from one of the best that ever lived and this tanto combo blade is one of the most beautiful money can buy. It&#8217;s made from Baker Forge hand-brushed Damascus with one of the most stunning gold etched finishes we&#8217;ve seen in a long time. The massive aluminum body is exceptionally ergonomic and features Black Dunes FatCarbon inserts on each side as well as a control switch. The double sided pocket clip is the nicest thing about this knife. It holds the knife securely in your pocket while taking away little of the ergonomics we love.<\/p>\n<p>Specifications<br \/>\nBlade length: 8.75 cm<br \/>\nTotal length: 21.56 cm<br \/>\nBlade Material: Baker Forge Damascus<br \/>\nBlade thickness: 0.36 cm<br \/>\nBlade Style: Recurve<br \/>\nBlade sharpening: Manual hollow<br \/>\nBlade surface finish: Gold Acid Etch<br \/>\nHandle material: Black aluminum with Black Dunes FatCarbon inserts<br \/>\nLocking mechanism: Sliding<br \/>\nPocket Clip: Black DLC Titanium (fold down, right\/left wear)<br \/>\nWeight: 4.60 oz.<br \/>\nDesigner: Tony Marfione Jr.<br \/>\nSnakeskin FatCarbon Thumb Slide Inlay<br \/>\nHandmade in the USA<\/p>\n","protected":false},"excerpt":{"rendered":"<p>V\u0161etky na\u0161e no\u017ee s\u00fa vyroben\u00e9 v USA a tak to zachov\u00e1me. Ke\u010f si k\u00fapite niektor\u00fd z na\u0161ich no\u017eov, m\u00f4\u017eete ma\u0165 d\u00f4veru vo svoj n\u00e1stroj s vedom\u00edm, \u017ee je podporovan\u00fd americkou spolo\u010dnos\u0165ou. Na\u0161e no\u017ee s\u00fa vyr\u00e1ban\u00e9 v mal\u00fdch s\u00e9ri\u00e1ch, aby sme zaistili, \u017ee dostanete kvalitn\u00fd n\u00f4\u017e, ktor\u00e9mu sa dost\u00e1va pozornosti, ak\u00e9 sa nedost\u00e1va in\u00fdm s\u00e9riovo vyr\u00e1ban\u00fdm no\u017eom!!<\/p>\n","protected":false},"featured_media":228325,"comment_status":"open","ping_status":"closed","template":"","meta":[],"pwb-brand":[3196],"product_brand":[],"product_cat":[3186,3197],"product_tag":[],"class_list":{"0":"post-228336","1":"product","2":"type-product","3":"status-publish","4":"has-post-thumbnail","6":"pwb-brand-heretic-knives-sk","7":"product_cat-noze-sk","8":"product_cat-vystrelovacie-noze-sk","10":"first","11":"instock","12":"taxable","13":"shipping-taxable","14":"purchasable","15":"product-type-simple"},"brands":[{"id":3196,"name":"Heretic Knives","slug":"heretic-knives-sk"}],"_links":{"self":[{"href":"https:\/\/www.moskito.cz\/sk\/wp-json\/wp\/v2\/product\/228336","targetHints":{"allow":["GET"]}}],"collection":[{"href":"https:\/\/www.moskito.cz\/sk\/wp-json\/wp\/v2\/product"}],"about":[{"href":"https:\/\/www.moskito.cz\/sk\/wp-json\/wp\/v2\/types\/product"}],"replies":[{"embeddable":true,"href":"https:\/\/www.moskito.cz\/sk\/wp-json\/wp\/v2\/comments?post=228336"}],"wp:featuredmedia":[{"embeddable":true,"href":"https:\/\/www.moskito.cz\/sk\/wp-json\/wp\/v2\/media\/228325"}],"wp:attachment":[{"href":"https:\/\/www.moskito.cz\/sk\/wp-json\/wp\/v2\/media?parent=228336"}],"wp:term":[{"taxonomy":"pwb-brand","embeddable":true,"href":"https:\/\/www.moskito.cz\/sk\/wp-json\/wp\/v2\/pwb-brand?post=228336"},{"taxonomy":"product_brand","embeddable":true,"href":"https:\/\/www.moskito.cz\/sk\/wp-json\/wp\/v2\/product_brand?post=228336"},{"taxonomy":"product_cat","embeddable":true,"href":"https:\/\/www.moskito.cz\/sk\/wp-json\/wp\/v2\/product_cat?post=228336"},{"taxonomy":"product_tag","embeddable":true,"href":"https:\/\/www.moskito.cz\/sk\/wp-json\/wp\/v2\/product_tag?post=228336"}],"curies":[{"name":"wp","href":"https:\/\/api.w.org\/{rel}","templated":true}]}}