{"id":228453,"date":"2022-10-20T21:01:23","date_gmt":"2022-10-20T20:01:23","guid":{"rendered":"https:\/\/www.moskito.cz\/produkt\/vystrelovaci-noz-heretic-knives-manticore-e-black-bowie-h026b-6a-pucf\/"},"modified":"2025-05-07T10:42:46","modified_gmt":"2025-05-07T09:42:46","slug":"vystrelovaci-noz-heretic-knives-manticore-e-black-bowie-h026b-6a-pucf","status":"publish","type":"product","link":"https:\/\/www.moskito.cz\/sk\/produkt\/vystrelovaci-noz-heretic-knives-manticore-e-black-bowie-h026b-6a-pucf\/","title":{"rendered":"Vystre\u013eovac\u00ed N\u00f4\u017e Heretic Knives Manticore E Black Bowie H026B-6A-PUCF"},"content":{"rendered":"<p>Vystre\u013eovac\u00ed N\u00f4\u017e <strong>Heretic Knives<\/strong> Manticore E Black Bowie H026B-6A-PUCF.<\/p>\n<p>Manticore E od Heretic Knives spad\u00e1 priamo do sladk\u00e9ho miesta v rade Manticore, ve\u013ekosti priamo medzi modelmi S a X. Nielen, \u017ee E d\u00e1va rodine mal\u00fa skratku sek\u00e1\u010dika, ale je tie\u017e ide\u00e1lnou ve\u013ekos\u0165ou pre v\u00e4\u010d\u0161inu z n\u00e1s, priamo na rovnakej \u00farovni ako sl\u00e1vny Microtech Ultratech . Tento n\u00f4\u017e je 100% vyroben\u00fd a zostaven\u00fd v USA a je podporen\u00fd do\u017eivotnou z\u00e1rukou, tak\u017ee si m\u00f4\u017eete by\u0165 ist\u00ed, \u017ee tento OTF vydr\u017e\u00ed. Vyzna\u010duje sa hodv\u00e1bne hladk\u00fdm nasaden\u00edm a zatiahnut\u00edm jednou rukou, \u010do je \u0161tandardn\u00e1 v rade Manticore. Variant E sa vyzna\u010duje ide\u00e1lnou trojpalcovou \u010depe\u013eou, integrovan\u00fdm otvorom pre \u0161n\u00farku, rozb\u00edja\u010dom skla z tvrdenej ocele a hlbokou sponou. Jeho \u0161t\u00edhly profil a \u013eahk\u00e1 povaha umo\u017e\u0148uj\u00fa \u013eahk\u00e9 pren\u00e1\u0161anie po ruke a pripraven\u00e9 okam\u017eite. Akcia je n\u00e1vykov\u00e1, ergon\u00f3mia je na mieste, a kvalita prevedenia je \u0161pi\u010dkov\u00e1. Nebudete sklaman\u00ed.<\/p>\n<p>\u0160pecifik\u00e1cia<br \/>\nD\u013a\u017eka \u010depele: 7.62 cm<br \/>\nCelkov\u00e1 d\u013a\u017eka: 19.37<br \/>\nMateri\u00e1l \u010depele: Elmax nerezov\u00e1 oce\u013e<br \/>\nHr\u00fabka \u010depele: 0.31 cm<br \/>\n\u0160t\u00fdl \u010depele: Bowie<br \/>\nBr\u00fasenie \u010depele: Ploch\u00e9<br \/>\nPovrchov\u00e1 \u00faprava \u010depele: Black DLC<br \/>\nMateri\u00e1l rukov\u00e4te: fialov\u00fd CamoCarbon a hlin\u00edk<br \/>\nUzamykac\u00ed mechanizmus: Posuvn\u00fd<br \/>\nVreckov\u00fd klip: Black DLC Titanium (sklopenie dole, prav\u00e9 nosenie)<br \/>\nHmotnos\u0165: 3,30 oz.<br \/>\nDizajn\u00e9r: Tony Marfione Jr.<br \/>\nVyroben\u00e9 v USA<\/p>\n<p><iframe title=\"Microtech Combat Troodon Torture Test\" width=\"800\" height=\"450\" src=\"https:\/\/www.youtube.com\/embed\/xE9TeOFYEjg?feature=oembed\" frameborder=\"0\" allow=\"accelerometer; autoplay; clipboard-write; encrypted-media; gyroscope; picture-in-picture; web-share\" allowfullscreen><\/iframe><\/p>\n<p>&nbsp;<\/p>\n","protected":false},"excerpt":{"rendered":"<p>V\u0161etky na\u0161e no\u017ee s\u00fa vyroben\u00e9 v USA a my to tak zachov\u00e1me. Ke\u010f si k\u00fapite niektor\u00fd z na\u0161ich no\u017eov, m\u00f4\u017eete ma\u0165 d\u00f4veru vo svoj n\u00e1stroj s vedom\u00edm, \u017ee je podporovan\u00fd americkou spolo\u010dnos\u0165ou. Na\u0161e no\u017ee s\u00fa vyr\u00e1ban\u00e9 v mal\u00fdch s\u00e9ri\u00e1ch, aby sme zaistili, \u017ee dostanete kvalitn\u00fd n\u00f4\u017e, ktor\u00e9mu sa nevenuje pozornos\u0165, ktor\u00fa in\u00e9 s\u00e9riovo vyr\u00e1ban\u00e9 no\u017ee nedost\u00e1vaj\u00fa.<\/p>\n<p><strong>Doprava zadarmo.<\/strong><\/p>\n","protected":false},"featured_media":228442,"comment_status":"open","ping_status":"closed","template":"","meta":[],"pwb-brand":[3196],"product_brand":[],"product_cat":[3186,3197],"product_tag":[3668],"class_list":{"0":"post-228453","1":"product","2":"type-product","3":"status-publish","4":"has-post-thumbnail","6":"pwb-brand-heretic-knives-sk","7":"product_cat-noze-sk","8":"product_cat-vystrelovacie-noze-sk","9":"product_tag-b2b-sk","11":"first","12":"instock","13":"taxable","14":"shipping-taxable","15":"purchasable","16":"product-type-simple"},"brands":[{"id":3196,"name":"Heretic Knives","slug":"heretic-knives-sk"}],"_links":{"self":[{"href":"https:\/\/www.moskito.cz\/sk\/wp-json\/wp\/v2\/product\/228453","targetHints":{"allow":["GET"]}}],"collection":[{"href":"https:\/\/www.moskito.cz\/sk\/wp-json\/wp\/v2\/product"}],"about":[{"href":"https:\/\/www.moskito.cz\/sk\/wp-json\/wp\/v2\/types\/product"}],"replies":[{"embeddable":true,"href":"https:\/\/www.moskito.cz\/sk\/wp-json\/wp\/v2\/comments?post=228453"}],"wp:featuredmedia":[{"embeddable":true,"href":"https:\/\/www.moskito.cz\/sk\/wp-json\/wp\/v2\/media\/228442"}],"wp:attachment":[{"href":"https:\/\/www.moskito.cz\/sk\/wp-json\/wp\/v2\/media?parent=228453"}],"wp:term":[{"taxonomy":"pwb-brand","embeddable":true,"href":"https:\/\/www.moskito.cz\/sk\/wp-json\/wp\/v2\/pwb-brand?post=228453"},{"taxonomy":"product_brand","embeddable":true,"href":"https:\/\/www.moskito.cz\/sk\/wp-json\/wp\/v2\/product_brand?post=228453"},{"taxonomy":"product_cat","embeddable":true,"href":"https:\/\/www.moskito.cz\/sk\/wp-json\/wp\/v2\/product_cat?post=228453"},{"taxonomy":"product_tag","embeddable":true,"href":"https:\/\/www.moskito.cz\/sk\/wp-json\/wp\/v2\/product_tag?post=228453"}],"curies":[{"name":"wp","href":"https:\/\/api.w.org\/{rel}","templated":true}]}}