{"id":228473,"date":"2022-10-20T21:40:29","date_gmt":"2022-10-20T20:40:29","guid":{"rendered":"https:\/\/www.moskito.cz\/produkt\/vystrelovaci-noz-heretic-knives-wraith-auto-s35vn-blizzard-worn-h000-8a-blizzard\/"},"modified":"2025-05-07T10:42:46","modified_gmt":"2025-05-07T09:42:46","slug":"vystrelovaci-noz-heretic-knives-wraith-auto-s35vn-blizzard-worn-h000-8a-blizzard","status":"publish","type":"product","link":"https:\/\/www.moskito.cz\/sk\/produkt\/vystrelovaci-noz-heretic-knives-wraith-auto-s35vn-blizzard-worn-h000-8a-blizzard\/","title":{"rendered":"Vystre\u013eovac\u00ed N\u00f4\u017e Heretic Knives Wraith AUTO S35VN Blizzard-Worn H000-8A-BLIZZARD"},"content":{"rendered":"<p>Vystre\u013eovac\u00ed N\u00f4\u017e Heretic Knives Wraith AUTO S35VN Blizzard-Worn H000-8A-BLIZZARD.<\/p>\n<p>Wraith Auto je ve\u013emi v\u0161estrann\u00fd n\u00f4\u017e s priamo\u010diarym, praktick\u00fdm tvarom. Vyzna\u010duje sa jednodielnym integrovan\u00fdm hlavn\u00fdm \u0161asi z hlin\u00edka 6061 a samostatnou v\u00fdstuhou pre umiestnenie automatick\u00e9ho mechanizmu. R\u00f4zne kombin\u00e1cie materi\u00e1lov, ktor\u00e9 m\u00e1 Wraith k dispoz\u00edcii, skuto\u010dne odli\u0161uj\u00fa tento n\u00f4\u017e od ostatn\u00fdch, a to ako vo forme, tak vo funkcii. M\u00f4\u017ee ma\u0165 podobu ka\u017edodenn\u00e9ho pou\u017e\u00edvate\u013ea a n\u00e1siln\u00edka alebo robustn\u00e9ho taktick\u00e9ho no\u017ea s ve\u013emi mal\u00fdm \u00fasil\u00edm. Je to pr\u00edjemn\u00fd n\u00f4\u017e, ktor\u00fd sa dr\u017e\u00ed a pou\u017e\u00edva, a pri ka\u017edodennej pr\u00e1ci sa pristihnete, \u017ee po \u0148om siahate \u010dastej\u0161ie ako ne.<\/p>\n<p>\u0160pecifik\u00e1cia<br \/>\nD\u013a\u017eka \u010depele: 9 cm<br \/>\nCelkov\u00e1 d\u013a\u017eka: 21.73 cm<br \/>\nMateri\u00e1l \u010depele: CPM-S35VN Nerezov\u00e1 oce\u013e<br \/>\nHr\u00fabka \u010depele: 0.425 cm<br \/>\n\u0160t\u00fdl \u010depele: Clip Point<br \/>\nBr\u00fasenie \u010depele: Ploch\u00e9<br \/>\nPovrchov\u00e1 \u00faprava \u010depele: Battleworn Black<br \/>\nMateri\u00e1l rukov\u00e4te: Blizzard-Worn Integral 6061 Aluminium with Carbon Fiber Bolster<br \/>\nUzamykac\u00ed mechanizmus: Tla\u010didlo<br \/>\nVreckov\u00fd klip: Nerezov\u00e1 oce\u013e s hlbok\u00fdm prenosom (vykl\u00e1pac\u00ed, prav\u00e9 pren\u00e1\u0161anie)<br \/>\nHmotnos\u0165: 5,3 oz.<br \/>\nDizajn\u00e9r: Tony Marfione Jr.<br \/>\nVyroben\u00e9 v USA<\/p>\n","protected":false},"excerpt":{"rendered":"<p>V\u0161etky na\u0161e no\u017ee s\u00fa vyroben\u00e9 v USA a tak to zachov\u00e1me. Ke\u010f si k\u00fapite niektor\u00fd z na\u0161ich no\u017eov, m\u00f4\u017eete ma\u0165 d\u00f4veru vo svoj n\u00e1stroj s vedom\u00edm, \u017ee je podporovan\u00fd americkou spolo\u010dnos\u0165ou. Na\u0161e no\u017ee s\u00fa vyr\u00e1ban\u00e9 v mal\u00fdch s\u00e9ri\u00e1ch, aby sme zaistili, \u017ee dostanete kvalitn\u00fd n\u00f4\u017e, ktor\u00e9mu sa dost\u00e1va pozornosti, ak\u00e9 sa nedost\u00e1va in\u00fdm s\u00e9riovo vyr\u00e1ban\u00fdm no\u017eom!!<\/p>\n","protected":false},"featured_media":228460,"comment_status":"open","ping_status":"closed","template":"","meta":[],"pwb-brand":[3196],"product_brand":[],"product_cat":[3186,3197],"product_tag":[],"class_list":{"0":"post-228473","1":"product","2":"type-product","3":"status-publish","4":"has-post-thumbnail","6":"pwb-brand-heretic-knives-sk","7":"product_cat-noze-sk","8":"product_cat-vystrelovacie-noze-sk","10":"first","11":"outofstock","12":"taxable","13":"shipping-taxable","14":"purchasable","15":"product-type-simple"},"brands":[{"id":3196,"name":"Heretic Knives","slug":"heretic-knives-sk"}],"_links":{"self":[{"href":"https:\/\/www.moskito.cz\/sk\/wp-json\/wp\/v2\/product\/228473","targetHints":{"allow":["GET"]}}],"collection":[{"href":"https:\/\/www.moskito.cz\/sk\/wp-json\/wp\/v2\/product"}],"about":[{"href":"https:\/\/www.moskito.cz\/sk\/wp-json\/wp\/v2\/types\/product"}],"replies":[{"embeddable":true,"href":"https:\/\/www.moskito.cz\/sk\/wp-json\/wp\/v2\/comments?post=228473"}],"wp:featuredmedia":[{"embeddable":true,"href":"https:\/\/www.moskito.cz\/sk\/wp-json\/wp\/v2\/media\/228460"}],"wp:attachment":[{"href":"https:\/\/www.moskito.cz\/sk\/wp-json\/wp\/v2\/media?parent=228473"}],"wp:term":[{"taxonomy":"pwb-brand","embeddable":true,"href":"https:\/\/www.moskito.cz\/sk\/wp-json\/wp\/v2\/pwb-brand?post=228473"},{"taxonomy":"product_brand","embeddable":true,"href":"https:\/\/www.moskito.cz\/sk\/wp-json\/wp\/v2\/product_brand?post=228473"},{"taxonomy":"product_cat","embeddable":true,"href":"https:\/\/www.moskito.cz\/sk\/wp-json\/wp\/v2\/product_cat?post=228473"},{"taxonomy":"product_tag","embeddable":true,"href":"https:\/\/www.moskito.cz\/sk\/wp-json\/wp\/v2\/product_tag?post=228473"}],"curies":[{"name":"wp","href":"https:\/\/api.w.org\/{rel}","templated":true}]}}