{"id":228532,"date":"2022-10-21T11:31:44","date_gmt":"2022-10-21T10:31:44","guid":{"rendered":"https:\/\/www.moskito.cz\/?post_type=product&#038;p=228532"},"modified":"2025-05-07T10:42:47","modified_gmt":"2025-05-07T09:42:47","slug":"zaviraci-nuz-magnum-miyu-01sc060","status":"publish","type":"product","link":"https:\/\/www.moskito.cz\/sk\/produkt\/zaviraci-nuz-magnum-miyu-01sc060\/","title":{"rendered":"Zav\u00edrac\u00ed N\u016f\u017e Magnum Miyu 01SC060"},"content":{"rendered":"<p>Zav\u00edrac\u00ed N\u016f\u017e <strong>Magnum<\/strong> Miyu 01SC060.<\/p>\n<p>Japonsk\u00e9 \u017eensk\u00e9 k\u0159estn\u00ed jm\u00e9no Miyu znamen\u00e1 \u201enad\u0159azen\u00fd duch\u201c. Magnum Miyu odpov\u00edd\u00e1 tomuto jm\u00e9nu. Jednoduch\u00e9 a elegantn\u00ed linie jsou zcela v souladu s kulturou samuraj\u016f z obdob\u00ed Edo, kter\u00e1 se vyzna\u010duje dokonalost\u00ed a estetikou. \u0160pi\u010dkov\u00e9 materi\u00e1ly jako nerezov\u00e1 ocel 440A, obrysov\u011b fr\u00e9zovan\u00e9 stupnice G10 a skeletonizovan\u00e9 vlo\u017eky z nerezov\u00e9 oceli hovo\u0159\u00ed samy za sebe. \u010cepel m\u00e1 tak\u00e9 jemnou dvoubarevnou povrchovou \u00fapravu ze sat\u00e9nu a stonewash. \u010cepel se otev\u00edr\u00e1 flipperem a \u00fahledn\u011b se zamyk\u00e1 pomoc\u00ed vlo\u017eky. Miyu je plnohodnotn\u00e1 verze a prvn\u00ed volba pro v\u0161echny, kte\u0159\u00ed u\u017e necht\u011bj\u00ed b\u00fdt ve steakhouse otravov\u00e1ni tup\u00fdmi stoln\u00edmi no\u017ei. Vysoko nasazen\u00e1 spona umo\u017e\u0148uje n\u00edzk\u00e9 no\u0161en\u00ed ve sklopen\u00e9 poloze.<\/p>\n<p>&nbsp;<\/p>\n<p>Celkov\u00e1 d\u00e9lka: 23,60 cm<br \/>\nD\u00e9lka \u010depele: 10,20 cm<br \/>\nS\u00edla \u010depele: 3,30 mm<br \/>\nHmotnost: 128,00 g<br \/>\nMateri\u00e1l \u010depele: 440A<br \/>\nMateri\u00e1l rukojeti: G10<br \/>\nOtev\u00edrac\u00ed: Ru\u010dn\u011b<br \/>\nSpona: liner lock<br \/>\nBarva: \u010cern\u00e1<br \/>\n\u010c\u00edslo polo\u017eky: 01SC060<\/p>\n<p>&nbsp;<\/p>\n","protected":false},"excerpt":{"rendered":"<p>Japonsk\u00e9 \u017eensk\u00e9 k\u0159estn\u00ed jm\u00e9no Miyu znamen\u00e1 \u201enad\u0159azen\u00fd duch\u201c.<\/p>\n","protected":false},"featured_media":228533,"comment_status":"open","ping_status":"closed","template":"","meta":[],"pwb-brand":[140],"product_brand":[],"product_cat":[22,17],"product_tag":[3667],"class_list":{"0":"post-228532","1":"product","2":"type-product","3":"status-publish","4":"has-post-thumbnail","6":"pwb-brand-boker","7":"product_cat-zaviraci-noze","8":"product_cat-noze","9":"product_tag-b2b","11":"first","12":"instock","13":"taxable","14":"shipping-taxable","15":"purchasable","16":"product-type-simple"},"brands":[{"id":140,"name":"Boker","slug":"boker"}],"_links":{"self":[{"href":"https:\/\/www.moskito.cz\/sk\/wp-json\/wp\/v2\/product\/228532","targetHints":{"allow":["GET"]}}],"collection":[{"href":"https:\/\/www.moskito.cz\/sk\/wp-json\/wp\/v2\/product"}],"about":[{"href":"https:\/\/www.moskito.cz\/sk\/wp-json\/wp\/v2\/types\/product"}],"replies":[{"embeddable":true,"href":"https:\/\/www.moskito.cz\/sk\/wp-json\/wp\/v2\/comments?post=228532"}],"wp:featuredmedia":[{"embeddable":true,"href":"https:\/\/www.moskito.cz\/sk\/wp-json\/wp\/v2\/media\/228533"}],"wp:attachment":[{"href":"https:\/\/www.moskito.cz\/sk\/wp-json\/wp\/v2\/media?parent=228532"}],"wp:term":[{"taxonomy":"pwb-brand","embeddable":true,"href":"https:\/\/www.moskito.cz\/sk\/wp-json\/wp\/v2\/pwb-brand?post=228532"},{"taxonomy":"product_brand","embeddable":true,"href":"https:\/\/www.moskito.cz\/sk\/wp-json\/wp\/v2\/product_brand?post=228532"},{"taxonomy":"product_cat","embeddable":true,"href":"https:\/\/www.moskito.cz\/sk\/wp-json\/wp\/v2\/product_cat?post=228532"},{"taxonomy":"product_tag","embeddable":true,"href":"https:\/\/www.moskito.cz\/sk\/wp-json\/wp\/v2\/product_tag?post=228532"}],"curies":[{"name":"wp","href":"https:\/\/api.w.org\/{rel}","templated":true}]}}