{"id":228586,"date":"2022-10-21T19:36:18","date_gmt":"2022-10-21T18:36:18","guid":{"rendered":"https:\/\/www.moskito.cz\/produkt\/vystrelovaci-noz-heretic-knives-wraith-auto-h000-6a-orcf\/"},"modified":"2025-05-07T10:42:49","modified_gmt":"2025-05-07T09:42:49","slug":"vystrelovaci-noz-heretic-knives-wraith-auto-h000-6a-orcf","status":"publish","type":"product","link":"https:\/\/www.moskito.cz\/sk\/produkt\/vystrelovaci-noz-heretic-knives-wraith-auto-h000-6a-orcf\/","title":{"rendered":"Vystre\u013eovac\u00ed N\u00f4\u017e Heretic Knives Wraith Auto H000-6A-ORCF"},"content":{"rendered":"<p>Vystre\u013eovac\u00ed N\u00f4\u017e Heretic Knives Wraith Auto H000-6A-ORCF.<\/p>\n<p>Wraith Auto je ve\u013emi v\u0161estrann\u00fd n\u00f4\u017e s integr\u00e1lnym hlavn\u00fdm \u0161asi z jedn\u00e9ho kusu a samostatn\u00fdm dr\u017eiakom na umiestnenie automatick\u00e9ho mechanizmu. Kombin\u00e1cie v automate skuto\u010dne odli\u0161uj\u00fa tento n\u00f4\u017e od ostatn\u00fdch. Tento n\u00f4\u017e m\u00e1 \u010depe\u013e DLC, oran\u017eov\u00fa rukov\u00e4\u0165 z uhl\u00edkov\u00fdch vl\u00e1kien Camo, oto\u010dn\u00fd golier DLC, sponu a hardv\u00e9r.<\/p>\n<p>Celkov\u00e1 d\u013a\u017eka: 21.5 cm<br \/>\n\u010cepe\u013e: 9 cm Elmax, DLC, Drop-Point<br \/>\nRukov\u00e4\u0165: oran\u017eov\u00e9 Camo Carbon Fiber<br \/>\nV\u00fdstuha\/oto\u010dn\u00fd golier: Black DLC<br \/>\nKlip\/Hardv\u00e9r: Black DLC<br \/>\nOtv\u00e1ra\u010d: Automatick\u00e9 tla\u010didlo (zapusten\u00e9)<br \/>\nKlip: DLC Titanium, Tip-Up<br \/>\nVyroben\u00e9 v USA<br \/>\nModel: H000-6A-ORCF<\/p>\n","protected":false},"excerpt":{"rendered":"<p>V\u0161etky na\u0161e no\u017ee s\u00fa vyroben\u00e9 v USA a tak to zachov\u00e1me. Ke\u010f si k\u00fapite niektor\u00fd z na\u0161ich no\u017eov, m\u00f4\u017eete ma\u0165 d\u00f4veru vo svoj n\u00e1stroj s vedom\u00edm, \u017ee je podporovan\u00fd americkou spolo\u010dnos\u0165ou. Na\u0161e no\u017ee s\u00fa vyr\u00e1ban\u00e9 v mal\u00fdch s\u00e9ri\u00e1ch, aby sme zaistili, \u017ee dostanete kvalitn\u00fd n\u00f4\u017e, ktor\u00e9mu sa dost\u00e1va pozornosti, ak\u00e9 sa nedost\u00e1va in\u00fdm s\u00e9riovo vyr\u00e1ban\u00fdm no\u017eom!!<\/p>\n","protected":false},"featured_media":228576,"comment_status":"open","ping_status":"closed","template":"","meta":[],"pwb-brand":[3196],"product_brand":[],"product_cat":[3186,3197],"product_tag":[],"class_list":{"0":"post-228586","1":"product","2":"type-product","3":"status-publish","4":"has-post-thumbnail","6":"pwb-brand-heretic-knives-sk","7":"product_cat-noze-sk","8":"product_cat-vystrelovacie-noze-sk","10":"first","11":"outofstock","12":"taxable","13":"shipping-taxable","14":"purchasable","15":"product-type-simple"},"brands":[{"id":3196,"name":"Heretic Knives","slug":"heretic-knives-sk"}],"_links":{"self":[{"href":"https:\/\/www.moskito.cz\/sk\/wp-json\/wp\/v2\/product\/228586","targetHints":{"allow":["GET"]}}],"collection":[{"href":"https:\/\/www.moskito.cz\/sk\/wp-json\/wp\/v2\/product"}],"about":[{"href":"https:\/\/www.moskito.cz\/sk\/wp-json\/wp\/v2\/types\/product"}],"replies":[{"embeddable":true,"href":"https:\/\/www.moskito.cz\/sk\/wp-json\/wp\/v2\/comments?post=228586"}],"wp:featuredmedia":[{"embeddable":true,"href":"https:\/\/www.moskito.cz\/sk\/wp-json\/wp\/v2\/media\/228576"}],"wp:attachment":[{"href":"https:\/\/www.moskito.cz\/sk\/wp-json\/wp\/v2\/media?parent=228586"}],"wp:term":[{"taxonomy":"pwb-brand","embeddable":true,"href":"https:\/\/www.moskito.cz\/sk\/wp-json\/wp\/v2\/pwb-brand?post=228586"},{"taxonomy":"product_brand","embeddable":true,"href":"https:\/\/www.moskito.cz\/sk\/wp-json\/wp\/v2\/product_brand?post=228586"},{"taxonomy":"product_cat","embeddable":true,"href":"https:\/\/www.moskito.cz\/sk\/wp-json\/wp\/v2\/product_cat?post=228586"},{"taxonomy":"product_tag","embeddable":true,"href":"https:\/\/www.moskito.cz\/sk\/wp-json\/wp\/v2\/product_tag?post=228586"}],"curies":[{"name":"wp","href":"https:\/\/api.w.org\/{rel}","templated":true}]}}