{"id":228596,"date":"2022-10-21T20:07:56","date_gmt":"2022-10-21T19:07:56","guid":{"rendered":"https:\/\/www.moskito.cz\/produkt\/vystrelovaci-noz-heretic-knives-manticore-x-recurve-battleworn-black-h033-8a\/"},"modified":"2025-05-07T10:42:49","modified_gmt":"2025-05-07T09:42:49","slug":"vystrelovaci-noz-heretic-knives-manticore-x-recurve-battleworn-black-h033-8a","status":"publish","type":"product","link":"https:\/\/www.moskito.cz\/sk\/produkt\/vystrelovaci-noz-heretic-knives-manticore-x-recurve-battleworn-black-h033-8a\/","title":{"rendered":"Vystre\u013eovac\u00ed N\u00f4\u017e Heretic Knives Manticore X Recurve Battleworn Black H033-8A"},"content":{"rendered":"<p>Vystre\u013eovac\u00ed N\u00f4\u017e Heretic Knives Manticore X Recurve Battleworn Black H033-8A.<\/p>\n<p>Heretic Knives Manticore X Recurve Battleworn \u010cierna rukov\u00e4\u0165 Battleworn Black \u0160tandardn\u00e1 \u010depe\u013e H033-8A<\/p>\n<p>Heretic Knives Manticore X je dvoj\u010dinn\u00fd predn\u00e9 auto s prvotriednym prisp\u00f4soben\u00edm a povrchovou \u00fapravou, prehnanou tuhos\u0165ou a super hladkou akciou D\/A OTF! Disponuje bo\u010dn\u00fdm posuvn\u00fdm krytom na jednoduch\u00e9 ovl\u00e1danie. Rukov\u00e4\u0165 m\u00e1 jemn\u00fd obrys a dr\u00e1\u017ekovanie po okrajoch pre bezpe\u010dn\u00e9 uchopenie. Kompletn\u00fd s hlbokou vreckovou sponou, vstavan\u00fdm otvorom na \u0161n\u00farku (rukov\u00e4\u0165 sa zu\u017euje smerom k z\u00e1kladni) a hrotom na rozb\u00edjanie skla. Tento Heretic OTF je skuto\u010dn\u00fd robotn\u00edk!<\/p>\n<p>Tento model je vybaven\u00fd bojov\u00fdmi \u010diernymi eloxovan\u00fdmi hlin\u00edkov\u00fdmi stupnicami 6061-T6. Bojov\u00e1 \u010depe\u013e z nerezovej ocele ELMAX s \u010diernou povrchovou \u00fapravou s jedn\u00fdm ostr\u00edm. \u010cierne prevedenie hardv\u00e9ru, gomb\u00edka a vreckov\u00e9 spony.<\/p>\n<p>Krajina p\u00f4vodu: USA<br \/>\nD\u00e1tum p\u00f4vodu: 2022<br \/>\nStav: \u00daplne nov\u00fd<br \/>\nMateri\u00e1l rukov\u00e4te: Hlin\u00edk<br \/>\nMateri\u00e1l \u010depele: ELMAX<br \/>\n\u0160t\u00fdl \u010depele: Recurve<br \/>\nPovrchov\u00e1 \u00faprava \u010depele: Bojov\u00e1 \u010dierna<br \/>\nTyp okraja: \u0160tandard<br \/>\nModel\/Vzor: Manticore X<br \/>\nTyp no\u017ea: Dvoj\u010dinn\u00e9 automatick\u00e9 OTF<br \/>\nTyp z\u00e1mku: Vpredu<br \/>\nD\u013a\u017eka \u010depele: 8.35 cm<br \/>\nCelkov\u00e1 d\u013a\u017eka: 22.85 cm<br \/>\nHmotnos\u0165: 4,3 unca<\/p>\n","protected":false},"excerpt":{"rendered":"<p>V\u0161etky na\u0161e no\u017ee s\u00fa vyroben\u00e9 v USA a tak to zachov\u00e1me. Ke\u010f si k\u00fapite niektor\u00fd z na\u0161ich no\u017eov, m\u00f4\u017eete ma\u0165 d\u00f4veru vo svoj n\u00e1stroj s vedom\u00edm, \u017ee je podporovan\u00fd americkou spolo\u010dnos\u0165ou. Na\u0161e no\u017ee s\u00fa vyr\u00e1ban\u00e9 v mal\u00fdch s\u00e9ri\u00e1ch, aby sme zaistili, \u017ee dostanete kvalitn\u00fd n\u00f4\u017e, ktor\u00e9mu sa dost\u00e1va pozornosti, ak\u00e9 sa nedost\u00e1va in\u00fdm s\u00e9riovo vyr\u00e1ban\u00fdm no\u017eom!!<\/p>\n","protected":false},"featured_media":228591,"comment_status":"open","ping_status":"closed","template":"","meta":[],"pwb-brand":[3196],"product_brand":[],"product_cat":[3186,3197],"product_tag":[],"class_list":{"0":"post-228596","1":"product","2":"type-product","3":"status-publish","4":"has-post-thumbnail","6":"pwb-brand-heretic-knives-sk","7":"product_cat-noze-sk","8":"product_cat-vystrelovacie-noze-sk","10":"first","11":"instock","12":"taxable","13":"shipping-taxable","14":"purchasable","15":"product-type-simple"},"brands":[{"id":3196,"name":"Heretic Knives","slug":"heretic-knives-sk"}],"_links":{"self":[{"href":"https:\/\/www.moskito.cz\/sk\/wp-json\/wp\/v2\/product\/228596","targetHints":{"allow":["GET"]}}],"collection":[{"href":"https:\/\/www.moskito.cz\/sk\/wp-json\/wp\/v2\/product"}],"about":[{"href":"https:\/\/www.moskito.cz\/sk\/wp-json\/wp\/v2\/types\/product"}],"replies":[{"embeddable":true,"href":"https:\/\/www.moskito.cz\/sk\/wp-json\/wp\/v2\/comments?post=228596"}],"wp:featuredmedia":[{"embeddable":true,"href":"https:\/\/www.moskito.cz\/sk\/wp-json\/wp\/v2\/media\/228591"}],"wp:attachment":[{"href":"https:\/\/www.moskito.cz\/sk\/wp-json\/wp\/v2\/media?parent=228596"}],"wp:term":[{"taxonomy":"pwb-brand","embeddable":true,"href":"https:\/\/www.moskito.cz\/sk\/wp-json\/wp\/v2\/pwb-brand?post=228596"},{"taxonomy":"product_brand","embeddable":true,"href":"https:\/\/www.moskito.cz\/sk\/wp-json\/wp\/v2\/product_brand?post=228596"},{"taxonomy":"product_cat","embeddable":true,"href":"https:\/\/www.moskito.cz\/sk\/wp-json\/wp\/v2\/product_cat?post=228596"},{"taxonomy":"product_tag","embeddable":true,"href":"https:\/\/www.moskito.cz\/sk\/wp-json\/wp\/v2\/product_tag?post=228596"}],"curies":[{"name":"wp","href":"https:\/\/api.w.org\/{rel}","templated":true}]}}