{"id":228650,"date":"2022-10-22T20:56:17","date_gmt":"2022-10-22T19:56:17","guid":{"rendered":"https:\/\/www.moskito.cz\/produkt\/vystrelovaci-noz-heretic-knives-wraith-auto-black-dlc-h000-4a-t\/"},"modified":"2025-05-07T10:42:51","modified_gmt":"2025-05-07T09:42:51","slug":"vystrelovaci-noz-heretic-knives-wraith-auto-black-dlc-h000-4a-t","status":"publish","type":"product","link":"https:\/\/www.moskito.cz\/sk\/produkt\/vystrelovaci-noz-heretic-knives-wraith-auto-black-dlc-h000-4a-t\/","title":{"rendered":"Vystre\u013eovac\u00ed N\u00f4\u017e Heretic Knives Wraith Auto Black DLC H000-4A-T"},"content":{"rendered":"<p>Vystre\u013eovac\u00ed N\u00f4\u017e Heretic Knives Wraith Auto Black DLC H000-4A-T<\/p>\n<p>Wraith Auto je ve\u013emi v\u0161estrann\u00fd n\u00f4\u017e s integr\u00e1lnym hlavn\u00fdm \u0161asi z jedn\u00e9ho kusu a samostatn\u00fdm dr\u017eiakom na umiestnenie automatick\u00e9ho mechanizmu. Ide o pracn\u00fd n\u00f4\u017e, ktor\u00fd znesie ranu, ale z\u00e1rove\u0148 vyzer\u00e1 \u0161t\u00fdlovo.<\/p>\n<p>T\u00e1to Wraith Auto je taktick\u00e1 verzia s \u010diernou DLC potiahnutou \u010depe\u013eou drop point s \u010diernou hlin\u00edkovou rukov\u00e4\u0165ou a mramorovan\u00fdm karb\u00f3nov\u00fdm vl\u00e1knom.<\/p>\n<p>Materi\u00e1l \u010depele: Elmax<br \/>\n\u0160t\u00fdl \u010depele: Drop Point<br \/>\nD\u013a\u017eka \u010depele: 9 cm<br \/>\nCelkov\u00e1 d\u013a\u017eka: 22 cm<br \/>\nMateri\u00e1l rukov\u00e4te: \u010cierny eloxovan\u00fd hlin\u00edk a mramorovan\u00fd CF dr\u017eiak<br \/>\nSyst\u00e9m z\u00e1mku: Z\u00e1mok tla\u010didla \/ zanorenie<br \/>\nHmotnos\u0165: 5,07 unca<br \/>\nVreckov\u00fd klip: Prav\u00e1 ruka Tip dole<br \/>\nKrajina p\u00f4vodu: USA<\/p>\n","protected":false},"excerpt":{"rendered":"<p>V\u0161etky na\u0161e no\u017ee s\u00fa vyroben\u00e9 v USA a tak to zachov\u00e1me. Ke\u010f si k\u00fapite niektor\u00fd z na\u0161ich no\u017eov, m\u00f4\u017eete ma\u0165 d\u00f4veru vo svoj n\u00e1stroj s vedom\u00edm, \u017ee je podporovan\u00fd americkou spolo\u010dnos\u0165ou. Na\u0161e no\u017ee s\u00fa vyr\u00e1ban\u00e9 v mal\u00fdch s\u00e9ri\u00e1ch, aby sme zaistili, \u017ee dostanete kvalitn\u00fd n\u00f4\u017e, ktor\u00e9mu sa dost\u00e1va pozornosti, ak\u00e9 sa nedost\u00e1va in\u00fdm s\u00e9riovo vyr\u00e1ban\u00fdm no\u017eom!!<\/p>\n","protected":false},"featured_media":228645,"comment_status":"open","ping_status":"closed","template":"","meta":[],"pwb-brand":[3196],"product_brand":[],"product_cat":[3186,3197],"product_tag":[],"class_list":{"0":"post-228650","1":"product","2":"type-product","3":"status-publish","4":"has-post-thumbnail","6":"pwb-brand-heretic-knives-sk","7":"product_cat-noze-sk","8":"product_cat-vystrelovacie-noze-sk","10":"first","11":"outofstock","12":"taxable","13":"shipping-taxable","14":"purchasable","15":"product-type-simple"},"brands":[{"id":3196,"name":"Heretic Knives","slug":"heretic-knives-sk"}],"_links":{"self":[{"href":"https:\/\/www.moskito.cz\/sk\/wp-json\/wp\/v2\/product\/228650","targetHints":{"allow":["GET"]}}],"collection":[{"href":"https:\/\/www.moskito.cz\/sk\/wp-json\/wp\/v2\/product"}],"about":[{"href":"https:\/\/www.moskito.cz\/sk\/wp-json\/wp\/v2\/types\/product"}],"replies":[{"embeddable":true,"href":"https:\/\/www.moskito.cz\/sk\/wp-json\/wp\/v2\/comments?post=228650"}],"wp:featuredmedia":[{"embeddable":true,"href":"https:\/\/www.moskito.cz\/sk\/wp-json\/wp\/v2\/media\/228645"}],"wp:attachment":[{"href":"https:\/\/www.moskito.cz\/sk\/wp-json\/wp\/v2\/media?parent=228650"}],"wp:term":[{"taxonomy":"pwb-brand","embeddable":true,"href":"https:\/\/www.moskito.cz\/sk\/wp-json\/wp\/v2\/pwb-brand?post=228650"},{"taxonomy":"product_brand","embeddable":true,"href":"https:\/\/www.moskito.cz\/sk\/wp-json\/wp\/v2\/product_brand?post=228650"},{"taxonomy":"product_cat","embeddable":true,"href":"https:\/\/www.moskito.cz\/sk\/wp-json\/wp\/v2\/product_cat?post=228650"},{"taxonomy":"product_tag","embeddable":true,"href":"https:\/\/www.moskito.cz\/sk\/wp-json\/wp\/v2\/product_tag?post=228650"}],"curies":[{"name":"wp","href":"https:\/\/api.w.org\/{rel}","templated":true}]}}