{"id":228659,"date":"2022-10-22T21:35:10","date_gmt":"2022-10-22T20:35:10","guid":{"rendered":"https:\/\/www.moskito.cz\/produkt\/vystrelovaci-noz-heretic-knives-medusa-automatic-knife-orange-camo-h011-6a-orfc\/"},"modified":"2025-05-07T10:42:51","modified_gmt":"2025-05-07T09:42:51","slug":"vystrelovaci-noz-heretic-knives-medusa-automatic-knife-orange-camo-h011-6a-orfc","status":"publish","type":"product","link":"https:\/\/www.moskito.cz\/sk\/produkt\/vystrelovaci-noz-heretic-knives-medusa-automatic-knife-orange-camo-h011-6a-orfc\/","title":{"rendered":"Vystre\u013eovac\u00ed N\u00f4\u017e Heretic Knives Medusa Automatic Knife Orange Camo H011-6A-ORFC"},"content":{"rendered":"<p>Vystre\u013eovac\u00ed N\u00f4\u017e Heretic Knives Medusa Automatic Knife Orange Camo H011-6A-ORFC.<\/p>\n<p>Medusa, vyvinut\u00e1 s oh\u013eadom na pohodlie, je jedin\u00fd n\u00f4\u017e, ktor\u00fd potrebujete, ak chcete zakry\u0165 v\u0161etky svoje z\u00e1kladne. Ergonomick\u00e1 rukov\u00e4\u0165, \u010di u\u017e dr\u017ean\u00e1 v obr\u00e1tenom \u00fachope alebo dr\u017ean\u00e1 pravidelne, p\u00f4sob\u00ed ako pred\u013a\u017eenie ruky, sk\u00f4r ne\u017e dr\u017eanie len \u010fal\u0161ieho no\u017ea. Ka\u017ed\u00e1 \u010depe\u013e je strojovo br\u00fasen\u00e1, ru\u010dne br\u00fasen\u00e1 a ru\u010dne zostavovan\u00e1, aby koncov\u00e9mu u\u017e\u00edvate\u013eovi poskytla vlastn\u00fd pocit z produk\u010dn\u00e9ho no\u017ea. Obe Medusy s\u00fa k dispoz\u00edcii v automatick\u00fdch (tento model) aj manu\u00e1lnych variantoch a jazdia na z\u00e1vodn\u00fdch lo\u017eisk\u00e1ch GTC pre \u010do najhlad\u0161iu a najr\u00fdchlej\u0161iu akciu. Medusa bude \u0165ah\u00fa\u0148, ktor\u00e9ho h\u013ead\u00e1te, a ur\u010dite prekon\u00e1 ak\u00fako\u013evek \u00falohu, proti ktorej stoj\u00ed.<\/p>\n<p>Celkov\u00e1 d\u013a\u017eka: 19.37 cm<br \/>\n\u010cepe\u013e: 8.125 cm Elmax, Tanto Two-Tone, Black DLC<br \/>\nRukov\u00e4\u0165: oran\u017eov\u00e9\/\u010dierne Camo Carbon Fiber<br \/>\nHardv\u00e9r: Black DLC<br \/>\nOtv\u00e1ra\u010d: Automatick\u00e9 tla\u010didlo<br \/>\nKlip: Roller gu\u013ea, Tip-Up<br \/>\nVyroben\u00e9 v USA<br \/>\nLimitovan\u00e1 ed\u00edcia<br \/>\nModel: H011-6A-ORCF<\/p>\n","protected":false},"excerpt":{"rendered":"<p>V\u0161etky na\u0161e no\u017ee s\u00fa vyroben\u00e9 v USA a tak to zachov\u00e1me. Ke\u010f si k\u00fapite niektor\u00fd z na\u0161ich no\u017eov, m\u00f4\u017eete ma\u0165 d\u00f4veru vo svoj n\u00e1stroj s vedom\u00edm, \u017ee je podporovan\u00fd americkou spolo\u010dnos\u0165ou. Na\u0161e no\u017ee s\u00fa vyr\u00e1ban\u00e9 v mal\u00fdch s\u00e9ri\u00e1ch, aby sme zaistili, \u017ee dostanete kvalitn\u00fd n\u00f4\u017e, ktor\u00e9mu sa dost\u00e1va pozornosti, ak\u00e9 sa nedost\u00e1va in\u00fdm s\u00e9riovo vyr\u00e1ban\u00fdm no\u017eom!!<\/p>\n","protected":false},"featured_media":228654,"comment_status":"open","ping_status":"closed","template":"","meta":[],"pwb-brand":[3196],"product_brand":[],"product_cat":[3186,3197],"product_tag":[],"class_list":{"0":"post-228659","1":"product","2":"type-product","3":"status-publish","4":"has-post-thumbnail","6":"pwb-brand-heretic-knives-sk","7":"product_cat-noze-sk","8":"product_cat-vystrelovacie-noze-sk","10":"first","11":"instock","12":"taxable","13":"shipping-taxable","14":"purchasable","15":"product-type-simple"},"brands":[{"id":3196,"name":"Heretic Knives","slug":"heretic-knives-sk"}],"_links":{"self":[{"href":"https:\/\/www.moskito.cz\/sk\/wp-json\/wp\/v2\/product\/228659","targetHints":{"allow":["GET"]}}],"collection":[{"href":"https:\/\/www.moskito.cz\/sk\/wp-json\/wp\/v2\/product"}],"about":[{"href":"https:\/\/www.moskito.cz\/sk\/wp-json\/wp\/v2\/types\/product"}],"replies":[{"embeddable":true,"href":"https:\/\/www.moskito.cz\/sk\/wp-json\/wp\/v2\/comments?post=228659"}],"wp:featuredmedia":[{"embeddable":true,"href":"https:\/\/www.moskito.cz\/sk\/wp-json\/wp\/v2\/media\/228654"}],"wp:attachment":[{"href":"https:\/\/www.moskito.cz\/sk\/wp-json\/wp\/v2\/media?parent=228659"}],"wp:term":[{"taxonomy":"pwb-brand","embeddable":true,"href":"https:\/\/www.moskito.cz\/sk\/wp-json\/wp\/v2\/pwb-brand?post=228659"},{"taxonomy":"product_brand","embeddable":true,"href":"https:\/\/www.moskito.cz\/sk\/wp-json\/wp\/v2\/product_brand?post=228659"},{"taxonomy":"product_cat","embeddable":true,"href":"https:\/\/www.moskito.cz\/sk\/wp-json\/wp\/v2\/product_cat?post=228659"},{"taxonomy":"product_tag","embeddable":true,"href":"https:\/\/www.moskito.cz\/sk\/wp-json\/wp\/v2\/product_tag?post=228659"}],"curies":[{"name":"wp","href":"https:\/\/api.w.org\/{rel}","templated":true}]}}