{"id":228709,"date":"2022-10-23T11:13:53","date_gmt":"2022-10-23T10:13:53","guid":{"rendered":"https:\/\/www.moskito.cz\/produkt\/vystrelovaci-noz-heretic-knives-custom-roc-otf-auto-baker-forge-tiger-gomai-damascus-hawkbill-blade\/"},"modified":"2025-05-07T10:42:52","modified_gmt":"2025-05-07T09:42:52","slug":"vystrelovaci-noz-heretic-knives-custom-roc-otf-auto-baker-forge-tiger-gomai-damascus-hawkbill-blade","status":"publish","type":"product","link":"https:\/\/www.moskito.cz\/sk\/produkt\/vystrelovaci-noz-heretic-knives-custom-roc-otf-auto-baker-forge-tiger-gomai-damascus-hawkbill-blade\/","title":{"rendered":"Vystre\u013eovac\u00ed N\u00f4\u017e Heretic Knives Custom Roc OTF AUTO Baker Forge Tiger GoMai Damascus Hawkbill Blade"},"content":{"rendered":"<p>Vystre\u013eovac\u00ed N\u00f4\u017e <strong>Heretic Knives<\/strong> Custom Roc OTF AUTO Baker Forge Tiger GoMai Damascus Hawkbill Blade.<\/p>\n<p>Roc z <strong>Heretic Knives<\/strong> spad\u00e1 priamo do sladkej bodky v zostave Heretic. Roc je ide\u00e1lna ve\u013ekos\u0165 pre v\u00e4\u010d\u0161inu z n\u00e1s, priamo na rovnakej \u00farovni ako sl\u00e1vny Microtech Ultratech. Tento n\u00f4\u017e je 100% vyroben\u00fd a zostaven\u00fd v USA a je podporen\u00fd do\u017eivotnou z\u00e1rukou, tak\u017ee si m\u00f4\u017eete by\u0165 ist\u00ed, \u017ee tento OTF vydr\u017e\u00ed. Vyzna\u010duje sa hodv\u00e1bne hladk\u00fdm nasaden\u00edm a zatiahnut\u00edm jednou rukou, \u010do je \u0161tandardn\u00e1 v rade Heretic OTF. Tento model sa vyzna\u010duje o nie\u010do dlh\u0161\u00edm ako trojpalcov\u00fdm ostr\u00edm, integrovan\u00fdm otvorom pre \u0161n\u00farku, hlbokou sponou na pren\u00e1\u0161anie a niektor\u00fdmi naozaj \u0161pi\u010dkov\u00fdmi estetick\u00fdmi prvkami. Jeho \u0161t\u00edhly profil a \u013eahk\u00e1 povaha umo\u017e\u0148uj\u00fa \u013eahk\u00e9 pren\u00e1\u0161anie po ruke a pripraven\u00e9 okam\u017eite. Akcia je n\u00e1vykov\u00e1, ergon\u00f3mia je na mieste a kvalita spracovania je \u0161pi\u010dkov\u00e1. Nebudete sklaman\u00ed.<\/p>\n<p>Toto je z\u00e1kazkov\u00fd model, ktor\u00fd sme z\u00edskali na v\u00fdstave USN GXIII Show 2022, a jeden z najkvalitnej\u0161\u00edch a najkraj\u0161\u00edch jastraboch OTF, ak\u00e9 sme kedy mali. Ak je to nejak\u00fd n\u00e1znak toho, \u010do m\u00e1 pr\u00eds\u0165 od Heretic Knives, potom sme rozhodne nad\u0161en\u00ed z bud\u00facnosti.<\/p>\n<p>\u0160pecifik\u00e1cia<br \/>\nD\u013a\u017eka \u010depele: 8 cm<br \/>\nRezn\u00e1 hrana: 7.5 cm<br \/>\nD\u013a\u017eka v zatvorenom stave: 11.75 cm<br \/>\nCelkov\u00e1 d\u013a\u017eka: 19.37 cm<br \/>\nMateri\u00e1l \u010depele: Baker Forge Tiger GoMai Damask<br \/>\nHr\u00fabka \u010depele: 0.35 cm<br \/>\n\u0160t\u00fdl \u010depele: Hawkbill<br \/>\nBr\u00fasenie \u010depele: Ploch\u00e9<br \/>\nPovrchov\u00e1 \u00faprava \u010depele: Leptanie kyselinou me\u010fou<br \/>\nMateri\u00e1l rukov\u00e4te: \u010cierny hlin\u00edk s mosadzn\u00fdmi a meden\u00fdmi vlo\u017ekami z hadej ko\u017ee FatCarbon<br \/>\nHr\u00fabka rukov\u00e4te: 1.125 cm<br \/>\nUzamykac\u00ed mechanizmus: Posuvn\u00fd<br \/>\nVreckov\u00fd klip: Titanium Deep Carry (sklopenie dole, prav\u00e9 nosenie)<br \/>\nHmotnos\u0165: 4,16 oz.<br \/>\nDizajn\u00e9r: Tony Marfione Jr.<br \/>\nVyroben\u00e9 v USA<\/p>\n<p><iframe title=\"Microtech Combat Troodon Torture Test\" width=\"800\" height=\"450\" src=\"https:\/\/www.youtube.com\/embed\/xE9TeOFYEjg?feature=oembed\" frameborder=\"0\" allow=\"accelerometer; autoplay; clipboard-write; encrypted-media; gyroscope; picture-in-picture; web-share\" allowfullscreen><\/iframe><\/p>\n<p>&nbsp;<\/p>\n","protected":false},"excerpt":{"rendered":"<p>Toto je <strong>z\u00e1kazkov\u00fd model<\/strong> , ktor\u00fd sme z\u00edskali na v\u00fdstave USN GXIII Show 2022.<\/p>\n","protected":false},"featured_media":228697,"comment_status":"open","ping_status":"closed","template":"","meta":[],"pwb-brand":[3196],"product_brand":[],"product_cat":[3186,3197],"product_tag":[3668],"class_list":{"0":"post-228709","1":"product","2":"type-product","3":"status-publish","4":"has-post-thumbnail","6":"pwb-brand-heretic-knives-sk","7":"product_cat-noze-sk","8":"product_cat-vystrelovacie-noze-sk","9":"product_tag-b2b-sk","11":"first","12":"outofstock","13":"taxable","14":"shipping-taxable","15":"purchasable","16":"product-type-simple"},"brands":[{"id":3196,"name":"Heretic Knives","slug":"heretic-knives-sk"}],"_links":{"self":[{"href":"https:\/\/www.moskito.cz\/sk\/wp-json\/wp\/v2\/product\/228709","targetHints":{"allow":["GET"]}}],"collection":[{"href":"https:\/\/www.moskito.cz\/sk\/wp-json\/wp\/v2\/product"}],"about":[{"href":"https:\/\/www.moskito.cz\/sk\/wp-json\/wp\/v2\/types\/product"}],"replies":[{"embeddable":true,"href":"https:\/\/www.moskito.cz\/sk\/wp-json\/wp\/v2\/comments?post=228709"}],"wp:featuredmedia":[{"embeddable":true,"href":"https:\/\/www.moskito.cz\/sk\/wp-json\/wp\/v2\/media\/228697"}],"wp:attachment":[{"href":"https:\/\/www.moskito.cz\/sk\/wp-json\/wp\/v2\/media?parent=228709"}],"wp:term":[{"taxonomy":"pwb-brand","embeddable":true,"href":"https:\/\/www.moskito.cz\/sk\/wp-json\/wp\/v2\/pwb-brand?post=228709"},{"taxonomy":"product_brand","embeddable":true,"href":"https:\/\/www.moskito.cz\/sk\/wp-json\/wp\/v2\/product_brand?post=228709"},{"taxonomy":"product_cat","embeddable":true,"href":"https:\/\/www.moskito.cz\/sk\/wp-json\/wp\/v2\/product_cat?post=228709"},{"taxonomy":"product_tag","embeddable":true,"href":"https:\/\/www.moskito.cz\/sk\/wp-json\/wp\/v2\/product_tag?post=228709"}],"curies":[{"name":"wp","href":"https:\/\/api.w.org\/{rel}","templated":true}]}}