{"id":228725,"date":"2022-10-23T12:52:20","date_gmt":"2022-10-23T11:52:20","guid":{"rendered":"https:\/\/www.moskito.cz\/produkt\/pevny-noz-heretic-knives-sleight-modular-push-dagger-battleworn-black-h050-8a-brkorg\/"},"modified":"2025-05-07T10:42:53","modified_gmt":"2025-05-07T09:42:53","slug":"pevny-noz-heretic-knives-sleight-modular-push-dagger-battleworn-black-h050-8a-brkorg","status":"publish","type":"product","link":"https:\/\/www.moskito.cz\/sk\/produkt\/pevny-noz-heretic-knives-sleight-modular-push-dagger-battleworn-black-h050-8a-brkorg\/","title":{"rendered":"Pevn\u00fd N\u00f4\u017e HERETIC KNIVES Sleight Modular Push Dagger Battleworn Black H050-8A-BRKORG"},"content":{"rendered":"<p>Pevn\u00fd N\u00f4\u017e HERETIC KNIVES Sleight Modular Push Dagger Battleworn Black H050-8A-BRKORG.<\/p>\n<p>Predstavujeme Heretic Sleight, prv\u00fa modul\u00e1rnu tla\u010dn\u00fa d\u00fdku Tony Jr. Sleight sa \u0161tandardne dod\u00e1va so dl\u00e1tovo br\u00fasenou \u0161tandardnou \u010depe\u013eou s dvojit\u00fdm ostr\u00edm (CPM-20CV) s d\u013a\u017ekou ostrie 6.57 cm. Dod\u00e1va sa s celkovou d\u013a\u017ekou 13.5 cm, hr\u00fabkou 0.862 cm a 3,2 unca bez pl\u00e1\u0161\u0165a. Sleight je modul\u00e1rny, jednoducho vyberte tri skrutky T8 a vyme\u0148te \u010depe\u013e za rukov\u00e4\u0165 no\u017ea Sleight (pred\u00e1va sa samostatne) alebo vyme\u0148te za in\u00e9 pr\u00edslu\u0161enstvo Sleight Zabezpe\u010den\u00e9 Tek-Lok, bu\u010fte si ist\u00ed, \u017ee va\u0161a Sleight zostane nedotknut\u00e1, \u010di u\u017e sa ju rozhodnete nosi\u0165.<\/p>\n<p>\u0160pecifik\u00e1cia<br \/>\nD\u013a\u017eka \u010depele: 7.375 cm<br \/>\nCelkov\u00e1 d\u013a\u017eka: 13.5 cm<br \/>\nMateri\u00e1l \u010depele: CPM-20CV Nerezov\u00e1 oce\u013e<br \/>\nHr\u00fabka \u010depele: 0.862 cm<br \/>\n\u0160t\u00fdl \u010depele: D\u00fdka s dvojitou hranou<br \/>\nBr\u00fasenie \u010depele: Ploch\u00e9<br \/>\nPovrchov\u00e1 \u00faprava \u010depele: Battleworn Black<br \/>\nMateri\u00e1l rukov\u00e4te: Prelomovo oran\u017eov\u00fd eloxovan\u00fd hlin\u00edk 6061-T6<br \/>\nHr\u00fabka rukov\u00e4te: 0.862 cm<br \/>\nMateri\u00e1l pl\u00e1\u0161\u0165a: Kydex<br \/>\nHmotnos\u0165: 3,2 oz.<br \/>\nHmotnos\u0165 s puzdrom: 6,0 oz.<br \/>\nDizajn\u00e9r: Tony Marfione Jr.<br \/>\nVyroben\u00e9 v USA<\/p>\n","protected":false},"excerpt":{"rendered":"<p>Pevn\u00fd N\u00f4\u017e HERETIC KNIVES Sleight Modular Push Dagger Battleworn Black H050-8A-BRKORG.<\/p>\n<p>Predstavujeme Heretic Sleight, prv\u00fa modul\u00e1rnu tla\u010dn\u00fa d\u00fdku Tony Jr. Sleight sa \u0161tandardne dod\u00e1va so dl\u00e1tovo br\u00fasenou \u0161tandardnou \u010depe\u013eou s dvojit\u00fdm ostr\u00edm (CPM-20CV) s d\u013a\u017ekou ostrie 6.57 cm. Dod\u00e1va sa s celkovou d\u013a\u017ekou 13.5 cm, hr\u00fabkou 0.862 cm a 3,2 unca bez pl\u00e1\u0161\u0165a. Sleight je modul\u00e1rny, jednoducho vyberte tri skrutky T8 a vyme\u0148te \u010depe\u013e za rukov\u00e4\u0165 no\u017ea Sleight (pred\u00e1va sa samostatne) alebo vyme\u0148te za in\u00e9 pr\u00edslu\u0161enstvo Sleight Zabezpe\u010den\u00e9 Tek-Lok, bu\u010fte si ist\u00ed, \u017ee va\u0161a Sleight zostane nedotknut\u00e1, \u010di u\u017e sa ju rozhodnete nosi\u0165.<\/p>\n<p>\u0160pecifik\u00e1cia<br \/>\nD\u013a\u017eka \u010depele: 7.375 cm<br \/>\nCelkov\u00e1 d\u013a\u017eka: 13.5 cm<br \/>\nMateri\u00e1l \u010depele: CPM-20CV Nerezov\u00e1 oce\u013e<br \/>\nHr\u00fabka \u010depele: 0.862 cm<br \/>\n\u0160t\u00fdl \u010depele: D\u00fdka s dvojitou hranou<br \/>\nBr\u00fasenie \u010depele: Ploch\u00e9<br \/>\nPovrchov\u00e1 \u00faprava \u010depele: Battleworn Black<br \/>\nMateri\u00e1l rukov\u00e4te: Prelomovo oran\u017eov\u00fd eloxovan\u00fd hlin\u00edk 6061-T6<br \/>\nHr\u00fabka rukov\u00e4te: 0.862 cm<br \/>\nMateri\u00e1l pl\u00e1\u0161\u0165a: Kydex<br \/>\nHmotnos\u0165: 3,2 oz.<br \/>\nHmotnos\u0165 s puzdrom: 6,0 oz.<br \/>\nDizajn\u00e9r: Tony Marfione Jr.<br \/>\nVyroben\u00e9 v USA<\/p>\n","protected":false},"featured_media":228713,"comment_status":"open","ping_status":"closed","template":"","meta":[],"pwb-brand":[],"product_brand":[],"product_cat":[3186,3187],"product_tag":[],"class_list":{"0":"post-228725","1":"product","2":"type-product","3":"status-publish","4":"has-post-thumbnail","6":"product_cat-noze-sk","7":"product_cat-pevne-noze-sk","9":"first","10":"instock","11":"taxable","12":"shipping-taxable","13":"purchasable","14":"product-type-simple"},"brands":[],"_links":{"self":[{"href":"https:\/\/www.moskito.cz\/sk\/wp-json\/wp\/v2\/product\/228725","targetHints":{"allow":["GET"]}}],"collection":[{"href":"https:\/\/www.moskito.cz\/sk\/wp-json\/wp\/v2\/product"}],"about":[{"href":"https:\/\/www.moskito.cz\/sk\/wp-json\/wp\/v2\/types\/product"}],"replies":[{"embeddable":true,"href":"https:\/\/www.moskito.cz\/sk\/wp-json\/wp\/v2\/comments?post=228725"}],"wp:featuredmedia":[{"embeddable":true,"href":"https:\/\/www.moskito.cz\/sk\/wp-json\/wp\/v2\/media\/228713"}],"wp:attachment":[{"href":"https:\/\/www.moskito.cz\/sk\/wp-json\/wp\/v2\/media?parent=228725"}],"wp:term":[{"taxonomy":"pwb-brand","embeddable":true,"href":"https:\/\/www.moskito.cz\/sk\/wp-json\/wp\/v2\/pwb-brand?post=228725"},{"taxonomy":"product_brand","embeddable":true,"href":"https:\/\/www.moskito.cz\/sk\/wp-json\/wp\/v2\/product_brand?post=228725"},{"taxonomy":"product_cat","embeddable":true,"href":"https:\/\/www.moskito.cz\/sk\/wp-json\/wp\/v2\/product_cat?post=228725"},{"taxonomy":"product_tag","embeddable":true,"href":"https:\/\/www.moskito.cz\/sk\/wp-json\/wp\/v2\/product_tag?post=228725"}],"curies":[{"name":"wp","href":"https:\/\/api.w.org\/{rel}","templated":true}]}}