{"id":228906,"date":"2022-10-30T18:00:19","date_gmt":"2022-10-30T17:00:19","guid":{"rendered":"https:\/\/www.moskito.cz\/produkt\/vystrelovaci-noz-microtech-marfione-halo-iii-mini-blued-nebula-damascus-abalone\/"},"modified":"2025-05-07T10:42:57","modified_gmt":"2025-05-07T09:42:57","slug":"vystrelovaci-noz-microtech-marfione-halo-iii-mini-blued-nebula-damascus-abalone","status":"publish","type":"product","link":"https:\/\/www.moskito.cz\/sk\/produkt\/vystrelovaci-noz-microtech-marfione-halo-iii-mini-blued-nebula-damascus-abalone\/","title":{"rendered":"Vystre\u013eovac\u00ed N\u00f4\u017e Microtech Marfione HALO III Mini Blued Nebula Damascus Abalone"},"content":{"rendered":"<p>Vystre\u013eovac\u00ed N\u00f4\u017e <strong>Microtech Marfione<\/strong> HALO III Mini Blued Nebula Damascus Abalone.<\/p>\n<p>Halo Automatic od Tonyho Marfionea je triedou sveta OTF a m\u00e1 jednu z najsilnej\u0161\u00edch vystre\u013eovac\u00edch \u010depel\u00ed, ak\u00e9 sme kedy videli. Tla\u010didlo bleskur\u00fdchlo vystrel\u00ed \u010depe\u013e a tie\u017e \u010depe\u013e odist\u00ed, tak\u017ee ke\u010f zatiahnete za p\u00fatko na tupom konci no\u017ea, \u010depe\u013e sa \u013eahko zasunie do rukov\u00e4te a znovu vystrel\u00ed.<\/p>\n<p>Tento Mini Halo III OTF m\u00e1 hor\u00faco modr\u00fa \u010depe\u013e na tanto Bertie Reitveld Dragon Skin Damask, \u010diernu hlin\u00edkov\u00fa rukov\u00e4\u0165, vkladacie tla\u010didlo Abalone a nab\u00edjaciu rukov\u00e4\u0165, dvojit\u00fd naparovan\u00fd hardv\u00e9r a je dod\u00e1van\u00fd vo vlastnom puzdre z uhl\u00edkov\u00fdch vl\u00e1kien s kovov\u00fdm certifik\u00e1tom pravosti. Jedn\u00e1 sa o \u00faplne \u00fa\u017easn\u00fd vysoko zberate\u013esk\u00fd k\u00fasok a skuto\u010dne v\u00e1m umo\u017en\u00ed nahliadnu\u0165 do toho, ak\u00e9 pekn\u00e9 m\u00f4\u017eu by\u0165 predn\u00e9 AUTO, obzvl\u00e1\u0161\u0165 tie takto mal\u00e9.<\/p>\n<p>\u0160pecifik\u00e1cia<br \/>\nD\u013a\u017eka \u010depele: 5 cm<br \/>\nCelkov\u00e1 d\u013a\u017eka: 11.62 cm<br \/>\nMateri\u00e1ly \u010depele: dama\u0161kov\u00e1 oce\u013e s hor\u00facim modr\u00fdm svetlom<br \/>\nHr\u00fabka \u010depele: 0.18 cm<br \/>\n\u0160t\u00fdl \u010depele: Tanto<br \/>\nBr\u00fasenie \u010depele: Dut\u00e1, hviezdicov\u00e1 mrie\u017eka<br \/>\nMateri\u00e1l rukov\u00e4te: Tvrd\u00fd eloxovan\u00fd hlin\u00edk 6061-T6 s Abalone vlo\u017ekou<br \/>\nHr\u00fabka rukov\u00e4te: 0.53 cm<br \/>\nUzamykac\u00ed mechanizmus: Tla\u010didlo<br \/>\nVreckov\u00fd klip: \u017diadny<br \/>\nMateri\u00e1l puzdra: Vlastn\u00e9 puzdro z uhl\u00edkov\u00fdch vl\u00e1kien<br \/>\nHmotnos\u0165: 0,5 oz.<br \/>\nDizajn\u00e9ri: Tony a Sean Marfione<br \/>\nRu\u010dn\u00e1 v\u00fdroba v USA<\/p>\n<p><iframe title=\"Microtech Combat Troodon Torture Test\" width=\"800\" height=\"450\" src=\"https:\/\/www.youtube.com\/embed\/xE9TeOFYEjg?feature=oembed\" frameborder=\"0\" allow=\"accelerometer; autoplay; clipboard-write; encrypted-media; gyroscope; picture-in-picture; web-share\" allowfullscreen><\/iframe><\/p>\n<p>&nbsp;<\/p>\n","protected":false},"excerpt":{"rendered":"<p><strong>Z\u00e1kazkov\u00fd n\u00f4\u017e Marfione<\/strong> <strong>\u00fa\u017easn\u00fd vysoko zberate\u013esk\u00fd k\u00fasok.<\/strong> <\/p>\n","protected":false},"featured_media":228886,"comment_status":"open","ping_status":"closed","template":"","meta":[],"pwb-brand":[3200],"product_brand":[],"product_cat":[3424,3186,3197],"product_tag":[3668],"class_list":{"0":"post-228906","1":"product","2":"type-product","3":"status-publish","4":"has-post-thumbnail","6":"pwb-brand-microtech-sk","7":"product_cat-damascenske-noze-sk","8":"product_cat-noze-sk","9":"product_cat-vystrelovacie-noze-sk","10":"product_tag-b2b-sk","12":"first","13":"instock","14":"taxable","15":"shipping-taxable","16":"purchasable","17":"product-type-simple"},"brands":[{"id":3200,"name":"Microtech","slug":"microtech-sk"}],"_links":{"self":[{"href":"https:\/\/www.moskito.cz\/sk\/wp-json\/wp\/v2\/product\/228906","targetHints":{"allow":["GET"]}}],"collection":[{"href":"https:\/\/www.moskito.cz\/sk\/wp-json\/wp\/v2\/product"}],"about":[{"href":"https:\/\/www.moskito.cz\/sk\/wp-json\/wp\/v2\/types\/product"}],"replies":[{"embeddable":true,"href":"https:\/\/www.moskito.cz\/sk\/wp-json\/wp\/v2\/comments?post=228906"}],"wp:featuredmedia":[{"embeddable":true,"href":"https:\/\/www.moskito.cz\/sk\/wp-json\/wp\/v2\/media\/228886"}],"wp:attachment":[{"href":"https:\/\/www.moskito.cz\/sk\/wp-json\/wp\/v2\/media?parent=228906"}],"wp:term":[{"taxonomy":"pwb-brand","embeddable":true,"href":"https:\/\/www.moskito.cz\/sk\/wp-json\/wp\/v2\/pwb-brand?post=228906"},{"taxonomy":"product_brand","embeddable":true,"href":"https:\/\/www.moskito.cz\/sk\/wp-json\/wp\/v2\/product_brand?post=228906"},{"taxonomy":"product_cat","embeddable":true,"href":"https:\/\/www.moskito.cz\/sk\/wp-json\/wp\/v2\/product_cat?post=228906"},{"taxonomy":"product_tag","embeddable":true,"href":"https:\/\/www.moskito.cz\/sk\/wp-json\/wp\/v2\/product_tag?post=228906"}],"curies":[{"name":"wp","href":"https:\/\/api.w.org\/{rel}","templated":true}]}}