{"id":229044,"date":"2022-10-31T22:44:10","date_gmt":"2022-10-31T21:44:10","guid":{"rendered":"https:\/\/www.moskito.cz\/?post_type=product&#038;p=229044"},"modified":"2025-05-07T10:43:03","modified_gmt":"2025-05-07T09:43:03","slug":"pevny-nuz-cold-steel-pendleton-hunter-fixed-aus10-blade-kray-ex-handles","status":"publish","type":"product","link":"https:\/\/www.moskito.cz\/sk\/produkt\/pevny-nuz-cold-steel-pendleton-hunter-fixed-aus10-blade-kray-ex-handles\/","title":{"rendered":"Pevn\u00fd N\u016f\u017e Cold Steel Pendleton Hunter Fixed AUS10 Blade Kray-Ex Handles"},"content":{"rendered":"<p>Pevn\u00fd N\u016f\u017e <strong>Cold Steel<\/strong> Pendleton Hunter Fixed AUS10 Blade Kray-Ex Handles.<\/p>\n<p>Pendleton Hunter je loveck\u00fd n\u016f\u017e st\u0159edn\u00ed velikosti s hladk\u00fdm ost\u0159\u00edm. COLD STEEL vyr\u00e1b\u00ed Pendlton Huntery podle p\u0159edlohy no\u017e\u016f zn\u00e1m\u00e9ho americk\u00e9ho no\u017e\u00ed\u0159e Lloyd Pendletona, kter\u00fd s firmou \u00fazce spolupracuje a pod\u00edl\u00ed se na v\u00fdvoji s\u00e9riov\u011b vyr\u00e1b\u011bn\u00fdch loveck\u00fdch no\u017e\u016f. \u010cepel DropPoint je vyrobena z japonsk\u00e9 oceli AUS 10A. Tato martenzitick\u00e1, nerezov\u00e1 ocel m\u00e1 velmi dobr\u00e9 pevnostn\u00ed vlastnosti a je vedena p\u0159edev\u0161\u00edm jako materi\u00e1l na \u0159ezn\u00e9 n\u00e1stroje. Oproti AUS 8A l\u00e9pe dr\u017e\u00ed ost\u0159\u00ed a je odoln\u011bj\u0161\u00ed proti ot\u011bru. Ocel byla n\u00e1sledn\u011b tepeln\u011b zpracov\u00e1na pro dokonalou rovnov\u00e1hu mezi dr\u017een\u00edm ost\u0159\u00ed a snadn\u00fdm op\u011btovn\u00fdm brou\u0161en\u00edm. Perfektn\u011b tvarovan\u00e1 rukoje\u0165 no\u017ee z materi\u00e1lu Kraton (Long Kray-Ex\u2122) nab\u00edz\u00ed neklouzav\u00fd povrch. V\u00fdborn\u011b padne do ruky a umo\u017e\u0148uje i velmi jemnou pr\u00e1ci s no\u017eem v mokr\u00e9m a bl\u00e1tiv\u00e9m prost\u0159ed\u00ed. Balen\u00ed je pouzdro Secure-Ex pro ochranu V\u00e1s i ost\u0159\u00ed. Pendleton Hunter je nepostradateln\u00fdm n\u00e1strojem, kter\u00fd dok\u00e1\u017ee dokonale doplnit jakoukoliv loveckou sadu nebo soupravu pro p\u0159e\u017eit\u00ed, p\u0159i tom vypad\u00e1 dost nen\u00e1padn\u011b, a proto jej m\u016f\u017eete nosit bez obav, \u017ee p\u0159it\u00e1hne velkou pozornost.<\/p>\n<p>PARAMETRY PRODUKTU<br \/>\nMateri\u00e1l rukojeti: Long Kray-Ex\u2122<br \/>\nD\u00e9lka rukojeti: 121 mm<br \/>\nTlou\u0161\u0165ka \u010depele: 5 mm<br \/>\nCelkov\u00e1 velikost: 210 mm<br \/>\nOcel: AUS 10A<br \/>\nHmotnost: 156 g<br \/>\nD\u00e9lka \u010depele: 89 mm<br \/>\nBarva: \u010cern\u00e1\/St\u0159\u00edbrn\u00e1<br \/>\nMateri\u00e1l pouzdra: Secure-Ex\u00ae Sheath<\/p>\n","protected":false},"excerpt":{"rendered":"<p>Pevn\u00fd N\u016f\u017e Cold Steel Pendleton Hunter Fixed AUS10 Blade Kray-Ex Handles. Pendleton Hunter je loveck\u00fd n\u016f\u017e st\u0159edn\u00ed velikosti s hladk\u00fdm ost\u0159\u00edm. COLD STEEL vyr\u00e1b\u00ed Pendlton Huntery podle p\u0159edlohy no\u017e\u016f zn\u00e1m\u00e9ho americk\u00e9ho no\u017e\u00ed\u0159e Lloyd Pendletona, kter\u00fd s firmou \u00fazce spolupracuje a pod\u00edl\u00ed se na v\u00fdvoji s\u00e9riov\u011b vyr\u00e1b\u011bn\u00fdch loveck\u00fdch no\u017e\u016f. \u010cepel DropPoint je vyrobena z japonsk\u00e9 oceli [&hellip;]<\/p>\n","protected":false},"featured_media":229045,"comment_status":"open","ping_status":"closed","template":"","meta":[],"pwb-brand":[211],"product_brand":[],"product_cat":[23,17],"product_tag":[3667],"class_list":{"0":"post-229044","1":"product","2":"type-product","3":"status-publish","4":"has-post-thumbnail","6":"pwb-brand-cold-steel","7":"product_cat-pevne-noze","8":"product_cat-noze","9":"product_tag-b2b","11":"first","12":"instock","13":"taxable","14":"shipping-taxable","15":"purchasable","16":"product-type-simple"},"brands":[{"id":211,"name":"Cold Steel","slug":"cold-steel"}],"_links":{"self":[{"href":"https:\/\/www.moskito.cz\/sk\/wp-json\/wp\/v2\/product\/229044","targetHints":{"allow":["GET"]}}],"collection":[{"href":"https:\/\/www.moskito.cz\/sk\/wp-json\/wp\/v2\/product"}],"about":[{"href":"https:\/\/www.moskito.cz\/sk\/wp-json\/wp\/v2\/types\/product"}],"replies":[{"embeddable":true,"href":"https:\/\/www.moskito.cz\/sk\/wp-json\/wp\/v2\/comments?post=229044"}],"wp:featuredmedia":[{"embeddable":true,"href":"https:\/\/www.moskito.cz\/sk\/wp-json\/wp\/v2\/media\/229045"}],"wp:attachment":[{"href":"https:\/\/www.moskito.cz\/sk\/wp-json\/wp\/v2\/media?parent=229044"}],"wp:term":[{"taxonomy":"pwb-brand","embeddable":true,"href":"https:\/\/www.moskito.cz\/sk\/wp-json\/wp\/v2\/pwb-brand?post=229044"},{"taxonomy":"product_brand","embeddable":true,"href":"https:\/\/www.moskito.cz\/sk\/wp-json\/wp\/v2\/product_brand?post=229044"},{"taxonomy":"product_cat","embeddable":true,"href":"https:\/\/www.moskito.cz\/sk\/wp-json\/wp\/v2\/product_cat?post=229044"},{"taxonomy":"product_tag","embeddable":true,"href":"https:\/\/www.moskito.cz\/sk\/wp-json\/wp\/v2\/product_tag?post=229044"}],"curies":[{"name":"wp","href":"https:\/\/api.w.org\/{rel}","templated":true}]}}