{"id":229812,"date":"2022-11-09T19:12:01","date_gmt":"2022-11-09T18:12:01","guid":{"rendered":"https:\/\/www.moskito.cz\/produkt\/pevny-noz-extrema-ratio-task-c-desert-warfare\/"},"modified":"2025-05-07T10:43:32","modified_gmt":"2025-05-07T09:43:32","slug":"pevny-noz-extrema-ratio-task-c-desert-warfare","status":"publish","type":"product","link":"https:\/\/www.moskito.cz\/sk\/produkt\/pevny-noz-extrema-ratio-task-c-desert-warfare\/","title":{"rendered":"Pevn\u00fd N\u00f4\u017e Extrema Ratio TASK C DESERT WARFARE"},"content":{"rendered":"<p>Pevn\u00fd N\u00f4\u017e Extrema Ratio TASK C DESERT WARFARE.<\/p>\n<p>Kompaktn\u00e1 verzia n\u00e1\u0161ho viac\u00fa\u010delov\u00e9ho no\u017ea TASK. Okrem zmen\u0161enej ve\u013ekosti \u010depele aj \u00edlke sa TASK C l\u00ed\u0161i od plnej ve\u013ekosti TASK t\u00fdm, \u017ee m\u00e1 hladk\u00fd \u2013 \u010diasto\u010dne vr\u00fabkovan\u00fd \u2013 okraj. Prilo\u017een\u00e9 tvrd\u00e9 puzdro je mo\u017en\u00e9 nosi\u0165 zvisle, vodorovne alebo \u0161ikmo (v uhle 45 \u00b0). Dostupn\u00e9 verzie: TASK C BLACK, TASK C DESERT WARFARE.<\/p>\n<p>\u00daloha C DW , ( C ompact ) kompaktn\u00e1 verzia tzv z\u00e1loha , univerz\u00e1lna univerz\u00e1lna \u00daloha &lt;ang. task&gt; , legend\u00e1rny rezn\u00fd n\u00e1stroj. Okrem zmen\u0161enej ve\u013ekosti sa Task C odli\u0161uje od ve\u013ek\u00e9ho Task hladkou \u010depe\u013eou. Jednoduch\u00e1 kon\u0161trukcia &#8211; \u010depe\u013e s full tang kon\u0161trukciou pokryt\u00e1 p\u00fa\u0161tnou kamufl\u00e1\u017eou D esert W afare &#8211; vysok\u00fd ploch\u00fd strih &#8211; ide\u00e1lny n\u00e1stroj pre profesion\u00e1la.<\/p>\n<p>\u0160pecifik\u00e1cia:<br \/>\n\u010c\u00edslo v\u00fdrobku: 04.1000.0085 \/ DW<br \/>\nN\u00e1zov: Task C Desert Warfare<br \/>\nTyp ocele: B\u00f6hler N690<br \/>\nTvrdos\u0165 \u010depele: 58 HRC D\u013a\u017eka \u010depele<br \/>\n: 110,0 mm \/ 4,3 &#8220;<br \/>\nHr\u00fabka \u010depele: 6,3 mm \/ 0,25&#8243;<br \/>\nCelkov\u00e1 d\u013a\u017eka: 214,40 mm<br \/>\nHmotnos\u0165: 205,0 g \/ 7,2 oz<br \/>\n\u010cepe\u013e: Hladk\u00e1<br \/>\nTyp \u010depele: Tanto<br \/>\nRukov\u00e4\u0165 : Forprene Desert<br \/>\nPuzdro: Nylon Desert<br \/>\nV\u00fdrobca: Extrema Ratio, Taliansko<\/p>\n<p>&nbsp;<\/p>\n<p>Vyvinut\u00e9 spolo\u010dnos\u0165ou Sharg\u00ae<\/p>\n","protected":false},"excerpt":{"rendered":"<p>Spolo\u010dnos\u0165 Extrema Ratio so s\u00eddlom v talianskom Prate navrhuje a vyr\u00e1ba vysoko v\u00fdkonn\u00e9 bojov\u00e9, vojensk\u00e9, kuchynsk\u00e9, loveck\u00e9 a taktick\u00e9 no\u017ee od roku 1997 a m\u00e1 poves\u0165 vynikaj\u00facej kvality, ktor\u00e1 je v odbore vojensk\u00fdch a taktick\u00fdch no\u017eov neprekonate\u013en\u00e1. Doprava zadarmo.<\/p>\n","protected":false},"featured_media":229795,"comment_status":"open","ping_status":"closed","template":"","meta":[],"pwb-brand":[3198],"product_brand":[],"product_cat":[3186,3187],"product_tag":[3668],"class_list":{"0":"post-229812","1":"product","2":"type-product","3":"status-publish","4":"has-post-thumbnail","6":"pwb-brand-extrema-ratio-sk","7":"product_cat-noze-sk","8":"product_cat-pevne-noze-sk","9":"product_tag-b2b-sk","11":"first","12":"instock","13":"taxable","14":"shipping-taxable","15":"purchasable","16":"product-type-simple"},"brands":[{"id":3198,"name":"Extrema Ratio","slug":"extrema-ratio-sk"}],"_links":{"self":[{"href":"https:\/\/www.moskito.cz\/sk\/wp-json\/wp\/v2\/product\/229812","targetHints":{"allow":["GET"]}}],"collection":[{"href":"https:\/\/www.moskito.cz\/sk\/wp-json\/wp\/v2\/product"}],"about":[{"href":"https:\/\/www.moskito.cz\/sk\/wp-json\/wp\/v2\/types\/product"}],"replies":[{"embeddable":true,"href":"https:\/\/www.moskito.cz\/sk\/wp-json\/wp\/v2\/comments?post=229812"}],"wp:featuredmedia":[{"embeddable":true,"href":"https:\/\/www.moskito.cz\/sk\/wp-json\/wp\/v2\/media\/229795"}],"wp:attachment":[{"href":"https:\/\/www.moskito.cz\/sk\/wp-json\/wp\/v2\/media?parent=229812"}],"wp:term":[{"taxonomy":"pwb-brand","embeddable":true,"href":"https:\/\/www.moskito.cz\/sk\/wp-json\/wp\/v2\/pwb-brand?post=229812"},{"taxonomy":"product_brand","embeddable":true,"href":"https:\/\/www.moskito.cz\/sk\/wp-json\/wp\/v2\/product_brand?post=229812"},{"taxonomy":"product_cat","embeddable":true,"href":"https:\/\/www.moskito.cz\/sk\/wp-json\/wp\/v2\/product_cat?post=229812"},{"taxonomy":"product_tag","embeddable":true,"href":"https:\/\/www.moskito.cz\/sk\/wp-json\/wp\/v2\/product_tag?post=229812"}],"curies":[{"name":"wp","href":"https:\/\/api.w.org\/{rel}","templated":true}]}}