{"id":229827,"date":"2022-11-09T20:42:19","date_gmt":"2022-11-09T19:42:19","guid":{"rendered":"https:\/\/www.moskito.cz\/produkt\/pevny-noz-extrema-ratio-task-c-black\/"},"modified":"2025-05-07T10:43:33","modified_gmt":"2025-05-07T09:43:33","slug":"pevny-noz-extrema-ratio-task-c-black","status":"publish","type":"product","link":"https:\/\/www.moskito.cz\/sk\/produkt\/pevny-noz-extrema-ratio-task-c-black\/","title":{"rendered":"Pevn\u00fd N\u00f4\u017e Extrema Ratio TASK C BLACK"},"content":{"rendered":"<p>Task C Black, (C ompact) kompaktn\u00e1 verzia (tzv. \u201eback-up\u201c) plnohodnotn\u00e9ho no\u017ea Task. Okrem zmen\u0161enej ve\u013ekosti Task C oproti ve\u013ek\u00e9mu Task, sa vyzna\u010duje hladkou \u010depe\u013eou. Jednoduch\u00e1 kon\u0161trukcia &#8211; \u010depe\u013e s full tang kon\u0161trukciou &#8211; vysok\u00fd ploch\u00fd rez &#8211; perfektn\u00fd n\u00e1stroj pre profesion\u00e1lov.<\/p>\n<p>\u010cepe\u013e &#8211; mas\u00edvna s hr\u00fabkou 6,3 mm. Mierne zakriven\u00fd, amerikanizovan\u00fd profil Tanto s jasne vyzna\u010denou bru\u0161nou \u010depe\u013eou. Vyroben\u00e9 z rak\u00faskej hute B\u00f6hler, odoln\u00e1, dobre uchopite\u013en\u00e1, vysoko kvalitn\u00e1 nerezov\u00e1 oce\u013e N690s tvrdos\u0165ou 58 HRC. \u010cepe\u013e je pokryt\u00e1 matn\u00fdm, nereflexn\u00fdm povlakom MIL-C-13924 BURNISHING. Hladk\u00e1 \u010depe\u013e (typ Plain) bola vyroben\u00e1 s ploch\u00fdm v\u00fdbrusom (Flat grind) zais\u0165uj\u00facim vynikaj\u00facu geometriu, pevnos\u0165 a rezn\u00e9 vlastnosti. Dlh\u00e1 vr\u00fabkovan\u00e1 rampa pod chrbtom palca a ostr\u00fd prst pod ukazov\u00e1kom medzi rukov\u00e4\u0165ou a ostr\u00edm pre ovl\u00e1danie dr\u017eiaka no\u017ea.<\/p>\n<p>Rukov\u00e4\u0165 &#8211; 3,9 palca, pokryt\u00e1 proti\u0161mykovou, texturovanou v\u00fdstelkou s vlastnos\u0165ami podobn\u00fdmi gume, vyroben\u00e1 z elastick\u00e9ho termoplastu Forprene (elastick\u00fd n\u00e1vrat, m\u00e4kkos\u0165, odolnos\u0165 vo\u010di chemik\u00e1li\u00e1m), zaru\u010duje bezpe\u010dn\u00fd \u00fachop aj mokr\u00fdmi rukami. Na zadnej strane rukov\u00e4te bola umiestnen\u00e1 text\u00farovan\u00e1 palcov\u00e1 rampa. Oce\u013eov\u00e1 hlava s ov\u00e1lnou medzerou ( otvor pre \u0161n\u00farku ), ktor\u00e1 umo\u017e\u0148uje \u0165aha\u0165 za vod\u00edtko alebo bezpe\u010dnostn\u00e9 lano, m\u00f4\u017ee fungova\u0165 ako kladivo\/rozb\u00edja\u010d skla .<\/p>\n<p>Po\u0161va &#8211; v \u010diernej farbe z tvrden\u00e9ho polym\u00e9ru, umo\u017e\u0148uje bezpe\u010dn\u00e9 pren\u00e1\u0161anie a r\u00fdchle vyberanie no\u017ea. Tri mo\u017enosti nastavenia uhla prepravy (horizont\u00e1lne, vertik\u00e1lne a diagon\u00e1lne pod uhlom 45\u00b0). Puzdro je vybaven\u00e9 jedinou, automatickou, tlakom aktivovanou poistkou na r\u00fdchle uchopenie a rezanie no\u017ea. Pripevnenie puzdra umo\u017e\u0148uje jeho r\u00fdchle pripnutie \/ odopnutie, pasuje na v\u00e4\u010d\u0161inu popruhov o \u0161\u00edrke 32-46 mm. Aby sa zabr\u00e1nilo sk\u013aznutiu puzdra na opasku, m\u00e1 rukov\u00e4\u0165 dve nastavovacie skrutky.<\/p>\n<p>Technick\u00e1 \u0161pecifik\u00e1cia:<br \/>\nN\u00e1zov: Task C Black<br \/>\nTyp ocele: B\u00f6hler N690<br \/>\nTvrdos\u0165 \u010depele: 58 HRC<br \/>\nD\u013a\u017eka \u010depele: 110 mm \/ 4,3\u201d<br \/>\nHr\u00fabka \u010depele: 6,3 mm \/ 0,25\u201d<br \/>\nCelkov\u00e1 d\u013a\u017eka: 214 mm \/ 8,4\u201d<br \/>\nHmotnos\u0165: 205 g \/ 7,2 oz<br \/>\nTyp \u010depele: Hladk\u00e1<br \/>\nTyp \u010depele: Tanto<br \/>\nRukov\u00e4\u0165: Forprene<br \/>\nPuzdro: \u00c1no<br \/>\nV\u00fdrobca: Extrema Ratio , Taliansko<\/p>\n","protected":false},"excerpt":{"rendered":"<p>Task C Black, kompaktn\u00e1 verzia plnohodnotn\u00e9ho univerz\u00e1lneho no\u017ea Task &#8211; tzv. \u201eback-up\u201c. Jednoduch\u00e1 kon\u0161trukcia, celoplo\u0161n\u00e1 \u010depe\u013e, palcov\u00e1 rampa, podrezanie prstov, vysok\u00fd ploch\u00fd rez. Toto je n\u00e1stroj pre profesion\u00e1lov.<\/p>\n","protected":false},"featured_media":229817,"comment_status":"open","ping_status":"closed","template":"","meta":[],"pwb-brand":[3198],"product_brand":[],"product_cat":[3186,3187],"product_tag":[3668],"class_list":{"0":"post-229827","1":"product","2":"type-product","3":"status-publish","4":"has-post-thumbnail","6":"pwb-brand-extrema-ratio-sk","7":"product_cat-noze-sk","8":"product_cat-pevne-noze-sk","9":"product_tag-b2b-sk","11":"first","12":"instock","13":"taxable","14":"shipping-taxable","15":"purchasable","16":"product-type-simple"},"brands":[{"id":3198,"name":"Extrema Ratio","slug":"extrema-ratio-sk"}],"_links":{"self":[{"href":"https:\/\/www.moskito.cz\/sk\/wp-json\/wp\/v2\/product\/229827","targetHints":{"allow":["GET"]}}],"collection":[{"href":"https:\/\/www.moskito.cz\/sk\/wp-json\/wp\/v2\/product"}],"about":[{"href":"https:\/\/www.moskito.cz\/sk\/wp-json\/wp\/v2\/types\/product"}],"replies":[{"embeddable":true,"href":"https:\/\/www.moskito.cz\/sk\/wp-json\/wp\/v2\/comments?post=229827"}],"wp:featuredmedia":[{"embeddable":true,"href":"https:\/\/www.moskito.cz\/sk\/wp-json\/wp\/v2\/media\/229817"}],"wp:attachment":[{"href":"https:\/\/www.moskito.cz\/sk\/wp-json\/wp\/v2\/media?parent=229827"}],"wp:term":[{"taxonomy":"pwb-brand","embeddable":true,"href":"https:\/\/www.moskito.cz\/sk\/wp-json\/wp\/v2\/pwb-brand?post=229827"},{"taxonomy":"product_brand","embeddable":true,"href":"https:\/\/www.moskito.cz\/sk\/wp-json\/wp\/v2\/product_brand?post=229827"},{"taxonomy":"product_cat","embeddable":true,"href":"https:\/\/www.moskito.cz\/sk\/wp-json\/wp\/v2\/product_cat?post=229827"},{"taxonomy":"product_tag","embeddable":true,"href":"https:\/\/www.moskito.cz\/sk\/wp-json\/wp\/v2\/product_tag?post=229827"}],"curies":[{"name":"wp","href":"https:\/\/api.w.org\/{rel}","templated":true}]}}