{"id":229866,"date":"2022-11-09T22:47:14","date_gmt":"2022-11-09T21:47:14","guid":{"rendered":"https:\/\/www.moskito.cz\/produkt\/pevny-noz-extrema-ratio-defender-2-black\/"},"modified":"2025-05-07T10:43:35","modified_gmt":"2025-05-07T09:43:35","slug":"pevny-noz-extrema-ratio-defender-2-black","status":"publish","type":"product","link":"https:\/\/www.moskito.cz\/sk\/produkt\/pevny-noz-extrema-ratio-defender-2-black\/","title":{"rendered":"Pevn\u00fd N\u00f4\u017e Extrema Ratio DEFENDER 2 BLACK"},"content":{"rendered":"<p>Pevn\u00fd N\u00f4\u017e Extrema Ratio DEFENDER 2 BLACK.<\/p>\n<p>Bojov\u00fd variant modelu Scout 2 s ultra ploch\u00fdm tvarom. \u010cepe\u013e 118 mm je vo svojej \u0161trukt\u00fare od\u013eah\u010den\u00e1 odtokom krvi. Vyr\u00e1ba sa v dvoch verzi\u00e1ch: s jednoduch\u00fdm chr\u00e1ni\u010dom a hornou rukov\u00e4\u0165ou alebo vo verzii DG s dvojit\u00fdm chr\u00e1ni\u010dom pre bezpe\u010dnej\u0161\u00ed \u00fachop pri v\u00fdpadoch. Dod\u00e1va sa s \u010diernym kydexov\u00fdm puzdrom s uchyten\u00edm pre MOLLE syst\u00e9m K dispoz\u00edcii v dvoch verzi\u00e1ch BLACK a STONE WASHED<\/p>\n<p>V\u00c1HA G: 135<br \/>\nHMOTNOS\u0164 OZ: 4,76<br \/>\nD\u0139\u017dKA \u010cEPELA (MM): 118<br \/>\nD\u0139\u017dKA \u010cEPELA (IN): 4,64<br \/>\nCELKOV\u00c1 D\u0139\u017dKA (MM): 232<br \/>\nCELKOV\u00c1 D\u0139\u017dKA (V): 9,13<br \/>\nH\u013d\u00daBKA \u010cEPELA (MM): 5<br \/>\nH\u013d\u00daBKA \u010cEPELA (V): 0,19<br \/>\nMATERI\u00c1L \u010cEPELA: B\u00d6HLER N690 STEEL (58HRC)<br \/>\nPOVRCHOV\u00c1 \u00daPRAVA NO\u017dA: MIL-C-13924 BURNISH<br \/>\n\u0160\u00cdPKA \u010cEPELA: PLOCH\u00dd DR\u00d4T<br \/>\nMATERI\u00c1L RUKOV\u00c4TI: FORPRENE<\/p>\n","protected":false},"excerpt":{"rendered":"<p>Spolo\u010dnos\u0165 Extrema Ratio so s\u00eddlom v talianskom Prate navrhuje a vyr\u00e1ba vysoko v\u00fdkonn\u00e9 bojov\u00e9, vojensk\u00e9, kuchynsk\u00e9, loveck\u00e9 a taktick\u00e9 no\u017ee od roku 1997 a m\u00e1 poves\u0165 vynikaj\u00facej kvality, ktor\u00e1 je v odbore vojensk\u00fdch a taktick\u00fdch no\u017eov neprekonate\u013en\u00e1. <strong>Doprava zadarmo.<\/strong><\/p>\n","protected":false},"featured_media":229858,"comment_status":"open","ping_status":"closed","template":"","meta":[],"pwb-brand":[3198],"product_brand":[],"product_cat":[3186,3187],"product_tag":[3668],"class_list":{"0":"post-229866","1":"product","2":"type-product","3":"status-publish","4":"has-post-thumbnail","6":"pwb-brand-extrema-ratio-sk","7":"product_cat-noze-sk","8":"product_cat-pevne-noze-sk","9":"product_tag-b2b-sk","11":"first","12":"instock","13":"taxable","14":"shipping-taxable","15":"purchasable","16":"product-type-simple"},"brands":[{"id":3198,"name":"Extrema Ratio","slug":"extrema-ratio-sk"}],"_links":{"self":[{"href":"https:\/\/www.moskito.cz\/sk\/wp-json\/wp\/v2\/product\/229866","targetHints":{"allow":["GET"]}}],"collection":[{"href":"https:\/\/www.moskito.cz\/sk\/wp-json\/wp\/v2\/product"}],"about":[{"href":"https:\/\/www.moskito.cz\/sk\/wp-json\/wp\/v2\/types\/product"}],"replies":[{"embeddable":true,"href":"https:\/\/www.moskito.cz\/sk\/wp-json\/wp\/v2\/comments?post=229866"}],"wp:featuredmedia":[{"embeddable":true,"href":"https:\/\/www.moskito.cz\/sk\/wp-json\/wp\/v2\/media\/229858"}],"wp:attachment":[{"href":"https:\/\/www.moskito.cz\/sk\/wp-json\/wp\/v2\/media?parent=229866"}],"wp:term":[{"taxonomy":"pwb-brand","embeddable":true,"href":"https:\/\/www.moskito.cz\/sk\/wp-json\/wp\/v2\/pwb-brand?post=229866"},{"taxonomy":"product_brand","embeddable":true,"href":"https:\/\/www.moskito.cz\/sk\/wp-json\/wp\/v2\/product_brand?post=229866"},{"taxonomy":"product_cat","embeddable":true,"href":"https:\/\/www.moskito.cz\/sk\/wp-json\/wp\/v2\/product_cat?post=229866"},{"taxonomy":"product_tag","embeddable":true,"href":"https:\/\/www.moskito.cz\/sk\/wp-json\/wp\/v2\/product_tag?post=229866"}],"curies":[{"name":"wp","href":"https:\/\/api.w.org\/{rel}","templated":true}]}}