{"id":229951,"date":"2022-11-10T21:41:28","date_gmt":"2022-11-10T20:41:28","guid":{"rendered":"https:\/\/www.moskito.cz\/produkt\/vystrelovaci-noz-microtech-hera-signature-series-hera-tactical-703-1tfrs\/"},"modified":"2025-05-07T10:43:36","modified_gmt":"2025-05-07T09:43:36","slug":"vystrelovaci-noz-microtech-hera-signature-series-hera-tactical-703-1tfrs","status":"publish","type":"product","link":"https:\/\/www.moskito.cz\/sk\/produkt\/vystrelovaci-noz-microtech-hera-signature-series-hera-tactical-703-1tfrs\/","title":{"rendered":"Vystre\u013eovac\u00ed N\u00f4\u017e Microtech Hera Signature Series Hera Tactical 703-1TFRS"},"content":{"rendered":"<p>Vystre\u013eovac\u00ed N\u00f4\u017e Microtech Hera Signature Series Hera Tactical 703-1TFRS.<\/p>\n<p>Hera je kr\u00e1sny dvoj\u010dinn\u00fd predn\u00fd automat s tvarom r\u00e1mu vo\u013ene zalo\u017een\u00fdm na dizajne Troodon. Je to v\u0161ak ergonomickej\u0161ie, s opracovan\u00fdmi z\u00e1platami bl\u00edzko koncov pre lep\u0161\u00ed n\u00e1kup a pod\u013ea na\u0161ich n\u00e1zorov vylep\u0161en\u00fd vzh\u013ead. V\u0161etko na tomto dizajne kri\u010d\u00ed ako sofistikovanos\u0165ou, tak funk\u010dnos\u0165ou. Je to jeden z najlep\u0161\u00edch v\u0161estrann\u00fdch automatick\u00fdch n\u00e1vrhov OTF v mimoriadne preplnenom poli a ve\u013ekos\u0165ou tak akur\u00e1t na ka\u017edodenn\u00e9 nosenie.<\/p>\n<p>D\u013a\u017eka \u010depele: 8 cm<br \/>\nCelkov\u00e1 d\u013a\u017eka: 19 cm<br \/>\nMateri\u00e1l \u010depele: M390<br \/>\nBlade Grind: Ploch\u00fd<br \/>\nPovrchov\u00e1 \u00faprava \u010depele: \u010dierna<br \/>\nMateri\u00e1l rukov\u00e4te: eloxovan\u00fd hlin\u00edk<br \/>\nUzamykac\u00ed mechanizmus: Thumb Slide<br \/>\nVreckov\u00e1 spona: tit\u00e1nov\u00e1 (sklopn\u00e1, prav\u00e1)<br \/>\nDizajn\u00e9ri: Tony a Sean Marfione<br \/>\nVyroben\u00e9 v USA<\/p>\n","protected":false},"excerpt":{"rendered":"<p>V priebehu rokov Microtech\u00ae Knives naplnil v\u00e1\u0161\u0148ou a zru\u010dnos\u0165ou v\u00fdrobu no\u017eov, a\u017e z nich vytvoril takmer umeleck\u00e9 diela, ktor\u00e9 s\u00fa vrcholom funk\u010dnosti. V\u0161etky diely s\u00fa vyroden\u00e9 v USA.<br \/>\nNa v\u0161etky no\u017ee Microtech je do\u017eivotn\u00e1 z\u00e1ruka (min. 80 000 cyklov, otvorenie a zatvorenie)<\/p>\n<p>Doprava zadarmo.<\/p>\n","protected":false},"featured_media":229939,"comment_status":"open","ping_status":"closed","template":"","meta":[],"pwb-brand":[3200],"product_brand":[],"product_cat":[3186,3197],"product_tag":[3668],"class_list":{"0":"post-229951","1":"product","2":"type-product","3":"status-publish","4":"has-post-thumbnail","6":"pwb-brand-microtech-sk","7":"product_cat-noze-sk","8":"product_cat-vystrelovacie-noze-sk","9":"product_tag-b2b-sk","11":"first","12":"outofstock","13":"taxable","14":"shipping-taxable","15":"purchasable","16":"product-type-simple"},"brands":[{"id":3200,"name":"Microtech","slug":"microtech-sk"}],"_links":{"self":[{"href":"https:\/\/www.moskito.cz\/sk\/wp-json\/wp\/v2\/product\/229951","targetHints":{"allow":["GET"]}}],"collection":[{"href":"https:\/\/www.moskito.cz\/sk\/wp-json\/wp\/v2\/product"}],"about":[{"href":"https:\/\/www.moskito.cz\/sk\/wp-json\/wp\/v2\/types\/product"}],"replies":[{"embeddable":true,"href":"https:\/\/www.moskito.cz\/sk\/wp-json\/wp\/v2\/comments?post=229951"}],"wp:featuredmedia":[{"embeddable":true,"href":"https:\/\/www.moskito.cz\/sk\/wp-json\/wp\/v2\/media\/229939"}],"wp:attachment":[{"href":"https:\/\/www.moskito.cz\/sk\/wp-json\/wp\/v2\/media?parent=229951"}],"wp:term":[{"taxonomy":"pwb-brand","embeddable":true,"href":"https:\/\/www.moskito.cz\/sk\/wp-json\/wp\/v2\/pwb-brand?post=229951"},{"taxonomy":"product_brand","embeddable":true,"href":"https:\/\/www.moskito.cz\/sk\/wp-json\/wp\/v2\/product_brand?post=229951"},{"taxonomy":"product_cat","embeddable":true,"href":"https:\/\/www.moskito.cz\/sk\/wp-json\/wp\/v2\/product_cat?post=229951"},{"taxonomy":"product_tag","embeddable":true,"href":"https:\/\/www.moskito.cz\/sk\/wp-json\/wp\/v2\/product_tag?post=229951"}],"curies":[{"name":"wp","href":"https:\/\/api.w.org\/{rel}","templated":true}]}}