{"id":230055,"date":"2022-11-14T21:01:26","date_gmt":"2022-11-14T20:01:26","guid":{"rendered":"https:\/\/www.moskito.cz\/produkt\/vystrelovaci-noz-microtech-daytona-d-e-carbon-signature-series-126-13cfis\/"},"modified":"2025-05-07T10:43:40","modified_gmt":"2025-05-07T09:43:40","slug":"vystrelovaci-noz-microtech-daytona-d-e-carbon-signature-series-126-13cfis","status":"publish","type":"product","link":"https:\/\/www.moskito.cz\/sk\/produkt\/vystrelovaci-noz-microtech-daytona-d-e-carbon-signature-series-126-13cfis\/","title":{"rendered":"Vystre\u013eovac\u00ed N\u00f4\u017e Microtech Daytona D\/E Carbon Signature Series 126-13CFIS"},"content":{"rendered":"<p>Vystre\u013eovac\u00ed N\u00f4\u017e Microtech Daytona D\/E Carbon Signature Series 126-13CFIS<\/p>\n<p>Zd\u00e1 sa v\u00e1m t\u00e1to Daytona povedom\u00e1? Microtech aktualizoval a vylep\u0161il model UTX-85. Vlo\u017eky z uhl\u00edkov\u00fdch vl\u00e1kien s\u00fa t\u00fdm, \u010do odli\u0161uje Daytona od 85. V\u010faka uhl\u00edkov\u00fdm vl\u00e1knam je tento n\u00f4\u017e \u013eah\u0161\u00ed a z\u00e1rove\u0148 mu dod\u00e1va \u0161mrnc. Ako v\u017edy u Microtech je dvoj\u010dinnos\u0165 a ergon\u00f3mia bezkonkuren\u010dn\u00e1. Skvel\u00fd strih a povrchov\u00e1 \u00faprava pom\u00e1haj\u00fa k tomu, aby sa tento n\u00f4\u017e stal va\u0161im \u010fal\u0161\u00edm ob\u013e\u00faben\u00fdm vreckov\u00fdm no\u017eom.<\/p>\n<p>Tento model radu Signature sa vyzna\u010duje \u010diernou eloxovanou hlin\u00edkovou rukov\u00e4\u0165ou 6061-T6 s vlo\u017ekami z uhl\u00edkov\u00fdch vl\u00e1kien. Bronzovan\u00e1 \u010depe\u013e z nerezovej ocele M390 s dvojit\u00fdm ostr\u00edm so \u0161tandardn\u00fdmi rezn\u00fdmi hranami. Bronzovan\u00fd hardv\u00e9r, vreckov\u00e1 spona a hrot rozb\u00edja\u010da skla. \u010cepe\u013e m\u00e1 logo Microtech a inform\u00e1cie o modeli. Vreckov\u00fd klip m\u00e1 logo Microtech, logo Signature Series, s\u00e9riov\u00e9 \u010d\u00edslo a d\u00e1tum v\u00fdroby.<\/p>\n<p>Krajina p\u00f4vodu: USA<br \/>\nD\u00e1tum p\u00f4vodu: 2022<br \/>\nMateri\u00e1l rukov\u00e4te: Uhl\u00edkov\u00e9 vl\u00e1kno a hlin\u00edk<br \/>\nMateri\u00e1l \u010depele: M390<br \/>\n\u0160t\u00fdl \u010depele: D\u00fdka<br \/>\nPovrchov\u00e1 \u00faprava \u010depele: Bronzov\u00fd<br \/>\nTyp okraja: \u0160tandard<br \/>\nModel\/Vzor: UTX-85<br \/>\nTyp no\u017ea: Dvoj\u010dinn\u00e9 automatick\u00e9 OTF<br \/>\nTyp z\u00e1mku: Vpredu<br \/>\nD\u013a\u017eka \u010depele: 8 cm<br \/>\nCelkov\u00e1 d\u013a\u017eka: 19 cm<\/p>\n","protected":false},"excerpt":{"rendered":"<pre id=\"tw-target-text\" class=\"tw-data-text tw-text-large tw-ta\" dir=\"ltr\" data-placeholder=\"P\u0159eklad\"><span class=\"Y2IQFc\" lang=\"sk\">V priebehu rokov Microtech\u00ae Knives naplnil v\u00e1\u0161\u0148ou a zru\u010dnos\u0165ou v\u00fdrobu no\u017eov, a\u017e z nich vytvoril takmer umeleck\u00e9 diela, ktor\u00e9 s\u00fa vrcholom funk\u010dnosti. V\u0161etky diely s\u00fa vyroben\u00e9 v USA.\r\nNa v\u0161etky no\u017ee Microtech je do\u017eivotn\u00e1 z\u00e1ruka.<\/span><\/pre>\n","protected":false},"featured_media":230047,"comment_status":"open","ping_status":"closed","template":"","meta":[],"pwb-brand":[3200],"product_brand":[],"product_cat":[3186,3197],"product_tag":[3668],"class_list":{"0":"post-230055","1":"product","2":"type-product","3":"status-publish","4":"has-post-thumbnail","6":"pwb-brand-microtech-sk","7":"product_cat-noze-sk","8":"product_cat-vystrelovacie-noze-sk","9":"product_tag-b2b-sk","11":"first","12":"outofstock","13":"taxable","14":"shipping-taxable","15":"purchasable","16":"product-type-simple"},"brands":[{"id":3200,"name":"Microtech","slug":"microtech-sk"}],"_links":{"self":[{"href":"https:\/\/www.moskito.cz\/sk\/wp-json\/wp\/v2\/product\/230055","targetHints":{"allow":["GET"]}}],"collection":[{"href":"https:\/\/www.moskito.cz\/sk\/wp-json\/wp\/v2\/product"}],"about":[{"href":"https:\/\/www.moskito.cz\/sk\/wp-json\/wp\/v2\/types\/product"}],"replies":[{"embeddable":true,"href":"https:\/\/www.moskito.cz\/sk\/wp-json\/wp\/v2\/comments?post=230055"}],"wp:featuredmedia":[{"embeddable":true,"href":"https:\/\/www.moskito.cz\/sk\/wp-json\/wp\/v2\/media\/230047"}],"wp:attachment":[{"href":"https:\/\/www.moskito.cz\/sk\/wp-json\/wp\/v2\/media?parent=230055"}],"wp:term":[{"taxonomy":"pwb-brand","embeddable":true,"href":"https:\/\/www.moskito.cz\/sk\/wp-json\/wp\/v2\/pwb-brand?post=230055"},{"taxonomy":"product_brand","embeddable":true,"href":"https:\/\/www.moskito.cz\/sk\/wp-json\/wp\/v2\/product_brand?post=230055"},{"taxonomy":"product_cat","embeddable":true,"href":"https:\/\/www.moskito.cz\/sk\/wp-json\/wp\/v2\/product_cat?post=230055"},{"taxonomy":"product_tag","embeddable":true,"href":"https:\/\/www.moskito.cz\/sk\/wp-json\/wp\/v2\/product_tag?post=230055"}],"curies":[{"name":"wp","href":"https:\/\/api.w.org\/{rel}","templated":true}]}}