{"id":230096,"date":"2022-11-14T22:24:07","date_gmt":"2022-11-14T21:24:07","guid":{"rendered":"https:\/\/www.moskito.cz\/produkt\/vystrelovaci-noz-microtech-ultratech-automatic-otf-bayonet-120-2ocs\/"},"modified":"2025-05-07T10:43:43","modified_gmt":"2025-05-07T09:43:43","slug":"vystrelovaci-noz-microtech-ultratech-automatic-otf-bayonet-120-2ocs","status":"publish","type":"product","link":"https:\/\/www.moskito.cz\/sk\/produkt\/vystrelovaci-noz-microtech-ultratech-automatic-otf-bayonet-120-2ocs\/","title":{"rendered":"Vystre\u013eovac\u00ed N\u00f4\u017e Microtech Ultratech Automatic OTF Bayonet 120-2OCS"},"content":{"rendered":"<p>Vystre\u013eovac\u00ed N\u00f4\u017e <strong>Microtech<\/strong> Ultratech Automatic OTF Bayonet 120-2OCS.<\/p>\n<p>Milujete vzh\u013ead dvojbritej \u010depele, ale milujete pou\u017eite\u013enos\u0165 jednobritej alebo tanto?<\/p>\n<p>Teraz si m\u00f4\u017eete \u201eda\u0165 svoju tortu a tie\u017e ju nakr\u00e1ja\u0165\u201c s bajonetovou \u010depe\u013eou od Microtech Knives.<br \/>\nNajlep\u0161ie na bajonetovej \u010depeli je jej ostros\u0165 na oboch stran\u00e1ch, ale va\u0161a horn\u00e1 hrana je ostr\u00e1 z 3\/4 \u010depele s miestom pre palec, ktor\u00fd m\u00f4\u017eete oprie\u0165 o druh\u00fa 1\/4 cesty.<br \/>\nTento OTF Automatic Ultratech je vybaven\u00fd hlin\u00edkovou rukov\u00e4\u0165ou 6061-T6 s Cerakote. Je zakon\u010den\u00e1 \u010depe\u013eou Cerakoted Bayonet, ide\u00e1lna pre ak\u00e9ko\u013evek pou\u017eitie.<\/p>\n<p>Celkov\u00e1 d\u013a\u017eka: 22 cm<br \/>\nD\u013a\u017eka \u010depele: 8.6 cm Bajonet, vr\u00fabkovan\u00fd Cerakote Camo, \u010ciasto\u010dne vr\u00fabkovan\u00e1<br \/>\nHmotnos\u0165: 3,6 oz<br \/>\nKlip: Tip nadol, Prav\u00fd\/\u013eav\u00fd<br \/>\notv\u00e1ra\u010d: Automatick\u00fd posuv palca OTF, Double Action, Automatick\u00fd<br \/>\nSignature Series<br \/>\nVyroben\u00e9 v USA<br \/>\nModel: 120-2OCS<\/p>\n<p><iframe title=\"Microtech Combat Troodon Torture Test\" width=\"800\" height=\"450\" src=\"https:\/\/www.youtube.com\/embed\/xE9TeOFYEjg?feature=oembed\" frameborder=\"0\" allow=\"accelerometer; autoplay; clipboard-write; encrypted-media; gyroscope; picture-in-picture; web-share\" allowfullscreen><\/iframe><\/p>\n<p>&nbsp;<\/p>\n","protected":false},"excerpt":{"rendered":"<p>V priebehu rokov <strong>Microtech\u00ae Knives<\/strong> naplnil v\u00e1\u0161\u0148ou a zru\u010dnos\u0165ou v\u00fdrobu no\u017eov, a\u017e z nich vytvoril takmer umeleck\u00e9 diela, ktor\u00e9 s\u00fa vrcholom funk\u010dnosti. V\u0161etky diely s\u00fa vyroben\u00e9 v USA.<br \/>\n<strong>Na v\u0161etky no\u017ee Microtech je do\u017eivotn\u00e1 z\u00e1ruka.<\/strong><\/p>\n","protected":false},"featured_media":230085,"comment_status":"open","ping_status":"closed","template":"","meta":[],"pwb-brand":[3200],"product_brand":[],"product_cat":[3186,3197],"product_tag":[3668],"class_list":{"0":"post-230096","1":"product","2":"type-product","3":"status-publish","4":"has-post-thumbnail","6":"pwb-brand-microtech-sk","7":"product_cat-noze-sk","8":"product_cat-vystrelovacie-noze-sk","9":"product_tag-b2b-sk","11":"first","12":"instock","13":"taxable","14":"shipping-taxable","15":"purchasable","16":"product-type-simple"},"brands":[{"id":3200,"name":"Microtech","slug":"microtech-sk"}],"_links":{"self":[{"href":"https:\/\/www.moskito.cz\/sk\/wp-json\/wp\/v2\/product\/230096","targetHints":{"allow":["GET"]}}],"collection":[{"href":"https:\/\/www.moskito.cz\/sk\/wp-json\/wp\/v2\/product"}],"about":[{"href":"https:\/\/www.moskito.cz\/sk\/wp-json\/wp\/v2\/types\/product"}],"replies":[{"embeddable":true,"href":"https:\/\/www.moskito.cz\/sk\/wp-json\/wp\/v2\/comments?post=230096"}],"wp:featuredmedia":[{"embeddable":true,"href":"https:\/\/www.moskito.cz\/sk\/wp-json\/wp\/v2\/media\/230085"}],"wp:attachment":[{"href":"https:\/\/www.moskito.cz\/sk\/wp-json\/wp\/v2\/media?parent=230096"}],"wp:term":[{"taxonomy":"pwb-brand","embeddable":true,"href":"https:\/\/www.moskito.cz\/sk\/wp-json\/wp\/v2\/pwb-brand?post=230096"},{"taxonomy":"product_brand","embeddable":true,"href":"https:\/\/www.moskito.cz\/sk\/wp-json\/wp\/v2\/product_brand?post=230096"},{"taxonomy":"product_cat","embeddable":true,"href":"https:\/\/www.moskito.cz\/sk\/wp-json\/wp\/v2\/product_cat?post=230096"},{"taxonomy":"product_tag","embeddable":true,"href":"https:\/\/www.moskito.cz\/sk\/wp-json\/wp\/v2\/product_tag?post=230096"}],"curies":[{"name":"wp","href":"https:\/\/api.w.org\/{rel}","templated":true}]}}