{"id":230168,"date":"2022-11-15T22:34:09","date_gmt":"2022-11-15T21:34:09","guid":{"rendered":"https:\/\/www.moskito.cz\/produkt\/vystrelovaci-nuz-microtech-exocet-money-clip-auto-157-12bl\/"},"modified":"2025-05-07T10:43:45","modified_gmt":"2025-05-07T09:43:45","slug":"vystrelovaci-nuz-microtech-exocet-money-clip-auto-157-12bl","status":"publish","type":"product","link":"https:\/\/www.moskito.cz\/sk\/produkt\/vystrelovaci-nuz-microtech-exocet-money-clip-auto-157-12bl\/","title":{"rendered":"Vystre\u013eovac\u00ed N\u00f4\u017e Microtech Exocet Money Clip AUTO 157-12BL"},"content":{"rendered":"<p>Vystre\u013eovac\u00ed N\u00f4\u017e Microtech Exocet Money Clip AUTO 157-12BL.<\/p>\n<p>Hviezda radu Microtech 2019, Exocet sp\u00e1ja u\u017eito\u010dnos\u0165 a ka\u017edodenn\u00fa praktickos\u0165 v jednom jedine\u010dnom balen\u00ed. Inovat\u00edvne a prv\u00e9 svojho druhu, tento automatick\u00fd OTF ukr\u00fdva menej ako dvojpalcov\u00fa \u010depe\u013e pod\u013ea Kalifornie a sl\u00fa\u017ei ako spona na peniaze, tak\u017ee je ide\u00e1lny pre ka\u017edodenn\u00e9 nosenie. Jeho vzh\u013ead v\u00e1s m\u00f4\u017ee prekvapi\u0165, ke\u010f ho prv\u00fdkr\u00e1t uvid\u00edte, ale pocity \u00fazkosti zmizn\u00fa pri prvom spusten\u00ed. Tento n\u00f4\u017e strie\u013ea r\u00fdchlej\u0161ie a \u013eah\u0161ie ako ak\u00fdko\u013evek in\u00fd Microtech OTF, tak\u017ee je to perfektn\u00fd dar\u010dek pre va\u0161u drah\u00fa polovi\u010dku alebo pre v\u00e1s.<\/p>\n<p>Hlin\u00edkov\u00e1 rukov\u00e4\u0165<br \/>\n\u010cepe\u013e z CTS-204P.<br \/>\nOvl\u00e1danie jedn\u00fdm palcom<br \/>\nObojstrann\u00fd vreckov\u00fd klip, ktor\u00fd funguje ako klip na peniaze.<\/p>\n<p>D\u013a\u017eka \u010depele: 5 cm<br \/>\nCelkov\u00e1 d\u013a\u017eka no\u017ea: 13.5 cm<br \/>\nHr\u00fabka \u010depele: 0,15 cm<br \/>\nMateri\u00e1l \u010depele: CTS-204P<br \/>\n\u0160t\u00fdl \u010depele: D\u00fdka<\/p>\n","protected":false},"excerpt":{"rendered":"<pre id=\"tw-target-text\" class=\"tw-data-text tw-text-large tw-ta\" dir=\"ltr\" data-placeholder=\"P\u0159eklad\"><span class=\"Y2IQFc\" lang=\"sk\">V priebehu rokov Microtech\u00ae Knives naplnil v\u00e1\u0161\u0148ou a zru\u010dnos\u0165ou v\u00fdrobu no\u017eov, a\u017e z nich vytvoril takmer umeleck\u00e9 diela, ktor\u00e9 s\u00fa vrcholom funk\u010dnosti. V\u0161etky diely s\u00fa vyroben\u00e9 v USA.\r\nNa v\u0161etky no\u017ee Microtech je do\u017eivotn\u00e1 z\u00e1ruka.<\/span><\/pre>\n","protected":false},"featured_media":230157,"comment_status":"open","ping_status":"closed","template":"","meta":[],"pwb-brand":[3200],"product_brand":[],"product_cat":[3186,3197],"product_tag":[3668],"class_list":{"0":"post-230168","1":"product","2":"type-product","3":"status-publish","4":"has-post-thumbnail","6":"pwb-brand-microtech-sk","7":"product_cat-noze-sk","8":"product_cat-vystrelovacie-noze-sk","9":"product_tag-b2b-sk","11":"first","12":"outofstock","13":"taxable","14":"shipping-taxable","15":"purchasable","16":"product-type-simple"},"brands":[{"id":3200,"name":"Microtech","slug":"microtech-sk"}],"_links":{"self":[{"href":"https:\/\/www.moskito.cz\/sk\/wp-json\/wp\/v2\/product\/230168","targetHints":{"allow":["GET"]}}],"collection":[{"href":"https:\/\/www.moskito.cz\/sk\/wp-json\/wp\/v2\/product"}],"about":[{"href":"https:\/\/www.moskito.cz\/sk\/wp-json\/wp\/v2\/types\/product"}],"replies":[{"embeddable":true,"href":"https:\/\/www.moskito.cz\/sk\/wp-json\/wp\/v2\/comments?post=230168"}],"wp:featuredmedia":[{"embeddable":true,"href":"https:\/\/www.moskito.cz\/sk\/wp-json\/wp\/v2\/media\/230157"}],"wp:attachment":[{"href":"https:\/\/www.moskito.cz\/sk\/wp-json\/wp\/v2\/media?parent=230168"}],"wp:term":[{"taxonomy":"pwb-brand","embeddable":true,"href":"https:\/\/www.moskito.cz\/sk\/wp-json\/wp\/v2\/pwb-brand?post=230168"},{"taxonomy":"product_brand","embeddable":true,"href":"https:\/\/www.moskito.cz\/sk\/wp-json\/wp\/v2\/product_brand?post=230168"},{"taxonomy":"product_cat","embeddable":true,"href":"https:\/\/www.moskito.cz\/sk\/wp-json\/wp\/v2\/product_cat?post=230168"},{"taxonomy":"product_tag","embeddable":true,"href":"https:\/\/www.moskito.cz\/sk\/wp-json\/wp\/v2\/product_tag?post=230168"}],"curies":[{"name":"wp","href":"https:\/\/api.w.org\/{rel}","templated":true}]}}