{"id":230205,"date":"2022-11-16T21:26:03","date_gmt":"2022-11-16T20:26:03","guid":{"rendered":"https:\/\/www.moskito.cz\/produkt\/vystrelovaci-noz-microtech-signature-series-makora-stonewashed-206-11s\/"},"modified":"2025-05-07T10:43:46","modified_gmt":"2025-05-07T09:43:46","slug":"vystrelovaci-noz-microtech-signature-series-makora-stonewashed-206-11s","status":"publish","type":"product","link":"https:\/\/www.moskito.cz\/sk\/produkt\/vystrelovaci-noz-microtech-signature-series-makora-stonewashed-206-11s\/","title":{"rendered":"Vystre\u013eovac\u00ed N\u00f4\u017e Microtech Signature Series Makora Stonewashed 206-11S"},"content":{"rendered":"<p>Vystre\u013eovac\u00ed N\u00f4\u017e <strong>Microtech<\/strong> Signature Series Makora Stonewashed 206-11S.<\/p>\n<p>Koncept Makory sa vyvinul zo sl\u00e1vneho designu Microtech Ultratech. Bol testovan\u00fd v praxi a osved\u010den\u00fd po dobu nieko\u013ek\u00fdch rokov. Tento dizajn obsahuje mnoho funkci\u00ed, ktor\u00e9 boli po\u017eadovan\u00e9 a \u0161pecifikovan\u00e9 pou\u017e\u00edvate\u013emi, ktor\u00ed preferuj\u00fa tento vysoko \u00fa\u010dinn\u00fd n\u00e1stroj pred ak\u00fdmko\u013evek in\u00fdm. Pru\u017eina Makory zost\u00e1va v \u201ek\u013eudovej\u201c polohe po cel\u00fa dobu, s v\u00fdnimkou vysunutia. Bez \u00fanavy na stla\u010denej pru\u017eine, ke\u010f n\u00f4\u017e nie je pou\u017e\u00edvan\u00fd, to d\u00e1va pou\u017e\u00edvate\u013eom spo\u013eahlivos\u0165 a istotu, \u017ee ke\u010f sa stla\u010d\u00ed uvo\u013enenie, n\u00f4\u017e bude fungova\u0165. Medzi \u010fal\u0161ie vlastnosti patr\u00ed r\u00fdchle a efekt\u00edvne otv\u00e1ranie a zatv\u00e1ranie jednou rukou, \u010depe\u013e z pr\u00e9miovej ocele, obojstrann\u00e1 spona na vrecko a skrutky odoln\u00e9 proti neopr\u00e1vnenej manipul\u00e1cii.<\/p>\n<p>Celkov\u00e1 d\u013a\u017eka: 9,44\u2033 (239,7125 mm)<br \/>\nD\u013a\u017eka v zatvorenom stave: 6,19\u2033 (157,15 mm)<br \/>\nD\u013a\u017eka \u010depele: 3,25\u2033 (82,55 mm)<br \/>\nHr\u00fabka \u010depele: 0,125\u2033 (3,175 mm)<br \/>\nPovrchov\u00e1 \u00faprava \u010depele: Stonewash<\/p>\n<p>\u0160t\u00fdl \u010depele: D\u00fdka s dvojitou hranou<\/p>\n<p>Materi\u00e1l rukov\u00e4te: \u010dierny hlin\u00edk<br \/>\nVreckov\u00fd klip: Tip-Down<br \/>\nHmotnos\u0165: 3,4 oz ( 96,39 g)<\/p>\n<p><iframe title=\"Microtech Combat Troodon Torture Test\" width=\"800\" height=\"450\" src=\"https:\/\/www.youtube.com\/embed\/xE9TeOFYEjg?feature=oembed\" frameborder=\"0\" allow=\"accelerometer; autoplay; clipboard-write; encrypted-media; gyroscope; picture-in-picture; web-share\" allowfullscreen><\/iframe><\/p>\n<p>&nbsp;<\/p>\n","protected":false},"excerpt":{"rendered":"<p>V priebehu rokov <strong>Microtech\u00ae Knives<\/strong> naplnil v\u00e1\u0161\u0148ou a zru\u010dnos\u0165ou v\u00fdrobu no\u017eov, a\u017e z nich vytvoril takmer umeleck\u00e9 diela, ktor\u00e9 s\u00fa vrcholom funk\u010dnosti. V\u0161etky diely s\u00fa vyroden\u00e9 v USA.<br \/>\n<strong>Na v\u0161etky no\u017ee Microtech je do\u017eivotn\u00e1 z\u00e1ruka.<\/strong><\/p>\n<p><strong>Doprava zadarmo.<\/strong><\/p>\n","protected":false},"featured_media":230194,"comment_status":"open","ping_status":"closed","template":"","meta":[],"pwb-brand":[3200],"product_brand":[],"product_cat":[3186,3197],"product_tag":[3668],"class_list":{"0":"post-230205","1":"product","2":"type-product","3":"status-publish","4":"has-post-thumbnail","6":"pwb-brand-microtech-sk","7":"product_cat-noze-sk","8":"product_cat-vystrelovacie-noze-sk","9":"product_tag-b2b-sk","11":"first","12":"outofstock","13":"taxable","14":"shipping-taxable","15":"purchasable","16":"product-type-simple"},"brands":[{"id":3200,"name":"Microtech","slug":"microtech-sk"}],"_links":{"self":[{"href":"https:\/\/www.moskito.cz\/sk\/wp-json\/wp\/v2\/product\/230205","targetHints":{"allow":["GET"]}}],"collection":[{"href":"https:\/\/www.moskito.cz\/sk\/wp-json\/wp\/v2\/product"}],"about":[{"href":"https:\/\/www.moskito.cz\/sk\/wp-json\/wp\/v2\/types\/product"}],"replies":[{"embeddable":true,"href":"https:\/\/www.moskito.cz\/sk\/wp-json\/wp\/v2\/comments?post=230205"}],"wp:featuredmedia":[{"embeddable":true,"href":"https:\/\/www.moskito.cz\/sk\/wp-json\/wp\/v2\/media\/230194"}],"wp:attachment":[{"href":"https:\/\/www.moskito.cz\/sk\/wp-json\/wp\/v2\/media?parent=230205"}],"wp:term":[{"taxonomy":"pwb-brand","embeddable":true,"href":"https:\/\/www.moskito.cz\/sk\/wp-json\/wp\/v2\/pwb-brand?post=230205"},{"taxonomy":"product_brand","embeddable":true,"href":"https:\/\/www.moskito.cz\/sk\/wp-json\/wp\/v2\/product_brand?post=230205"},{"taxonomy":"product_cat","embeddable":true,"href":"https:\/\/www.moskito.cz\/sk\/wp-json\/wp\/v2\/product_cat?post=230205"},{"taxonomy":"product_tag","embeddable":true,"href":"https:\/\/www.moskito.cz\/sk\/wp-json\/wp\/v2\/product_tag?post=230205"}],"curies":[{"name":"wp","href":"https:\/\/api.w.org\/{rel}","templated":true}]}}