{"id":230285,"date":"2022-11-17T10:12:53","date_gmt":"2022-11-17T09:12:53","guid":{"rendered":"https:\/\/www.moskito.cz\/produkt\/zatvaraci-noz-extrema-ratio-caimano-nero-n-a\/"},"modified":"2025-05-07T10:43:48","modified_gmt":"2025-05-07T09:43:48","slug":"zatvaraci-noz-extrema-ratio-caimano-nero-n-a","status":"publish","type":"product","link":"https:\/\/www.moskito.cz\/sk\/produkt\/zatvaraci-noz-extrema-ratio-caimano-nero-n-a\/","title":{"rendered":"Zatv\u00e1rac\u00ed N\u00f4\u017e Extrema Ratio CAIMANO NERO N.A."},"content":{"rendered":"<p>Zatv\u00e1rac\u00ed N\u00f4\u017e Extrema Ratio CAIMANO NERO N.A.<\/p>\n<p>Je to neautomatick\u00e1 verzia taktick\u00e9ho no\u017ea, ktor\u00fa Extrema Ratio dodala GOI (Operational Raiders Group) talianskeho n\u00e1morn\u00edctva. \u010cepe\u013e je 4 mm hrub\u00e1 asymetrick\u00e1 \u0161pi\u010dka kopije. Vr\u00fabkovan\u00e1 \u010das\u0165 hrany umo\u017e\u0148uje rezanie vysoko odoln\u00fdch k\u00e1blov a tkan\u00edn bez straty ostrosti. Spodn\u00e1 \u010das\u0165 rukov\u00e4te je navrhnut\u00e1 na zlep\u0161enie \u00fachopu pre r\u00fdchle vytiahnutie no\u017ea z vrecka. Je tie\u017e vybaven\u00e1 rozb\u00edja\u010dom skla z tvrdokovu. Tit\u00e1nov\u00fd klip potiahnut\u00fd DLC je mo\u017en\u00e9 umiestni\u0165 v troch r\u00f4znych uhloch na obe strany, \u010do umo\u017e\u0148uje schova\u0165 n\u00f4\u017e \u010do najviac vo vn\u00fatri vrecka.<\/p>\n<p>HMOTNOS\u0164 G: 162<br \/>\nD\u0139\u017dKA \u010cEPELA (MM): 93<br \/>\nCELKOV\u00c1 D\u0139\u017dKA (MM): 231<br \/>\nH\u013d\u00daBKA \u010cEPELA (MM): 4<br \/>\nMATERI\u00c1L \u010cEPELA: B\u00d6HLER N690 STEEL (58HRC)<br \/>\nPOVRCHOV\u00c1 \u00daPRAVA \u010cEPELA: MIL-C-13924 BURNISHING<br \/>\nHLAVN\u00c1 MRIE\u017dKA: PLOCH\u00c1<br \/>\n\u010cIASTO\u010cN\u00c9 ZUBY (MM): 20<br \/>\nMATERI\u00c1L RUKOV\u00c4TI: ANTIKOROD\u00c1LNY ELOXOVAN\u00dd HLIN\u00cdK<\/p>\n","protected":false},"excerpt":{"rendered":"<pre id=\"tw-target-text\" class=\"tw-data-text tw-text-large tw-ta\" dir=\"ltr\" data-placeholder=\"P\u0159eklad\"><span class=\"Y2IQFc\" lang=\"sk\">Spolo\u010dnos\u0165 Extrema Ratio so s\u00eddlom v talianskom Prate navrhuje a vyr\u00e1ba vysoko v\u00fdkonn\u00e9 bojov\u00e9, vojensk\u00e9, kuchynsk\u00e9, loveck\u00e9 a taktick\u00e9 no\u017ee od roku 1997 a m\u00e1 poves\u0165 vynikaj\u00facej kvality, ktor\u00e1 je v odbore vojensk\u00fdch a taktick\u00fdch no\u017eov neprekonate\u013en\u00e1. Doprava zadarmo.<\/span><\/pre>\n","protected":false},"featured_media":230265,"comment_status":"open","ping_status":"closed","template":"","meta":[],"pwb-brand":[3198],"product_brand":[],"product_cat":[3233,3186],"product_tag":[3668],"class_list":{"0":"post-230285","1":"product","2":"type-product","3":"status-publish","4":"has-post-thumbnail","6":"pwb-brand-extrema-ratio-sk","7":"product_cat-zatvaracie-noze","8":"product_cat-noze-sk","9":"product_tag-b2b-sk","11":"first","12":"instock","13":"taxable","14":"shipping-taxable","15":"purchasable","16":"product-type-simple"},"brands":[{"id":3198,"name":"Extrema Ratio","slug":"extrema-ratio-sk"}],"_links":{"self":[{"href":"https:\/\/www.moskito.cz\/sk\/wp-json\/wp\/v2\/product\/230285","targetHints":{"allow":["GET"]}}],"collection":[{"href":"https:\/\/www.moskito.cz\/sk\/wp-json\/wp\/v2\/product"}],"about":[{"href":"https:\/\/www.moskito.cz\/sk\/wp-json\/wp\/v2\/types\/product"}],"replies":[{"embeddable":true,"href":"https:\/\/www.moskito.cz\/sk\/wp-json\/wp\/v2\/comments?post=230285"}],"wp:featuredmedia":[{"embeddable":true,"href":"https:\/\/www.moskito.cz\/sk\/wp-json\/wp\/v2\/media\/230265"}],"wp:attachment":[{"href":"https:\/\/www.moskito.cz\/sk\/wp-json\/wp\/v2\/media?parent=230285"}],"wp:term":[{"taxonomy":"pwb-brand","embeddable":true,"href":"https:\/\/www.moskito.cz\/sk\/wp-json\/wp\/v2\/pwb-brand?post=230285"},{"taxonomy":"product_brand","embeddable":true,"href":"https:\/\/www.moskito.cz\/sk\/wp-json\/wp\/v2\/product_brand?post=230285"},{"taxonomy":"product_cat","embeddable":true,"href":"https:\/\/www.moskito.cz\/sk\/wp-json\/wp\/v2\/product_cat?post=230285"},{"taxonomy":"product_tag","embeddable":true,"href":"https:\/\/www.moskito.cz\/sk\/wp-json\/wp\/v2\/product_tag?post=230285"}],"curies":[{"name":"wp","href":"https:\/\/api.w.org\/{rel}","templated":true}]}}