{"id":230309,"date":"2022-11-17T11:27:49","date_gmt":"2022-11-17T10:27:49","guid":{"rendered":"https:\/\/www.moskito.cz\/produkt\/pevny-noz-extrema-ratio-n-k-2-stone-washed\/"},"modified":"2025-05-07T10:43:49","modified_gmt":"2025-05-07T09:43:49","slug":"pevny-noz-extrema-ratio-n-k-2-stone-washed","status":"publish","type":"product","link":"https:\/\/www.moskito.cz\/sk\/produkt\/pevny-noz-extrema-ratio-n-k-2-stone-washed\/","title":{"rendered":"Pevn\u00fd N\u00f4\u017e Extrema Ratio N.K.2 STONE WASHED"},"content":{"rendered":"<p>Pevn\u00fd N\u00f4\u017e Extrema Ratio N.K.2 STONE WASHED.<\/p>\n<p>NK2 je zmen\u0161en\u00fd n\u00f4\u017e, ktor\u00fd roz\u0161iruje rodinu no\u017eov na krk o Extrema Ratio. Hlavn\u00e9 rozdiely oproti predchodcovi NK1 s\u00fa \u010depe\u013e tanto a otvor na odvod krvi. Kon\u0161trukcia rukov\u00e4te zabra\u0148uje n\u00e1hodn\u00e9mu zraneniu pri kreslen\u00ed. Dr\u00e1\u017eka na zadnej strane \u010depele je vhodn\u00e1 pre ukazov\u00e1k alebo palec pou\u017e\u00edvate\u013ea, pod\u013ea \u0161t\u00fdlu ovl\u00e1dania. V\u010faka svojej celkovej kon\u0161trukcii je NK2 ako schopn\u00fd \u00fatoku, prostredn\u00edctvom ve\u013emi \u00fa\u010dinn\u00fdch se\u010dn\u00fdch \u00faderov, tak u\u017eito\u010dn\u00fd pre pr\u00e1cu s nepatrnou presnos\u0165ou. Prilo\u017een\u00e9, r\u00fdchlo sa uvo\u013e\u0148uj\u00face puzdro Kydex je dod\u00e1van\u00e9 s p\u00e1sikom paracord pre nosenie na krku. \u010ealej ho mo\u017eno pripevni\u0165 pomocou syst\u00e9mu MOLLE k taktick\u00fdm vest\u00e1m alebo ku ktor\u00e9muko\u013evek z kompatibiln\u00fdch po\u0161v cordura od Extrema Ratio. K dispoz\u00edcii, ale nie je s\u00fa\u010das\u0165ou dod\u00e1vky: BELT-CLIP (pre pripevnenie puzdra k opasku), polym\u00e9rov\u00fd SYST\u00c9M POD KO\u0160ELE (pre skryt\u00e9 nosenie).<\/p>\n<p>HMOTNOS\u0164 G: 69<br \/>\nD\u0139\u017dKA \u010cEPELA (MM): 50<br \/>\nCELKOV\u00c1 D\u0139\u017dKA (MM): 128<br \/>\nH\u013d\u00daBKA \u010cEPELA (MM): 6,3<br \/>\nMATERI\u00c1L \u010cEPELA: B\u00d6HLER N690 STEEL (58HRC)<br \/>\nPOVRCHOV\u00c1 \u00daPRAVA \u010cEPE\u013dA: KAMENE WASHED<br \/>\nHLAVN\u00c1 MRIE\u017dKA: PLOCH\u00c1<br \/>\nMATERI\u00c1L RUKOV\u00c4TI: B\u00d6HLER N690 STEEL (58HRC)<\/p>\n","protected":false},"excerpt":{"rendered":"<p>Spolo\u010dnos\u0165 Extrema Ratio so s\u00eddlom v talianskom Prate navrhuje a vyr\u00e1ba vysoko v\u00fdkonn\u00e9 bojov\u00e9, vojensk\u00e9, kuchynsk\u00e9, loveck\u00e9 a taktick\u00e9 no\u017ee od roku 1997 a m\u00e1 poves\u0165 vynikaj\u00facej kvality, ktor\u00e1 je v odbore vojensk\u00fdch a taktick\u00fdch no\u017eov neprekonate\u013en\u00e1. Doprava zadarmo.<\/p>\n","protected":false},"featured_media":230289,"comment_status":"open","ping_status":"closed","template":"","meta":[],"pwb-brand":[3198],"product_brand":[],"product_cat":[3186,3187],"product_tag":[3668],"class_list":{"0":"post-230309","1":"product","2":"type-product","3":"status-publish","4":"has-post-thumbnail","6":"pwb-brand-extrema-ratio-sk","7":"product_cat-noze-sk","8":"product_cat-pevne-noze-sk","9":"product_tag-b2b-sk","11":"first","12":"instock","13":"taxable","14":"shipping-taxable","15":"purchasable","16":"product-type-simple"},"brands":[{"id":3198,"name":"Extrema Ratio","slug":"extrema-ratio-sk"}],"_links":{"self":[{"href":"https:\/\/www.moskito.cz\/sk\/wp-json\/wp\/v2\/product\/230309","targetHints":{"allow":["GET"]}}],"collection":[{"href":"https:\/\/www.moskito.cz\/sk\/wp-json\/wp\/v2\/product"}],"about":[{"href":"https:\/\/www.moskito.cz\/sk\/wp-json\/wp\/v2\/types\/product"}],"replies":[{"embeddable":true,"href":"https:\/\/www.moskito.cz\/sk\/wp-json\/wp\/v2\/comments?post=230309"}],"wp:featuredmedia":[{"embeddable":true,"href":"https:\/\/www.moskito.cz\/sk\/wp-json\/wp\/v2\/media\/230289"}],"wp:attachment":[{"href":"https:\/\/www.moskito.cz\/sk\/wp-json\/wp\/v2\/media?parent=230309"}],"wp:term":[{"taxonomy":"pwb-brand","embeddable":true,"href":"https:\/\/www.moskito.cz\/sk\/wp-json\/wp\/v2\/pwb-brand?post=230309"},{"taxonomy":"product_brand","embeddable":true,"href":"https:\/\/www.moskito.cz\/sk\/wp-json\/wp\/v2\/product_brand?post=230309"},{"taxonomy":"product_cat","embeddable":true,"href":"https:\/\/www.moskito.cz\/sk\/wp-json\/wp\/v2\/product_cat?post=230309"},{"taxonomy":"product_tag","embeddable":true,"href":"https:\/\/www.moskito.cz\/sk\/wp-json\/wp\/v2\/product_tag?post=230309"}],"curies":[{"name":"wp","href":"https:\/\/api.w.org\/{rel}","templated":true}]}}