{"id":230340,"date":"2022-11-17T16:24:58","date_gmt":"2022-11-17T15:24:58","guid":{"rendered":"https:\/\/www.moskito.cz\/produkt\/bruska-extrema-ratio-double-grain-sharpener\/"},"modified":"2025-05-07T10:43:50","modified_gmt":"2025-05-07T09:43:50","slug":"bruska-extrema-ratio-double-grain-sharpener","status":"publish","type":"product","link":"https:\/\/www.moskito.cz\/sk\/produkt\/bruska-extrema-ratio-double-grain-sharpener\/","title":{"rendered":"Br\u00faska Extrema Ratio DOUBLE GRAIN SHARPENER"},"content":{"rendered":"<p>Br\u00faska <strong>Extrema Ratio<\/strong> DOUBLE GRAIN SHARPENER<\/p>\n<p>Dvojzrnn\u00fd br\u00fasik z karbidu krem\u00edka. Sklad\u00e1 sa z hrubozrnnej strany (180) a jemnozrnnej strany (400) na vykon\u00e1vanie v\u00fdkonnej\u0161ieho ostrenia. Dod\u00e1va sa s po\u0161vou z cordury.<\/p>\n","protected":false},"excerpt":{"rendered":"<p>Spolo\u010dnos\u0165 Extrema Ratio so s\u00eddlom v talianskom Prate navrhuje a vyr\u00e1ba vysoko v\u00fdkonn\u00e9 bojov\u00e9, vojensk\u00e9, kuchynsk\u00e9, loveck\u00e9 a taktick\u00e9 no\u017ee od roku 1997 a m\u00e1 poves\u0165 vynikaj\u00facej kvality, ktor\u00e1 je v odbore vojensk\u00fdch a taktick\u00fdch no\u017eov neprekonate\u013en\u00e1.<\/p>\n","protected":false},"featured_media":230338,"comment_status":"open","ping_status":"closed","template":"","meta":[],"pwb-brand":[3198],"product_brand":[],"product_cat":[3205],"product_tag":[3668],"class_list":{"0":"post-230340","1":"product","2":"type-product","3":"status-publish","4":"has-post-thumbnail","6":"pwb-brand-extrema-ratio-sk","7":"product_cat-brusky-a-ocielky","8":"product_tag-b2b-sk","10":"first","11":"instock","12":"taxable","13":"shipping-taxable","14":"purchasable","15":"product-type-simple"},"brands":[{"id":3198,"name":"Extrema Ratio","slug":"extrema-ratio-sk"}],"_links":{"self":[{"href":"https:\/\/www.moskito.cz\/sk\/wp-json\/wp\/v2\/product\/230340","targetHints":{"allow":["GET"]}}],"collection":[{"href":"https:\/\/www.moskito.cz\/sk\/wp-json\/wp\/v2\/product"}],"about":[{"href":"https:\/\/www.moskito.cz\/sk\/wp-json\/wp\/v2\/types\/product"}],"replies":[{"embeddable":true,"href":"https:\/\/www.moskito.cz\/sk\/wp-json\/wp\/v2\/comments?post=230340"}],"wp:featuredmedia":[{"embeddable":true,"href":"https:\/\/www.moskito.cz\/sk\/wp-json\/wp\/v2\/media\/230338"}],"wp:attachment":[{"href":"https:\/\/www.moskito.cz\/sk\/wp-json\/wp\/v2\/media?parent=230340"}],"wp:term":[{"taxonomy":"pwb-brand","embeddable":true,"href":"https:\/\/www.moskito.cz\/sk\/wp-json\/wp\/v2\/pwb-brand?post=230340"},{"taxonomy":"product_brand","embeddable":true,"href":"https:\/\/www.moskito.cz\/sk\/wp-json\/wp\/v2\/product_brand?post=230340"},{"taxonomy":"product_cat","embeddable":true,"href":"https:\/\/www.moskito.cz\/sk\/wp-json\/wp\/v2\/product_cat?post=230340"},{"taxonomy":"product_tag","embeddable":true,"href":"https:\/\/www.moskito.cz\/sk\/wp-json\/wp\/v2\/product_tag?post=230340"}],"curies":[{"name":"wp","href":"https:\/\/api.w.org\/{rel}","templated":true}]}}