{"id":230347,"date":"2022-11-17T16:58:31","date_gmt":"2022-11-17T15:58:31","guid":{"rendered":"https:\/\/www.moskito.cz\/produkt\/diamantovy-brusik-extrema-ratio-diamond-sharpener\/"},"modified":"2025-05-07T10:43:50","modified_gmt":"2025-05-07T09:43:50","slug":"diamantovy-brusik-extrema-ratio-diamond-sharpener","status":"publish","type":"product","link":"https:\/\/www.moskito.cz\/sk\/produkt\/diamantovy-brusik-extrema-ratio-diamond-sharpener\/","title":{"rendered":"Diamantov\u00fd br\u00fasik Extrema Ratio DIAMOND SHARPENER"},"content":{"rendered":"<p>Diamantov\u00fd br\u00fasik Extrema Ratio DIAMOND SHARPENER.<\/p>\n<p>Vreckov\u00fd br\u00fasik Extrema Ratio Diamond Pocket Sharpener.<\/p>\n","protected":false},"excerpt":{"rendered":"<p>Spolo\u010dnos\u0165 Extrema Ratio so s\u00eddlom v talianskom Prate navrhuje a vyr\u00e1ba vysoko v\u00fdkonn\u00e9 bojov\u00e9, vojensk\u00e9, kuchynsk\u00e9, loveck\u00e9 a taktick\u00e9 no\u017ee od roku 1997 a m\u00e1 poves\u0165 vynikaj\u00facej kvality, ktor\u00e1 je v odbore vojensk\u00fdch a taktick\u00fdch no\u017eov neprekonate\u013en\u00e1. Doprava zadarmo.<\/p>\n","protected":false},"featured_media":230345,"comment_status":"open","ping_status":"closed","template":"","meta":[],"pwb-brand":[3198],"product_brand":[],"product_cat":[3205],"product_tag":[3668],"class_list":{"0":"post-230347","1":"product","2":"type-product","3":"status-publish","4":"has-post-thumbnail","6":"pwb-brand-extrema-ratio-sk","7":"product_cat-brusky-a-ocielky","8":"product_tag-b2b-sk","10":"first","11":"outofstock","12":"taxable","13":"shipping-taxable","14":"purchasable","15":"product-type-simple"},"brands":[{"id":3198,"name":"Extrema Ratio","slug":"extrema-ratio-sk"}],"_links":{"self":[{"href":"https:\/\/www.moskito.cz\/sk\/wp-json\/wp\/v2\/product\/230347","targetHints":{"allow":["GET"]}}],"collection":[{"href":"https:\/\/www.moskito.cz\/sk\/wp-json\/wp\/v2\/product"}],"about":[{"href":"https:\/\/www.moskito.cz\/sk\/wp-json\/wp\/v2\/types\/product"}],"replies":[{"embeddable":true,"href":"https:\/\/www.moskito.cz\/sk\/wp-json\/wp\/v2\/comments?post=230347"}],"wp:featuredmedia":[{"embeddable":true,"href":"https:\/\/www.moskito.cz\/sk\/wp-json\/wp\/v2\/media\/230345"}],"wp:attachment":[{"href":"https:\/\/www.moskito.cz\/sk\/wp-json\/wp\/v2\/media?parent=230347"}],"wp:term":[{"taxonomy":"pwb-brand","embeddable":true,"href":"https:\/\/www.moskito.cz\/sk\/wp-json\/wp\/v2\/pwb-brand?post=230347"},{"taxonomy":"product_brand","embeddable":true,"href":"https:\/\/www.moskito.cz\/sk\/wp-json\/wp\/v2\/product_brand?post=230347"},{"taxonomy":"product_cat","embeddable":true,"href":"https:\/\/www.moskito.cz\/sk\/wp-json\/wp\/v2\/product_cat?post=230347"},{"taxonomy":"product_tag","embeddable":true,"href":"https:\/\/www.moskito.cz\/sk\/wp-json\/wp\/v2\/product_tag?post=230347"}],"curies":[{"name":"wp","href":"https:\/\/api.w.org\/{rel}","templated":true}]}}