{"id":230384,"date":"2022-11-17T18:24:33","date_gmt":"2022-11-17T17:24:33","guid":{"rendered":"https:\/\/www.moskito.cz\/produkt\/pevny-noz-extrema-ratio-contact-c-desert\/"},"modified":"2025-05-07T10:43:51","modified_gmt":"2025-05-07T09:43:51","slug":"pevny-noz-extrema-ratio-contact-c-desert","status":"publish","type":"product","link":"https:\/\/www.moskito.cz\/sk\/produkt\/pevny-noz-extrema-ratio-contact-c-desert\/","title":{"rendered":"Pevn\u00fd N\u00f4\u017e Extrema Ratio CONTACT C DESERT"},"content":{"rendered":"<p>Pevn\u00fd N\u00f4\u017e Extrema Ratio CONTACT C DESERT.<\/p>\n<p>Kompaktn\u00e1 verzia CONTACT, CONTACT C m\u00e1 \u010depe\u013e B\u00f6hler N690 z ocele s hrotom o\u0161tepu, kalen\u00fa na 58 HRC s jednoramenn\u00fdm predpa\u017eb\u00edm a pln\u0161\u00edm po celej d\u013a\u017eke pre \u013eahkos\u0165. Rukov\u00e4\u0165 Forprene je pripevnen\u00e1 z\u00e1vitovou \u010diapo\u010dkou, v\u010faka ktorej je n\u00f4\u017e pevn\u00fd a dobre vyv\u00e1\u017een\u00fd. Vstrekovan\u00e1 nylonov\u00e1, n\u00e1razuvzdorn\u00e1 po\u0161va kompatibiln\u00e1 s MOLLE m\u00e1 tlmiaci syst\u00e9m, ktor\u00fd zabra\u0148uje chrasteniu \u010depele, bezpe\u010dnostn\u00fa slu\u010dku s dvoma tla\u010didlami a poistku, ktor\u00e1 sa uvo\u013en\u00ed jednoduch\u00fdm tlakom na p\u00e1ku podobn\u00fa sp\u00fa\u0161te. Dostupn\u00e9 vo verzi\u00e1ch Black, Desert, Hcs, Ranger Green a Wolf Grey.<\/p>\n<p>HMOTNOS\u0164 G: 273<br \/>\nD\u0139\u017dKA \u010cEPE\u013dA (MM): 128<br \/>\nCELKOV\u00c1 D\u0139\u017dKA (MM): 258<br \/>\nH\u013d\u00daBKA \u010cEPELA (MM): 6,3<br \/>\nMATERI\u00c1L \u010cEPELA: B\u00d6HLER N690 STEEL (58HRC)<br \/>\nPOVRCHOV\u00c1 \u00daPRAVA \u010cEPE\u013dA: KAMENE WASHED<br \/>\nHLAVN\u00c1 MRIE\u017dKA: PLOCH\u00c1<br \/>\nMATERI\u00c1L RUKOV\u00c4TI: FORPRENE<\/p>\n","protected":false},"excerpt":{"rendered":"<p>Spolo\u010dnos\u0165 Extrema Ratio so s\u00eddlom v talianskom Prate navrhuje a vyr\u00e1ba vysoko v\u00fdkonn\u00e9 bojov\u00e9, vojensk\u00e9, kuchynsk\u00e9, loveck\u00e9 a taktick\u00e9 no\u017ee od roku 1997 a m\u00e1 poves\u0165 vynikaj\u00facej kvality, ktor\u00e1 je v odbore vojensk\u00fdch a taktick\u00fdch no\u017eov neprekonate\u013en\u00e1.<\/p>\n<p><strong>Doprava zadarmo.<\/strong><\/p>\n","protected":false},"featured_media":230364,"comment_status":"open","ping_status":"closed","template":"","meta":[],"pwb-brand":[3198],"product_brand":[],"product_cat":[3186,3187],"product_tag":[3668],"class_list":{"0":"post-230384","1":"product","2":"type-product","3":"status-publish","4":"has-post-thumbnail","6":"pwb-brand-extrema-ratio-sk","7":"product_cat-noze-sk","8":"product_cat-pevne-noze-sk","9":"product_tag-b2b-sk","11":"first","12":"instock","13":"taxable","14":"shipping-taxable","15":"purchasable","16":"product-type-simple"},"brands":[{"id":3198,"name":"Extrema Ratio","slug":"extrema-ratio-sk"}],"_links":{"self":[{"href":"https:\/\/www.moskito.cz\/sk\/wp-json\/wp\/v2\/product\/230384","targetHints":{"allow":["GET"]}}],"collection":[{"href":"https:\/\/www.moskito.cz\/sk\/wp-json\/wp\/v2\/product"}],"about":[{"href":"https:\/\/www.moskito.cz\/sk\/wp-json\/wp\/v2\/types\/product"}],"replies":[{"embeddable":true,"href":"https:\/\/www.moskito.cz\/sk\/wp-json\/wp\/v2\/comments?post=230384"}],"wp:featuredmedia":[{"embeddable":true,"href":"https:\/\/www.moskito.cz\/sk\/wp-json\/wp\/v2\/media\/230364"}],"wp:attachment":[{"href":"https:\/\/www.moskito.cz\/sk\/wp-json\/wp\/v2\/media?parent=230384"}],"wp:term":[{"taxonomy":"pwb-brand","embeddable":true,"href":"https:\/\/www.moskito.cz\/sk\/wp-json\/wp\/v2\/pwb-brand?post=230384"},{"taxonomy":"product_brand","embeddable":true,"href":"https:\/\/www.moskito.cz\/sk\/wp-json\/wp\/v2\/product_brand?post=230384"},{"taxonomy":"product_cat","embeddable":true,"href":"https:\/\/www.moskito.cz\/sk\/wp-json\/wp\/v2\/product_cat?post=230384"},{"taxonomy":"product_tag","embeddable":true,"href":"https:\/\/www.moskito.cz\/sk\/wp-json\/wp\/v2\/product_tag?post=230384"}],"curies":[{"name":"wp","href":"https:\/\/api.w.org\/{rel}","templated":true}]}}