{"id":230550,"date":"2022-11-19T09:42:52","date_gmt":"2022-11-19T08:42:52","guid":{"rendered":"https:\/\/www.moskito.cz\/produkt\/pevny-noz-sog-ace\/"},"modified":"2025-05-07T10:43:52","modified_gmt":"2025-05-07T09:43:52","slug":"pevny-noz-sog-ace","status":"publish","type":"product","link":"https:\/\/www.moskito.cz\/sk\/produkt\/pevny-noz-sog-ace\/","title":{"rendered":"Pevn\u00fd N\u00f4\u017e SOG ACE"},"content":{"rendered":"<p>Pevn\u00fd N\u00f4\u017e SOG ACE.<\/p>\n<p>Ace je najdostupnej\u0161\u00ed a cenovo dostupn\u00fd n\u00f4\u017e s pevnou \u010depe\u013eou od SOG. S \u010diernym puzdrom a pri\u013enavou text\u00farovanou gumovou rukov\u00e4\u0165ou je to n\u00f4\u017e, ktor\u00fd m\u00f4\u017eete uchopi\u0165 a viete, \u017ee budete pripraven\u00ed. V\u010faka 3,8-palcovej \u010depeli s klipom pre v\u0161estrannos\u0165 je Ace va\u0161im najlep\u0161\u00edm priate\u013eom, pokia\u013e ide o outdoor. Po\u0161va je dokonca dod\u00e1van\u00e1 s dr\u00e1\u017ekou na rezanie \u0161n\u00fary! A rovnako ako v\u0161etky no\u017ee s pevnou \u010depe\u013eou SOG prich\u00e1dza s na\u0161ou do\u017eivotnou z\u00e1rukou, \u010do znamen\u00e1, \u017ee sa na Ace m\u00f4\u017eete v\u017edy spo\u013eahn\u00fa\u0165.<\/p>\n<p>Skvel\u00e1 funk\u010dnos\u0165 za ve\u013emi rozumn\u00fa cenu<br \/>\nPr\u00edstupn\u00fd, cenovo dostupn\u00fd n\u00f4\u017e, ktor\u00fd zvl\u00e1dne v\u00e4\u010d\u0161inu vonkaj\u0161\u00edch \u00faloh. Dobr\u00e1 vo\u013eba pre skautov alebo t\u00e1born\u00edkov, je schopn\u00fd zvl\u00e1dnu\u0165 v\u00e4\u010d\u0161inu pr\u00e1c.<\/p>\n<p>Pevn\u00e1 \u010depe\u013e s dosahom funkci\u00ed za rozumn\u00fa cenu<br \/>\nCenovo dostupn\u00e1 pevn\u00e1 \u010depe\u013e z ocele 7CR17MOV v povrchovej \u00faprave stone wash. Obsahuje TRP rukov\u00e4\u0165 a \u013eahk\u00e9 puzdro na sponu na opasok so vstavanou dr\u00e1\u017ekou na rezanie k\u00e1bla.<\/p>\n<p>Pevn\u00e1 \u010depe\u013e s dosahom funkci\u00ed za rozumn\u00fa cenu<br \/>\nCenovo dostupn\u00e1 pevn\u00e1 \u010depe\u013e z ocele 7CR17MOV v povrchovej \u00faprave stone wash. Obsahuje TRP rukov\u00e4\u0165 a \u013eahk\u00e9 puzdro na sponu na opasok so vstavanou dr\u00e1\u017ekou na rezanie k\u00e1bla.<\/p>\n<p>\u013dAHKO SA DR\u017d\u00cd<br \/>\nS pri\u013enavou tvarovanou rukov\u00e4\u0165ou sa \u013eahko manipuluje, aj ke\u010f je mokr\u00e1.<\/p>\n<p>Ace sa dod\u00e1va s pohodln\u00fdm tvarovan\u00fdm puzdrom.<\/p>\n<p>CELKOV\u00c1 D\u013a\u017eka: 219 mm<br \/>\nOCE\u013d: 7Cr17MoV<br \/>\nFARBA: Grey<br \/>\nMATERI\u00c1L P\u00daZDRA: Hard Molded Nylon<br \/>\nMATERI\u00c1L RUKOV\u00c4TI: Rubber<br \/>\nH\u013d\u00daBKA \u010cEPELA: 3 mm<br \/>\nD\u0139\u017dKA \u010cEPELA: 97 mm<br \/>\nHMOTNOS\u0164: 113 g<\/p>\n","protected":false},"excerpt":{"rendered":"<p>Tento n\u00f4\u017e je ide\u00e1lny pre \u00falohy, ako je \u0161tiepanie dreva na podpa\u013eovanie a vytv\u00e1ranie pr\u00edstre\u0161ku.<\/p>\n","protected":false},"featured_media":230521,"comment_status":"open","ping_status":"closed","template":"","meta":[],"pwb-brand":[3231],"product_brand":[],"product_cat":[3186,3187],"product_tag":[3668],"class_list":{"0":"post-230550","1":"product","2":"type-product","3":"status-publish","4":"has-post-thumbnail","6":"pwb-brand-pevny-noz-sog-snarl","7":"product_cat-noze-sk","8":"product_cat-pevne-noze-sk","9":"product_tag-b2b-sk","11":"first","12":"instock","13":"taxable","14":"shipping-taxable","15":"purchasable","16":"product-type-simple"},"brands":[{"id":3231,"name":"Pevn\u00fd N\u00f4\u017e SOG SNARL","slug":"pevny-noz-sog-snarl"}],"_links":{"self":[{"href":"https:\/\/www.moskito.cz\/sk\/wp-json\/wp\/v2\/product\/230550","targetHints":{"allow":["GET"]}}],"collection":[{"href":"https:\/\/www.moskito.cz\/sk\/wp-json\/wp\/v2\/product"}],"about":[{"href":"https:\/\/www.moskito.cz\/sk\/wp-json\/wp\/v2\/types\/product"}],"replies":[{"embeddable":true,"href":"https:\/\/www.moskito.cz\/sk\/wp-json\/wp\/v2\/comments?post=230550"}],"wp:featuredmedia":[{"embeddable":true,"href":"https:\/\/www.moskito.cz\/sk\/wp-json\/wp\/v2\/media\/230521"}],"wp:attachment":[{"href":"https:\/\/www.moskito.cz\/sk\/wp-json\/wp\/v2\/media?parent=230550"}],"wp:term":[{"taxonomy":"pwb-brand","embeddable":true,"href":"https:\/\/www.moskito.cz\/sk\/wp-json\/wp\/v2\/pwb-brand?post=230550"},{"taxonomy":"product_brand","embeddable":true,"href":"https:\/\/www.moskito.cz\/sk\/wp-json\/wp\/v2\/product_brand?post=230550"},{"taxonomy":"product_cat","embeddable":true,"href":"https:\/\/www.moskito.cz\/sk\/wp-json\/wp\/v2\/product_cat?post=230550"},{"taxonomy":"product_tag","embeddable":true,"href":"https:\/\/www.moskito.cz\/sk\/wp-json\/wp\/v2\/product_tag?post=230550"}],"curies":[{"name":"wp","href":"https:\/\/api.w.org\/{rel}","templated":true}]}}