{"id":230566,"date":"2022-11-19T10:14:25","date_gmt":"2022-11-19T09:14:25","guid":{"rendered":"https:\/\/www.moskito.cz\/produkt\/vystrelovaci-noz-microtech-exocet-otf-money-clip-cerakote-od-green-157-1cod\/"},"modified":"2025-05-07T12:49:28","modified_gmt":"2025-05-07T11:49:28","slug":"vystrelovaci-noz-microtech-exocet-otf-money-clip-cerakote-od-green-157-1cod","status":"publish","type":"product","link":"https:\/\/www.moskito.cz\/sk\/produkt\/vystrelovaci-noz-microtech-exocet-otf-money-clip-cerakote-od-green-157-1cod\/","title":{"rendered":"Vystre\u013eovac\u00ed N\u00f4\u017e Microtech Exocet OTF Money Clip Cerakote OD Green 157-1COD"},"content":{"rendered":"<p>Vystre\u013eovac\u00ed N\u00f4\u017e <strong>Microtech<\/strong> Exocet OTF Money Clip Cerakote OD Green 157-1COD.<\/p>\n<p>Microtech Exocet D\/E Cerakote OD Zelen\u00e1 rukov\u00e4\u0165 Cerakote Od Zelen\u00e1 \u0160tandardn\u00e1 \u010depe\u013e Cali Legal OTF Spona na peniaze 157-1CTA<\/p>\n<p>\u00daplne nov\u00fd Microtech Exocet je ve\u013emi cool mal\u00fd, ale robustn\u00fd OTF n\u00f4\u017e. Je praktick\u00e1 a u\u017eito\u010dn\u00e1, m\u00e1 \u0161irok\u00fa kalifornsk\u00fa leg\u00e1lnu dvojit\u00fa \u010depe\u013e d\u00fdky a ve\u013ek\u00fa vreckov\u00fa sponu. Vreckov\u00e1 spona funguje skvele ako spona na peniaze a rob\u00ed z nej perfektn\u00fd n\u00f4\u017e na ka\u017edodenn\u00e9 nosenie. Tento inovat\u00edvny dizajn od Microtech je prvou sponou na peniaze, ktor\u00e1 obsahuje vysoko kvalitn\u00fd automatick\u00fd n\u00f4\u017e Out The Front.<\/p>\n<p>Tento model je vybaven\u00fd stupnicou s hlin\u00edkovou rukov\u00e4\u0165ou Cerakote OD Green 6061-T6. \u010cepe\u013e d\u00fdky z nerezovej ocele Cerakote OD Green M390 s dvojit\u00fdm ostr\u00edm. Hardv\u00e9r v preveden\u00ed Cerakote OD Green a spona na vrecko\/peniaze. \u010cepe\u013e m\u00e1 logo Microtech a inform\u00e1cie o modeli. Vreckov\u00fd klip m\u00e1 logo Microtech, s\u00e9riov\u00e9 \u010d\u00edslo a d\u00e1tum v\u00fdroby.<\/p>\n<p>Hlin\u00edkov\u00e1 rukov\u00e4\u0165<br \/>\n \u010cepe\u013e z oce\u013eov\u00e9ho d\u00fdka CTS-204P.<br \/>\n Ovl\u00e1danie jedn\u00fdm palcom<br \/>\n Obojstrann\u00fd vreckov\u00fd klip, ktor\u00fd funguje ako klip na peniaze.<\/p>\n<p>D\u013a\u017eka \u010depele: 5 cm<br \/>\n Celkov\u00e1 d\u013a\u017eka no\u017ea: 13.5 cm<br \/>\n Hr\u00fabka \u010depele: 0,15 cm<\/p>\n<p><iframe title=\"Microtech Combat Troodon Torture Test\" width=\"800\" height=\"450\" src=\"https:\/\/www.youtube.com\/embed\/xE9TeOFYEjg?feature=oembed\" frameborder=\"0\" allow=\"accelerometer; autoplay; clipboard-write; encrypted-media; gyroscope; picture-in-picture; web-share\" allowfullscreen><\/iframe><\/p>\n<p>&nbsp;<\/p>\n","protected":false},"excerpt":{"rendered":"<p>V priebehu rokov <strong>Microtech\u00ae<\/strong> Knives naplnil v\u00e1\u0161\u0148ou a zru\u010dnos\u0165ou v\u00fdrobu no\u017eov, a\u017e z nich vytvoril takmer umeleck\u00e9 diela, ktor\u00e9 s\u00fa vrcholom funk\u010dnosti. Aj na\u010falej pos\u00fava hranice a vylep\u0161uje ich. V\u0161etky diely s\u00fa vyroben\u00e9 v USA.<br \/>\n<strong>Na v\u0161etky no\u017ee Microtech je do\u017eivotn\u00e1 z\u00e1ruka.<\/strong><\/p>\n<p><strong>Doprava zadarmo.<\/strong><\/p>\n","protected":false},"featured_media":230561,"comment_status":"open","ping_status":"closed","template":"","meta":[],"pwb-brand":[3200],"product_brand":[],"product_cat":[3186,3197],"product_tag":[3668],"class_list":{"0":"post-230566","1":"product","2":"type-product","3":"status-publish","4":"has-post-thumbnail","6":"pwb-brand-microtech-sk","7":"product_cat-noze-sk","8":"product_cat-vystrelovacie-noze-sk","9":"product_tag-b2b-sk","11":"first","12":"outofstock","13":"taxable","14":"shipping-taxable","15":"purchasable","16":"product-type-simple"},"brands":[{"id":3200,"name":"Microtech","slug":"microtech-sk"}],"_links":{"self":[{"href":"https:\/\/www.moskito.cz\/sk\/wp-json\/wp\/v2\/product\/230566","targetHints":{"allow":["GET"]}}],"collection":[{"href":"https:\/\/www.moskito.cz\/sk\/wp-json\/wp\/v2\/product"}],"about":[{"href":"https:\/\/www.moskito.cz\/sk\/wp-json\/wp\/v2\/types\/product"}],"replies":[{"embeddable":true,"href":"https:\/\/www.moskito.cz\/sk\/wp-json\/wp\/v2\/comments?post=230566"}],"wp:featuredmedia":[{"embeddable":true,"href":"https:\/\/www.moskito.cz\/sk\/wp-json\/wp\/v2\/media\/230561"}],"wp:attachment":[{"href":"https:\/\/www.moskito.cz\/sk\/wp-json\/wp\/v2\/media?parent=230566"}],"wp:term":[{"taxonomy":"pwb-brand","embeddable":true,"href":"https:\/\/www.moskito.cz\/sk\/wp-json\/wp\/v2\/pwb-brand?post=230566"},{"taxonomy":"product_brand","embeddable":true,"href":"https:\/\/www.moskito.cz\/sk\/wp-json\/wp\/v2\/product_brand?post=230566"},{"taxonomy":"product_cat","embeddable":true,"href":"https:\/\/www.moskito.cz\/sk\/wp-json\/wp\/v2\/product_cat?post=230566"},{"taxonomy":"product_tag","embeddable":true,"href":"https:\/\/www.moskito.cz\/sk\/wp-json\/wp\/v2\/product_tag?post=230566"}],"curies":[{"name":"wp","href":"https:\/\/api.w.org\/{rel}","templated":true}]}}