{"id":230679,"date":"2022-11-19T11:45:25","date_gmt":"2022-11-19T10:45:25","guid":{"rendered":"https:\/\/www.moskito.cz\/produkt\/pevny-noz-crkt-minimalist-wharncliffe\/"},"modified":"2025-05-07T10:43:55","modified_gmt":"2025-05-07T09:43:55","slug":"pevny-noz-crkt-minimalist-wharncliffe","status":"publish","type":"product","link":"https:\/\/www.moskito.cz\/sk\/produkt\/pevny-noz-crkt-minimalist-wharncliffe\/","title":{"rendered":"Pevn\u00fd N\u00f4\u017e CRKT MINIMALIST WHARNCLIFFE"},"content":{"rendered":"<p>Pevn\u00fd N\u00f4\u017e CRKT MINIMALIST WHARNCLIFFE.<\/p>\n<p>\u0160peci\u00e1lne stavan\u00fd pre v\u0161etko, \u010do treba reza\u0165.<\/p>\n<p>Tieto kompaktn\u00e9 no\u017ee s pevnou \u010depe\u013eou a pevn\u00fdmi rukov\u00e4\u0165ami sa dod\u00e1vaj\u00fa v r\u00f4znych \u0161t\u00fdloch \u010depele. V lese alebo okolo domu sa c\u00edtia rovnako ako doma.<br \/>\nJednoduch\u00e9 ostrenie: \u010cepe\u013e z vysoko uhl\u00edkovej nerezovej ocele dobre zaber\u00e1 ostrie<br \/>\nMinimalizuje odrazivos\u0165: Povrchov\u00e1 \u00faprava perli\u010dkov\u00fdm tryskan\u00edm zni\u017euje odraz<br \/>\nPevn\u00e1 a vizu\u00e1lna: rukov\u00e4\u0165 z vl\u00e1kien napusten\u00fdch \u017eivicou kombinuje silu s vizu\u00e1lnou pr\u00ed\u0165a\u017elivos\u0165ou<br \/>\nKompatibiln\u00fd s prevodovkou: Odoln\u00fd termoplastick\u00fd pl\u00e1\u0161\u0165 s mo\u017enos\u0165ou mont\u00e1\u017ee<br \/>\nKompaktn\u00e1 ve\u013ekos\u0165 je \u013eahk\u00e1.<\/p>\n<p>\u0160PECIFIK\u00c1CIA<br \/>\nD\u013a\u017eka \u010depele 2,00&#8243; (50,80 mm)<br \/>\nOstrie \u010depele Prost\u00fd<br \/>\n\u010cepe\u013e oce\u013e 5Cr15MoV<br \/>\nPovrchov\u00e1 \u00faprava \u010depele Odstrel kor\u00e1likov<br \/>\nHr\u00fabka \u010depele 0,10&#8243; (2,54 mm)<br \/>\nCelkov\u00e1 d\u013a\u017eka 4,88&#8243; (123,83 mm)<br \/>\nHmotnos\u0165 1,20 unca (34,02 g)<br \/>\nRukov\u00e4\u0165 Vl\u00e1kno napusten\u00e9 \u017eivicou<br \/>\n\u0160t\u00fdl N\u00f4\u017e s pevnou \u010depe\u013eou s puzdrom<br \/>\nMateri\u00e1l pl\u00e1\u0161\u0165a Termoplast<br \/>\nHmotnos\u0165 pl\u00e1\u0161\u0165a 0,50 oz. (14,17 g)<\/p>\n","protected":false},"excerpt":{"rendered":"<p>Navrhol Alan Folts v Melbourne na Floride.<\/p>\n","protected":false},"featured_media":230643,"comment_status":"open","ping_status":"closed","template":"","meta":[],"pwb-brand":[3249],"product_brand":[],"product_cat":[3186,3187],"product_tag":[3668],"class_list":{"0":"post-230679","1":"product","2":"type-product","3":"status-publish","4":"has-post-thumbnail","6":"pwb-brand-zatvaraci-noz-crkt-delilahs-p-e-c-k-5520","7":"product_cat-noze-sk","8":"product_cat-pevne-noze-sk","9":"product_tag-b2b-sk","11":"first","12":"outofstock","13":"taxable","14":"shipping-taxable","15":"purchasable","16":"product-type-simple"},"brands":[{"id":3249,"name":"Zatv\u00e1rac\u00ed N\u00f4\u017e CRKT DELILAH'S P.E.C.K. 5520","slug":"zatvaraci-noz-crkt-delilahs-p-e-c-k-5520"}],"_links":{"self":[{"href":"https:\/\/www.moskito.cz\/sk\/wp-json\/wp\/v2\/product\/230679","targetHints":{"allow":["GET"]}}],"collection":[{"href":"https:\/\/www.moskito.cz\/sk\/wp-json\/wp\/v2\/product"}],"about":[{"href":"https:\/\/www.moskito.cz\/sk\/wp-json\/wp\/v2\/types\/product"}],"replies":[{"embeddable":true,"href":"https:\/\/www.moskito.cz\/sk\/wp-json\/wp\/v2\/comments?post=230679"}],"wp:featuredmedia":[{"embeddable":true,"href":"https:\/\/www.moskito.cz\/sk\/wp-json\/wp\/v2\/media\/230643"}],"wp:attachment":[{"href":"https:\/\/www.moskito.cz\/sk\/wp-json\/wp\/v2\/media?parent=230679"}],"wp:term":[{"taxonomy":"pwb-brand","embeddable":true,"href":"https:\/\/www.moskito.cz\/sk\/wp-json\/wp\/v2\/pwb-brand?post=230679"},{"taxonomy":"product_brand","embeddable":true,"href":"https:\/\/www.moskito.cz\/sk\/wp-json\/wp\/v2\/product_brand?post=230679"},{"taxonomy":"product_cat","embeddable":true,"href":"https:\/\/www.moskito.cz\/sk\/wp-json\/wp\/v2\/product_cat?post=230679"},{"taxonomy":"product_tag","embeddable":true,"href":"https:\/\/www.moskito.cz\/sk\/wp-json\/wp\/v2\/product_tag?post=230679"}],"curies":[{"name":"wp","href":"https:\/\/api.w.org\/{rel}","templated":true}]}}