{"id":230694,"date":"2022-11-19T11:59:46","date_gmt":"2022-11-19T10:59:46","guid":{"rendered":"https:\/\/www.moskito.cz\/produkt\/zatvaraci-noz-crkt-m16-13zlek\/"},"modified":"2025-05-07T10:43:55","modified_gmt":"2025-05-07T09:43:55","slug":"zatvaraci-noz-crkt-m16-13zlek","status":"publish","type":"product","link":"https:\/\/www.moskito.cz\/sk\/produkt\/zatvaraci-noz-crkt-m16-13zlek\/","title":{"rendered":"Zatv\u00e1rac\u00ed N\u00f4\u017e CRKT M16-13ZLEK"},"content":{"rendered":"<p>Zatv\u00e1rac\u00ed N\u00f4\u017e CRKT M16-13ZLEK.<\/p>\n<p>Po\u010das posledn\u00e9ho desa\u0165ro\u010dia sme vyrobili ob\u013e\u00faben\u00fd rad M16\u00ae od Kit Carson v mnoh\u00fdch vari\u00e1ci\u00e1ch. Na\u0161a nylonov\u00e1 verzia plnen\u00e1 sklom si vybudovala najv\u00e4\u010d\u0161iu u\u017e\u00edvate\u013esk\u00fa z\u00e1klad\u0148u zo v\u0161etk\u00fdch. Tieto no\u017ee s\u00fa stavan\u00e9 pre funkciu, nie pre m\u00f3du, a s\u00fa to v\u00fdnimo\u010dn\u00e9 hodnoty.<br \/>\nAutomatick\u00e1 bezpe\u010dnos\u0165 vlo\u017eky<br \/>\nTriple Point\u2122 ozubenie<br \/>\nReza\u010dka p\u00e1sov na bezpe\u010dnostn\u00fd p\u00e1s a rozb\u00edja\u010d okien z tvrdokovu.<\/p>\n<p>\u0160PECIFIK\u00c1CIA<br \/>\nD\u013a\u017eka \u010depele 3,38&#8243; (85,73 mm)<br \/>\nOstrie \u010depele Triple Point Serrations\u2122<br \/>\n\u010cepe\u013e oce\u013e AUS 8<br \/>\nPovrchov\u00e1 \u00faprava \u010depele Nitrid tit\u00e1nu<br \/>\nHr\u00fabka \u010depele 0,12&#8243; (3,00 mm)<br \/>\nCelkov\u00e1 d\u013a\u017eka 8,25&#8243; (209,55 mm)<br \/>\nUzavret\u00e1 d\u013a\u017eka 4,88&#8243; (123,83 mm)<br \/>\nHmotnos\u0165 3,70 oz. (104,89 g)<br \/>\nRukov\u00e4\u0165 Nylon vystu\u017een\u00fd sklom<br \/>\n\u0160t\u00fdl Skladac\u00ed n\u00f4\u017e so z\u00e1mkom Liner<\/p>\n","protected":false},"excerpt":{"rendered":"<p>Navrhol Kit Carson vo Vine Grove, Kentucky.<\/p>\n","protected":false},"featured_media":230683,"comment_status":"open","ping_status":"closed","template":"","meta":[],"pwb-brand":[3249],"product_brand":[],"product_cat":[3186,3233],"product_tag":[3668],"class_list":{"0":"post-230694","1":"product","2":"type-product","3":"status-publish","4":"has-post-thumbnail","6":"pwb-brand-zatvaraci-noz-crkt-delilahs-p-e-c-k-5520","7":"product_cat-noze-sk","8":"product_cat-zatvaracie-noze","9":"product_tag-b2b-sk","11":"first","12":"outofstock","13":"taxable","14":"shipping-taxable","15":"purchasable","16":"product-type-simple"},"brands":[{"id":3249,"name":"Zatv\u00e1rac\u00ed N\u00f4\u017e CRKT DELILAH'S P.E.C.K. 5520","slug":"zatvaraci-noz-crkt-delilahs-p-e-c-k-5520"}],"_links":{"self":[{"href":"https:\/\/www.moskito.cz\/sk\/wp-json\/wp\/v2\/product\/230694","targetHints":{"allow":["GET"]}}],"collection":[{"href":"https:\/\/www.moskito.cz\/sk\/wp-json\/wp\/v2\/product"}],"about":[{"href":"https:\/\/www.moskito.cz\/sk\/wp-json\/wp\/v2\/types\/product"}],"replies":[{"embeddable":true,"href":"https:\/\/www.moskito.cz\/sk\/wp-json\/wp\/v2\/comments?post=230694"}],"wp:featuredmedia":[{"embeddable":true,"href":"https:\/\/www.moskito.cz\/sk\/wp-json\/wp\/v2\/media\/230683"}],"wp:attachment":[{"href":"https:\/\/www.moskito.cz\/sk\/wp-json\/wp\/v2\/media?parent=230694"}],"wp:term":[{"taxonomy":"pwb-brand","embeddable":true,"href":"https:\/\/www.moskito.cz\/sk\/wp-json\/wp\/v2\/pwb-brand?post=230694"},{"taxonomy":"product_brand","embeddable":true,"href":"https:\/\/www.moskito.cz\/sk\/wp-json\/wp\/v2\/product_brand?post=230694"},{"taxonomy":"product_cat","embeddable":true,"href":"https:\/\/www.moskito.cz\/sk\/wp-json\/wp\/v2\/product_cat?post=230694"},{"taxonomy":"product_tag","embeddable":true,"href":"https:\/\/www.moskito.cz\/sk\/wp-json\/wp\/v2\/product_tag?post=230694"}],"curies":[{"name":"wp","href":"https:\/\/api.w.org\/{rel}","templated":true}]}}