{"id":230755,"date":"2022-11-19T13:43:53","date_gmt":"2022-11-19T12:43:53","guid":{"rendered":"https:\/\/www.moskito.cz\/produkt\/zatvaraci-noz-crkt-avant\/"},"modified":"2025-05-07T10:43:57","modified_gmt":"2025-05-07T09:43:57","slug":"zatvaraci-noz-crkt-avant","status":"publish","type":"product","link":"https:\/\/www.moskito.cz\/sk\/produkt\/zatvaraci-noz-crkt-avant\/","title":{"rendered":"Zatv\u00e1rac\u00ed N\u00f4\u017e CRKT AVANT"},"content":{"rendered":"<p>Zatv\u00e1rac\u00ed N\u00f4\u017e CRKT AVANT.<\/p>\n<p>Jednoduch\u00e9 na prenos. Stvoren\u00e9 na n\u00e1ro\u010dn\u00e9 pou\u017eitie. Sk\u00fasen\u00e9 oko dok\u00e1\u017ee jedin\u00fd poh\u013ead na n\u00f4\u017e a okam\u017eite rozpozn\u00e1 pr\u00e1cu majstra. M\u0155tvy dar\u010dek: jednoduchos\u0165. So svojimi \u010dist\u00fdmi l\u00edniami, jemn\u00fdmi bronzov\u00fdmi detailmi a vysoko ergonomickou kon\u0161trukciou si zatv\u00e1rac\u00ed n\u00f4\u017e Avant\u2122 pre ka\u017edodenn\u00e9 nosenie presadzuje svoju poz\u00edciu v hornej \u010dasti balenia.<br \/>\nHladk\u00e9 otv\u00e1ranie: \u010cap guli\u010dkov\u00e9ho lo\u017eiska IKBS\u2122 plynulo rozmiestni \u010depe\u013e<br \/>\nHigh Tech: Rukov\u00e4\u0165 G10 s vrstvou uhl\u00edkov\u00fdch vl\u00e1kien je pevn\u00e1 a \u013eahk\u00e1<br \/>\nJednoduch\u00e9 zatv\u00e1ranie: Liner Lock je mo\u017en\u00e9 \u013eahko zavrie\u0165 jednou rukou.<\/p>\n<p>\u0160PECIFIK\u00c1CIA<br \/>\nD\u013a\u017eka \u010depele 3,18&#8243; (80,65 mm)<br \/>\nOstrie \u010depele Prost\u00fd<br \/>\n\u010cepe\u013e oce\u013e 8Cr14MoV<br \/>\nPovrchov\u00e1 \u00faprava \u010depele Sat\u00e9n<br \/>\nHr\u00fabka \u010depele 0,14&#8243; (3,63 mm)<br \/>\nCelkov\u00e1 d\u013a\u017eka 7,50&#8243; (190,50 mm)<br \/>\nUzavret\u00e1 d\u013a\u017eka 4,31&#8243; (109,52 mm)<br \/>\nHmotnos\u0165 5,40 oz (153,09 g)<br \/>\nRukov\u00e4\u0165 Karb\u00f3nov\u00e9 vl\u00e1kno so z\u00e1klad\u0148ou G10<br \/>\n\u0160t\u00fdl Skladac\u00ed n\u00f4\u017e so z\u00e1mkom Liner<\/p>\n","protected":false},"excerpt":{"rendered":"<p>Navrhol Eric Ochs v Sherwoode v Oregone.<\/p>\n","protected":false},"featured_media":230729,"comment_status":"open","ping_status":"closed","template":"","meta":[],"pwb-brand":[3249],"product_brand":[],"product_cat":[3233,3186],"product_tag":[3668],"class_list":{"0":"post-230755","1":"product","2":"type-product","3":"status-publish","4":"has-post-thumbnail","6":"pwb-brand-zatvaraci-noz-crkt-delilahs-p-e-c-k-5520","7":"product_cat-zatvaracie-noze","8":"product_cat-noze-sk","9":"product_tag-b2b-sk","11":"first","12":"outofstock","13":"taxable","14":"shipping-taxable","15":"purchasable","16":"product-type-simple"},"brands":[{"id":3249,"name":"Zatv\u00e1rac\u00ed N\u00f4\u017e CRKT DELILAH'S P.E.C.K. 5520","slug":"zatvaraci-noz-crkt-delilahs-p-e-c-k-5520"}],"_links":{"self":[{"href":"https:\/\/www.moskito.cz\/sk\/wp-json\/wp\/v2\/product\/230755","targetHints":{"allow":["GET"]}}],"collection":[{"href":"https:\/\/www.moskito.cz\/sk\/wp-json\/wp\/v2\/product"}],"about":[{"href":"https:\/\/www.moskito.cz\/sk\/wp-json\/wp\/v2\/types\/product"}],"replies":[{"embeddable":true,"href":"https:\/\/www.moskito.cz\/sk\/wp-json\/wp\/v2\/comments?post=230755"}],"wp:featuredmedia":[{"embeddable":true,"href":"https:\/\/www.moskito.cz\/sk\/wp-json\/wp\/v2\/media\/230729"}],"wp:attachment":[{"href":"https:\/\/www.moskito.cz\/sk\/wp-json\/wp\/v2\/media?parent=230755"}],"wp:term":[{"taxonomy":"pwb-brand","embeddable":true,"href":"https:\/\/www.moskito.cz\/sk\/wp-json\/wp\/v2\/pwb-brand?post=230755"},{"taxonomy":"product_brand","embeddable":true,"href":"https:\/\/www.moskito.cz\/sk\/wp-json\/wp\/v2\/product_brand?post=230755"},{"taxonomy":"product_cat","embeddable":true,"href":"https:\/\/www.moskito.cz\/sk\/wp-json\/wp\/v2\/product_cat?post=230755"},{"taxonomy":"product_tag","embeddable":true,"href":"https:\/\/www.moskito.cz\/sk\/wp-json\/wp\/v2\/product_tag?post=230755"}],"curies":[{"name":"wp","href":"https:\/\/api.w.org\/{rel}","templated":true}]}}