{"id":230824,"date":"2022-11-19T15:11:25","date_gmt":"2022-11-19T14:11:25","guid":{"rendered":"https:\/\/www.moskito.cz\/produkt\/zatvaraci-noz-crkt-septimo\/"},"modified":"2025-05-07T10:43:58","modified_gmt":"2025-05-07T09:43:58","slug":"zatvaraci-noz-crkt-septimo","status":"publish","type":"product","link":"https:\/\/www.moskito.cz\/sk\/produkt\/zatvaraci-noz-crkt-septimo\/","title":{"rendered":"Zatv\u00e1rac\u00ed N\u00f4\u017e CRKT SEPTIMO"},"content":{"rendered":"<p>Zatv\u00e1rac\u00ed N\u00f4\u017e <strong>CRKT<\/strong> SEPTIMO.<\/p>\n<p>Taktick\u00fd n\u00f4\u017e Septimo\u2122 bol navrhnut\u00fd ostrie\u013ean\u00fdm Zelen\u00fdm baretom, aby bola viac ne\u017e len no\u017eom \u2013 vytvoril ju na z\u00e1klade sk\u00fasenost\u00ed a vytvoril ju, aby sl\u00fa\u017eila ako z\u00e1chrann\u00e9 lano. Jeden jedine\u010dn\u00fd Veff Serration\u2122 sa sp\u00e1ruje s v\u00fdkonn\u00fdm dizajnom, aby fungoval ako reza\u010dka popruhov, n\u00f4\u017e a osobn\u00fd obrann\u00fd n\u00e1stroj. Sl\u00fa\u017eenie 14 rokov ako americk\u00fd hrdina vyvrcholilo v tejto ve\u013emoci pripravenej na nasadenie.<br \/>\nExtr\u00e9mne ostr\u00e9: Veff Serration\u2122 poskytuje vynikaj\u00faci rezn\u00fd v\u00fdkon lana a popruhov<br \/>\nR\u00fdchle otv\u00e1ranie: Plutva r\u00fdchlo vysunie \u010depe\u013e<br \/>\nVylep\u0161en\u00e1 ochrana: Povrchov\u00e1 \u00faprava \u010dernen\u00edm zlep\u0161uje odolnos\u0165 proti kor\u00f3zii.<\/p>\n<p>\u0160PECIFIK\u00c1CIA<br \/>\nD\u013a\u017eka \u010depele 3,62&#8243; (92,00 mm)<br \/>\nOstrie \u010depele Veff Serrations\u2122<br \/>\n\u010cepe\u013e oce\u013e 8Cr13MoV<br \/>\nPovrchov\u00e1 \u00faprava \u010depele Kysli\u010dn\u00edk<br \/>\nHr\u00fabka \u010depele 0,13&#8243; (3,23 mm)<br \/>\nCelkov\u00e1 d\u013a\u017eka 8,19&#8243; (207,98 mm)<br \/>\nUzavret\u00e1 d\u013a\u017eka 4,55&#8243; (115,65 mm)<br \/>\nHmotnos\u0165 4,70 oz (133,24 g)<br \/>\nRukov\u00e4\u0165 Hlin\u00edk s nylonovou vlo\u017ekou vystu\u017eenou sklom<br \/>\n\u0160t\u00fdl Skladac\u00ed n\u00f4\u017e so z\u00e1mkom Liner<\/p>\n<p><iframe title=\"Forged By War: Septimo Knife by Jeremy Valdez\" width=\"800\" height=\"450\" src=\"https:\/\/www.youtube.com\/embed\/azLUGBojVfA?feature=oembed\" frameborder=\"0\" allow=\"accelerometer; autoplay; clipboard-write; encrypted-media; gyroscope; picture-in-picture; web-share\" referrerpolicy=\"strict-origin-when-cross-origin\" allowfullscreen><\/iframe><\/p>\n<p>&nbsp;<\/p>\n<p>&nbsp;<\/p>\n<p>&nbsp;<\/p>\n","protected":false},"excerpt":{"rendered":"<p>Navrhol Jeremy Valdez v Olalla, Washington.<\/p>\n","protected":false},"featured_media":230790,"comment_status":"open","ping_status":"closed","template":"","meta":[],"pwb-brand":[3249],"product_brand":[],"product_cat":[3186,3233],"product_tag":[3668],"class_list":{"0":"post-230824","1":"product","2":"type-product","3":"status-publish","4":"has-post-thumbnail","6":"pwb-brand-zatvaraci-noz-crkt-delilahs-p-e-c-k-5520","7":"product_cat-noze-sk","8":"product_cat-zatvaracie-noze","9":"product_tag-b2b-sk","11":"first","12":"instock","13":"taxable","14":"shipping-taxable","15":"purchasable","16":"product-type-simple"},"brands":[{"id":3249,"name":"Zatv\u00e1rac\u00ed N\u00f4\u017e CRKT DELILAH'S P.E.C.K. 5520","slug":"zatvaraci-noz-crkt-delilahs-p-e-c-k-5520"}],"_links":{"self":[{"href":"https:\/\/www.moskito.cz\/sk\/wp-json\/wp\/v2\/product\/230824","targetHints":{"allow":["GET"]}}],"collection":[{"href":"https:\/\/www.moskito.cz\/sk\/wp-json\/wp\/v2\/product"}],"about":[{"href":"https:\/\/www.moskito.cz\/sk\/wp-json\/wp\/v2\/types\/product"}],"replies":[{"embeddable":true,"href":"https:\/\/www.moskito.cz\/sk\/wp-json\/wp\/v2\/comments?post=230824"}],"wp:featuredmedia":[{"embeddable":true,"href":"https:\/\/www.moskito.cz\/sk\/wp-json\/wp\/v2\/media\/230790"}],"wp:attachment":[{"href":"https:\/\/www.moskito.cz\/sk\/wp-json\/wp\/v2\/media?parent=230824"}],"wp:term":[{"taxonomy":"pwb-brand","embeddable":true,"href":"https:\/\/www.moskito.cz\/sk\/wp-json\/wp\/v2\/pwb-brand?post=230824"},{"taxonomy":"product_brand","embeddable":true,"href":"https:\/\/www.moskito.cz\/sk\/wp-json\/wp\/v2\/product_brand?post=230824"},{"taxonomy":"product_cat","embeddable":true,"href":"https:\/\/www.moskito.cz\/sk\/wp-json\/wp\/v2\/product_cat?post=230824"},{"taxonomy":"product_tag","embeddable":true,"href":"https:\/\/www.moskito.cz\/sk\/wp-json\/wp\/v2\/product_tag?post=230824"}],"curies":[{"name":"wp","href":"https:\/\/api.w.org\/{rel}","templated":true}]}}