{"id":230898,"date":"2022-09-08T19:42:11","date_gmt":"2022-09-08T18:42:11","guid":{"rendered":"https:\/\/www.moskito.cz\/produkt\/zatvaraci-noz-crkt-caligo-6215\/"},"modified":"2025-05-07T10:43:59","modified_gmt":"2025-05-07T09:43:59","slug":"zatvaraci-noz-crkt-caligo-6215","status":"publish","type":"product","link":"https:\/\/www.moskito.cz\/sk\/produkt\/zatvaraci-noz-crkt-caligo-6215\/","title":{"rendered":"Zatv\u00e1rac\u00ed N\u00f4\u017e CRKT CALIGO 6215"},"content":{"rendered":"<p>Zatv\u00e1rac\u00ed N\u00f4\u017e CRKT CALIGO 6215.<\/p>\n<p>Dobr\u00fd de\u0148, konsk\u00e1 sila. Caligo\u2122 je \u0161t\u00fadia vysokej estetiky, ale to nie je miesto, kde n\u00e1vrh\u00e1r TJ Schwarz nazval, \u017ee kon\u010d\u00ed s t\u00fdmto zatv\u00e1rac\u00edm no\u017eom na ka\u017edodenn\u00e9 nosenie. M\u00e1 vzdelanie v stroj\u00e1rstve a m\u00e1 bl\u00edzko ku klasick\u00fdm aut\u00e1m&#8230; a je to vidie\u0165. P\u00e1ni, na\u0161tartujte motory.<\/p>\n<p>Ke\u010f dizajn\u00e9r TJ Schwarz z Boise, Idaho hovor\u00ed, \u201evytvoren\u00e9 pre v\u00fdkon\u201c, mysl\u00ed to v\u00e1\u017ene. Na vysokej \u0161kole za\u010dal pred\u00e1va\u0165 ru\u010dne kreslen\u00e9 skice klasick\u00fdch \u00e1ut. Jeho umenie bolo tak\u00e9 n\u00e1padn\u00e9, \u017ee majitelia klasick\u00fdch \u00e1ut za\u010dali \u017eiada\u0165 o prov\u00edzie. So z\u00e1zem\u00edm v stroj\u00e1rstve a jeho za\u010d\u00ednaj\u00facim biznisom ho ako magnet pri\u0165ahoval automobilov\u00fd priemysel&#8230; k\u00fdm ho kamar\u00e1t zo strednej \u0161koly prehovoril, aby navrhol n\u00f4\u017e. Potom sa v\u0161etko posunulo. Po rokoch si urobil meno medzi no\u017eiarmi. A sme hrd\u00ed na to, \u017ee s n\u00edm m\u00f4\u017eeme spolupracova\u0165 na ka\u017edodennom vreckovom no\u017ei Caligo\u2122.<\/p>\n<p>S n\u00edzkoprofilov\u00fdm otvorom pre plutvy a oto\u010dn\u00fdm mechanizmom s guli\u010dkov\u00fdm lo\u017eiskom IKBS\u2122 ide z nuly na \u0161es\u0165desiat r\u00fdchlej\u0161ie ako hot rod. Caligo\u2122 je latinsk\u00e9 slovo pre temnotu, ale pravdepodobne ste to mohli uh\u00e1dnu\u0165 na prv\u00fd poh\u013ead na povrch z \u010dierneho oxidu na upravenej \u010depeli s padac\u00edm hrotom. V spojen\u00ed s \u010diernymi eloxovan\u00fdmi hlin\u00edkov\u00fdmi rukov\u00e4\u0165ami to vyzer\u00e1, \u017ee je \u010derstvo z podlahy showroomu. Modr\u00fd oto\u010dn\u00fd prstenec ju povy\u0161uje na vlastn\u00fa ligu.<\/p>\n<p>Zara\u010fte svoju ka\u017edodenn\u00fa prenosn\u00fa hru na vy\u0161\u0161iu r\u00fdchlos\u0165 s Caligo\u2122.<\/p>\n<p>\u0160PECIFIK\u00c1CIA<br \/>\nD\u013a\u017eka \u010depele 3,19&#8243; (80,90 mm)<br \/>\nOstrie \u010depele Prost\u00fd<br \/>\n\u010cepe\u013e oce\u013e 8Cr13MoV<br \/>\nPovrchov\u00e1 \u00faprava \u010depele Kysli\u010dn\u00edk<br \/>\nHr\u00fabka \u010depele 0,13&#8243; (3,28 mm)<br \/>\nCelkov\u00e1 d\u013a\u017eka 7,63&#8243; (193,68 mm)<br \/>\nUzavret\u00e1 d\u013a\u017eka 4,47&#8243; (113,56 mm)<br \/>\nHmotnos\u0165 3,40 unca (96,39 g)<br \/>\nRukov\u00e4\u0165 Hlin\u00edk<br \/>\n\u0160t\u00fdl Skladac\u00ed n\u00f4\u017e so z\u00e1mkom Liner<\/p>\n","protected":false},"excerpt":{"rendered":"<pre id=\"tw-target-text\" class=\"tw-data-text tw-text-large tw-ta\" dir=\"ltr\" data-placeholder=\"P\u0159eklad\"><span class=\"Y2IQFc\" lang=\"sk\">Navrhol TJ Schwarz v Boise, Idaho.<\/span><\/pre>\n","protected":false},"featured_media":224029,"comment_status":"open","ping_status":"closed","template":"","meta":[],"pwb-brand":[3249],"product_brand":[],"product_cat":[3186,3233],"product_tag":[3668],"class_list":{"0":"post-230898","1":"product","2":"type-product","3":"status-publish","4":"has-post-thumbnail","6":"pwb-brand-zatvaraci-noz-crkt-delilahs-p-e-c-k-5520","7":"product_cat-noze-sk","8":"product_cat-zatvaracie-noze","9":"product_tag-b2b-sk","11":"first","12":"instock","13":"taxable","14":"shipping-taxable","15":"purchasable","16":"product-type-simple"},"brands":[{"id":3249,"name":"Zatv\u00e1rac\u00ed N\u00f4\u017e CRKT DELILAH'S P.E.C.K. 5520","slug":"zatvaraci-noz-crkt-delilahs-p-e-c-k-5520"}],"_links":{"self":[{"href":"https:\/\/www.moskito.cz\/sk\/wp-json\/wp\/v2\/product\/230898","targetHints":{"allow":["GET"]}}],"collection":[{"href":"https:\/\/www.moskito.cz\/sk\/wp-json\/wp\/v2\/product"}],"about":[{"href":"https:\/\/www.moskito.cz\/sk\/wp-json\/wp\/v2\/types\/product"}],"replies":[{"embeddable":true,"href":"https:\/\/www.moskito.cz\/sk\/wp-json\/wp\/v2\/comments?post=230898"}],"wp:featuredmedia":[{"embeddable":true,"href":"https:\/\/www.moskito.cz\/sk\/wp-json\/wp\/v2\/media\/224029"}],"wp:attachment":[{"href":"https:\/\/www.moskito.cz\/sk\/wp-json\/wp\/v2\/media?parent=230898"}],"wp:term":[{"taxonomy":"pwb-brand","embeddable":true,"href":"https:\/\/www.moskito.cz\/sk\/wp-json\/wp\/v2\/pwb-brand?post=230898"},{"taxonomy":"product_brand","embeddable":true,"href":"https:\/\/www.moskito.cz\/sk\/wp-json\/wp\/v2\/product_brand?post=230898"},{"taxonomy":"product_cat","embeddable":true,"href":"https:\/\/www.moskito.cz\/sk\/wp-json\/wp\/v2\/product_cat?post=230898"},{"taxonomy":"product_tag","embeddable":true,"href":"https:\/\/www.moskito.cz\/sk\/wp-json\/wp\/v2\/product_tag?post=230898"}],"curies":[{"name":"wp","href":"https:\/\/api.w.org\/{rel}","templated":true}]}}