{"id":230945,"date":"2022-11-19T18:24:30","date_gmt":"2022-11-19T17:24:30","guid":{"rendered":"https:\/\/www.moskito.cz\/produkt\/zatvaraci-noz-crkt-m16-10ksf\/"},"modified":"2025-06-27T08:05:06","modified_gmt":"2025-06-27T07:05:06","slug":"zatvaraci-noz-crkt-m16-10ksf","status":"publish","type":"product","link":"https:\/\/www.moskito.cz\/sk\/produkt\/zatvaraci-noz-crkt-m16-10ksf\/","title":{"rendered":"Zatv\u00e1rac\u00ed N\u00f4\u017e CRKT M16-10KSF"},"content":{"rendered":"<div class=\"flex-1 overflow-hidden @container\/thread\">\n<div class=\"h-full\">\n<div class=\"react-scroll-to-bottom--css-vxybp-79elbk h-full\">\n<div class=\"react-scroll-to-bottom--css-vxybp-1n7m0yu\">\n<div class=\"flex flex-col text-sm md:pb-9\">\n<article class=\"w-full scroll-mb-[var(--thread-trailing-height,150px)] text-token-text-primary focus-visible:outline-2 focus-visible:outline-offset-[-4px]\" dir=\"auto\" data-testid=\"conversation-turn-87\" data-scroll-anchor=\"true\">\n<div class=\"m-auto text-base py-[18px] px-3 md:px-4 w-full md:px-5 lg:px-4 xl:px-5\">\n<div class=\"mx-auto flex flex-1 gap-4 text-base md:gap-5 lg:gap-6 md:max-w-3xl\">\n<div class=\"group\/conversation-turn relative flex w-full min-w-0 flex-col agent-turn\">\n<div class=\"flex-col gap-1 md:gap-3\">\n<div class=\"flex max-w-full flex-col flex-grow\">\n<div class=\"min-h-8 text-message flex w-full flex-col items-end gap-2 whitespace-normal break-words text-start [.text-message+&amp;]:mt-5\" dir=\"auto\" data-message-author-role=\"assistant\" data-message-id=\"f487dbca-5236-471e-9192-dc7b867e5f40\" data-message-model-slug=\"gpt-4o-mini\">\n<div class=\"flex w-full flex-col gap-1 empty:hidden first:pt-[3px]\">\n<div class=\"markdown prose w-full break-words dark:prose-invert light\">\n<p><strong>Zatv\u00e1rac\u00ed N\u00f4\u017e CRKT M16-10KSF<\/strong><\/p>\n<p><strong>CRKT M16-10KSF<\/strong> <strong>je<\/strong> <strong>robustn\u00fd a v\u00fdkonn\u00fd n\u00f4\u017e<\/strong> navrhnut\u00fd <strong>pre<\/strong> <strong>n\u00e1ro\u010dn\u00e9 \u00falohy<\/strong> <strong>a<\/strong> <strong>ka\u017edodenn\u00e9<\/strong> pou\u017eitie <strong>(<\/strong> <strong>EDC)<\/strong> <strong>. Serrations<\/strong> , pon\u00faka vynikaj\u00faci <strong>rezn\u00fd v\u00fdkon<\/strong> a <strong>bezpe\u010dn\u00e9 pou\u017eitie<\/strong> .  <\/p>\n<h3><strong>\u0160pecifik\u00e1cia:<\/strong><\/h3>\n<ul>\n<li><strong>D\u013a\u017eka \u010depele<\/strong> : 74,68 mm (2,94&#8243;)<\/li>\n<li><strong>Ostrie \u010depele<\/strong> : <strong>Triple Point\u2122 Serrations<\/strong> (kombin\u00e1cia hladk\u00e9ho a zubat\u00e9ho ostria pre lep\u0161ie rezanie vl\u00e1knit\u00fdch materi\u00e1lov)<\/li>\n<li><strong>Materi\u00e1l \u010depele<\/strong> : <strong>Oce\u013e 8Cr14MoV<\/strong> (dobr\u00e1 rovnov\u00e1ha medzi tvrdos\u0165ou a odolnos\u0165ou proti kor\u00f3zii)<\/li>\n<li><strong>Povrchov\u00e1 \u00faprava \u010depele<\/strong> : <strong>EDP<\/strong> (zlep\u0161uje odolnos\u0165 proti kor\u00f3zii)<\/li>\n<li><strong>Hr\u00fabka \u010depele<\/strong> : 2,49 mm (0,10&#8243;)<\/li>\n<li><strong>Celkov\u00e1 d\u013a\u017eka<\/strong> : 177,80 mm (7,00&#8243;)<\/li>\n<li><strong>Uzavret\u00e1 d\u013a\u017eka<\/strong> : 101,60 mm (4,00&#8243;)<\/li>\n<li><strong>Hmotnos\u0165<\/strong> : 76,54 g (2,70 oz)<\/li>\n<li><strong>Rukov\u00e4\u0165<\/strong> : <strong>Nerezov\u00e1 oce\u013e<\/strong> (odoln\u00e1 a pevn\u00e1 kon\u0161trukcia)<\/li>\n<li><strong>\u0160t\u00fdl<\/strong> : <strong>Skladac\u00ed n\u00f4\u017e<\/strong> so <strong>z\u00e1mkom r\u00e1mu<\/strong><\/li>\n<\/ul>\n<h3><strong>Hlavn\u00e9 vlastnosti:<\/strong><\/h3>\n<ol>\n<li><strong>Z\u00e1mok r\u00e1mu pre bezpe\u010dnos\u0165<\/strong> :\n<ul>\n<li><strong>R\u00e1mov\u00fd z\u00e1mok<\/strong> zais\u0165uje, \u017ee \u010depe\u013e bude pevne dr\u017ea\u0165 na mieste po\u010das pou\u017e\u00edvania. Tento z\u00e1mok je zn\u00e1my svojou spo\u013eahlivos\u0165ou a poskytuje vynikaj\u00facu <strong>bezpe\u010dnos\u0165 pri pr\u00e1ci<\/strong> . <\/li>\n<\/ul>\n<\/li>\n<li><strong>Carson Flipper pre r\u00fdchle otvorenie<\/strong> :\n<ul>\n<li><strong>Flipper<\/strong> je integrovan\u00fd do rukov\u00e4te a umo\u017e\u0148uje <strong>r\u00fdchle a hladk\u00e9 otvorenie \u010depele jednou rukou<\/strong> . To znamen\u00e1, \u017ee m\u00f4\u017eete n\u00f4\u017e okam\u017eite pripravi\u0165 na pou\u017eitie bez zlo\u017eitej manipul\u00e1cie. <\/li>\n<\/ul>\n<\/li>\n<li><strong>Triple Point\u2122 Serrations<\/strong> :\n<ul>\n<li><strong>Ozubenie Triple Point\u2122<\/strong> je navrhnut\u00e9 tak, aby <strong>\u013eahko prerez\u00e1valo vl\u00e1knit\u00e9 materi\u00e1ly<\/strong> , ako s\u00fa <strong>lano, \u0161n\u00fary alebo popruhy<\/strong> , \u010d\u00edm zais\u0165uje vynikaj\u00faci rezn\u00fd v\u00fdkon aj na materi\u00e1loch, ktor\u00e9 by norm\u00e1lne boli \u0165a\u017eko prerezate\u013en\u00e9.<\/li>\n<\/ul>\n<\/li>\n<li><strong>\u010cierny EDP povlak<\/strong> :\n<ul>\n<li><strong>Oblie\u010dka EDP<\/strong> (elektrofor\u00e9zne nan\u00e1\u0161anie farieb) na \u010depeli zlep\u0161uje <strong>odolnos\u0165 proti kor\u00f3zii<\/strong> a z\u00e1rove\u0148 poskytuje <strong>matn\u00fd vzh\u013ead<\/strong> , ktor\u00fd je odoln\u00fd vo\u010di \u0161krabancom a opotrebovaniu.<\/li>\n<\/ul>\n<\/li>\n<li><strong>Kompaktn\u00fd a prenosn\u00fd dizajn<\/strong> :\n<ul>\n<li>Tento n\u00f4\u017e m\u00e1 kompaktn\u00e9 rozmery s <strong>d\u013a\u017ekou 4 palce (101,6 mm) v zatvorenom stave<\/strong> , \u010do z neho rob\u00ed <strong>skvel\u00fd n\u00f4\u017e pre ka\u017edodenn\u00e9 nosenie (EDC)<\/strong> , ktor\u00fd sa \u013eahko zmest\u00ed do vrecka alebo ta\u0161ky.<\/li>\n<\/ul>\n<\/li>\n<\/ol>\n<h3><strong>V\u00fdhody:<\/strong><\/h3>\n<ul>\n<li><strong>Vysoko bezpe\u010dn\u00fd<\/strong> : R\u00e1mov\u00fd z\u00e1mok poskytuje siln\u00fa a spo\u013eahliv\u00fa ochranu proti nechcen\u00e9mu otvoreniu.<\/li>\n<li><strong>Skvel\u00e9 pre ka\u017edodenn\u00e9 \u00falohy<\/strong> : S <strong>Triple Point\u2122 Serrations<\/strong> je n\u00f4\u017e ide\u00e1lny pre <strong>rezanie vl\u00e1knit\u00fdch materi\u00e1lov<\/strong> , ako s\u00fa krabice, povrazy a podobne.<\/li>\n<li><strong>Kompaktn\u00fd a \u013eahk\u00fd<\/strong> : S hmotnos\u0165ou <strong>76,54 g (2,70 oz)<\/strong> a celkovou d\u013a\u017ekou 7,00&#8243; je n\u00f4\u017e \u013eahk\u00fd, ale dostato\u010dne robustn\u00fd pre v\u00e4\u010d\u0161inu ka\u017edodenn\u00fdch \u00faloh.<\/li>\n<li><strong>Odolnos\u0165 proti kor\u00f3zii<\/strong> : <strong>\u010cierny povlak EDP<\/strong> zais\u0165uje ochranu pred kor\u00f3ziou a zne\u010disten\u00edm, \u010do je ide\u00e1lne pre dlhodob\u00e9 pou\u017e\u00edvanie v r\u00f4znych podmienkach.<\/li>\n<li><strong>R\u00fdchle a pohodln\u00e9 otvorenie<\/strong> : <strong>Carson Flipper<\/strong> umo\u017e\u0148uje r\u00fdchle otvorenie jednou rukou, \u010do zvy\u0161uje praktick\u00e9 vyu\u017eitie no\u017ea v ter\u00e9ne.<\/li>\n<\/ul>\n<h3><strong>Z\u00e1ver:<\/strong><\/h3>\n<p><strong>CRKT M16-10KSF<\/strong> je skvel\u00fd <strong>ka\u017edodenn\u00fd n\u00f4\u017e (EDC)<\/strong> pre t\u00fdch, ktor\u00ed h\u013eadaj\u00fa <strong>v\u00fdkonn\u00fd a kompaktn\u00fd n\u00e1stroj<\/strong> s <strong>odolnos\u0165ou a spo\u013eahlivos\u0165ou<\/strong> . S <strong>inovat\u00edvnymi funkciami<\/strong> ako je <strong>Carson Flipper<\/strong> , <strong>Triple Point\u2122 Serrations<\/strong> a <strong>r\u00e1mov\u00fdm z\u00e1mkom<\/strong> , tento n\u00f4\u017e pon\u00faka <strong>skvel\u00fd v\u00fdkon<\/strong> pre \u0161irok\u00fa \u0161k\u00e1lu \u00faloh, od <strong>otv\u00e1rania krab\u00edc<\/strong> po <strong>n\u00e1ro\u010dnej\u0161ie pr\u00e1ce<\/strong> . Je to ide\u00e1lna vo\u013eba na ka\u017edodenn\u00e9 pou\u017eitie v kancel\u00e1rii, doma alebo vonku.  <\/p>\n<\/div>\n<\/div>\n<\/div>\n<\/div>\n<div class=\"mt-3 w-full empty:hidden\">\n<div class=\"text-center\"><\/div>\n<\/div>\n<\/div>\n<div class=\"absolute\">\n<div class=\"flex items-center justify-center\"><\/div>\n<\/div>\n<\/div>\n<\/div>\n<\/div>\n<\/article>\n<\/div>\n<\/div>\n<\/div>\n<\/div>\n<\/div>\n<div class=\"md:pt-0 dark:border-white\/20 md:border-transparent md:dark:border-transparent w-full\">\n<div>\n<div class=\"m-auto text-base px-3 md:px-4 w-full md:px-5 lg:px-4 xl:px-5\">\n<div class=\"mx-auto flex flex-1 gap-4 text-base md:gap-5 lg:gap-6 md:max-w-3xl\">\n<div class=\"flex justify-center\"><\/div>\n<\/div>\n<\/div>\n<\/div>\n<\/div>\n<p><iframe title=\"M16-10KSF Knife | by Kit Carson\" width=\"800\" height=\"450\" src=\"https:\/\/www.youtube.com\/embed\/8lRjYI-hRuw?feature=oembed\" frameborder=\"0\" allow=\"accelerometer; autoplay; clipboard-write; encrypted-media; gyroscope; picture-in-picture; web-share\" referrerpolicy=\"strict-origin-when-cross-origin\" allowfullscreen><\/iframe><\/p>\n<p>&nbsp;<\/p>\n","protected":false},"excerpt":{"rendered":"<p><strong>CRKT M16-10KSF je skvel\u00fd ka\u017edodenn\u00fd n\u00f4\u017e (EDC) pre t\u00fdch, ktor\u00ed h\u013eadaj\u00fa v\u00fdkonn\u00fd a kompaktn\u00fd n\u00e1stroj s odolnos\u0165ou a spo\u013eahlivos\u0165ou. S inovat\u00edvnymi funkciami ako Carson Flipper, Triple Point\u2122 Serrations a r\u00e1mov\u00fdm z\u00e1mkom, tento n\u00f4\u017e pon\u00faka skvel\u00fd v\u00fdkon pre \u0161irok\u00fa \u0161k\u00e1lu \u00faloh, od otv\u00e1rania krab\u00edc po n\u00e1ro\u010dnej\u0161ie pr\u00e1ce. Je to ide\u00e1lna vo\u013eba na ka\u017edodenn\u00e9 pou\u017eitie v kancel\u00e1rii, doma alebo vonku.  <\/strong><\/p>\n","protected":false},"featured_media":230914,"comment_status":"open","ping_status":"closed","template":"","meta":[],"pwb-brand":[3249],"product_brand":[],"product_cat":[3233,3186],"product_tag":[3668],"class_list":{"0":"post-230945","1":"product","2":"type-product","3":"status-publish","4":"has-post-thumbnail","6":"pwb-brand-zatvaraci-noz-crkt-delilahs-p-e-c-k-5520","7":"product_cat-zatvaracie-noze","8":"product_cat-noze-sk","9":"product_tag-b2b-sk","11":"first","12":"instock","13":"taxable","14":"shipping-taxable","15":"purchasable","16":"product-type-simple"},"brands":[{"id":3249,"name":"Zatv\u00e1rac\u00ed N\u00f4\u017e CRKT DELILAH'S P.E.C.K. 5520","slug":"zatvaraci-noz-crkt-delilahs-p-e-c-k-5520"}],"_links":{"self":[{"href":"https:\/\/www.moskito.cz\/sk\/wp-json\/wp\/v2\/product\/230945","targetHints":{"allow":["GET"]}}],"collection":[{"href":"https:\/\/www.moskito.cz\/sk\/wp-json\/wp\/v2\/product"}],"about":[{"href":"https:\/\/www.moskito.cz\/sk\/wp-json\/wp\/v2\/types\/product"}],"replies":[{"embeddable":true,"href":"https:\/\/www.moskito.cz\/sk\/wp-json\/wp\/v2\/comments?post=230945"}],"wp:featuredmedia":[{"embeddable":true,"href":"https:\/\/www.moskito.cz\/sk\/wp-json\/wp\/v2\/media\/230914"}],"wp:attachment":[{"href":"https:\/\/www.moskito.cz\/sk\/wp-json\/wp\/v2\/media?parent=230945"}],"wp:term":[{"taxonomy":"pwb-brand","embeddable":true,"href":"https:\/\/www.moskito.cz\/sk\/wp-json\/wp\/v2\/pwb-brand?post=230945"},{"taxonomy":"product_brand","embeddable":true,"href":"https:\/\/www.moskito.cz\/sk\/wp-json\/wp\/v2\/product_brand?post=230945"},{"taxonomy":"product_cat","embeddable":true,"href":"https:\/\/www.moskito.cz\/sk\/wp-json\/wp\/v2\/product_cat?post=230945"},{"taxonomy":"product_tag","embeddable":true,"href":"https:\/\/www.moskito.cz\/sk\/wp-json\/wp\/v2\/product_tag?post=230945"}],"curies":[{"name":"wp","href":"https:\/\/api.w.org\/{rel}","templated":true}]}}