{"id":231015,"date":"2022-11-19T19:31:53","date_gmt":"2022-11-19T18:31:53","guid":{"rendered":"https:\/\/www.moskito.cz\/produkt\/zatvaraci-noz-crkt-ceo\/"},"modified":"2025-05-07T10:44:01","modified_gmt":"2025-05-07T09:44:01","slug":"zatvaraci-noz-crkt-ceo","status":"publish","type":"product","link":"https:\/\/www.moskito.cz\/sk\/produkt\/zatvaraci-noz-crkt-ceo\/","title":{"rendered":"Zatv\u00e1rac\u00ed N\u00f4\u017e CRKT CEO"},"content":{"rendered":"<p>Zatv\u00e1rac\u00ed N\u00f4\u017e <strong>CRKT<\/strong> CEO.<\/p>\n<p>N\u00f4\u017e, ktor\u00fd je oble\u010den\u00fd pre \u00faspech.<\/p>\n<p>Na prv\u00fd poh\u013ead by sa dal pom\u00fdli\u0165 s perom zastr\u010den\u00fdm vo vrecku ko\u0161ele. A presne tak bol navrhnut\u00fd zatv\u00e1rac\u00ed n\u00f4\u017e CEO. S mimoriadne n\u00edzkym profilom a \u017eiadnymi rohmi na \u00fakor pou\u017eite\u013enosti a ergon\u00f3mie steles\u0148uje pracovn\u00e9ho ducha ka\u017edodenn\u00e9ho nosenia.<br \/>\nExtr\u00e9mne n\u00edzky profil a n\u00edzka hmotnos\u0165; pohodln\u00e9 nosenie v prednom vrecku ko\u0161ele<br \/>\nZapusten\u00fd kol\u00edk pre palec s guli\u010dkov\u00fdm lo\u017eiskov\u00fdm syst\u00e9mom IKBS\u2122 zais\u0165uje hladk\u00e9 a r\u00fdchle nasadenie \u010depele<br \/>\nOdoln\u00e9 nylonov\u00e9 rukov\u00e4te vystu\u017een\u00e9 sklom s\u00fa \u013eahk\u00e9 a skvele sa dr\u017eia.<\/p>\n<p>\u0160PECIFIK\u00c1CIA<br \/>\nD\u013a\u017eka \u010depele 3,11&#8243; (78,92 mm)<br \/>\nOstrie \u010depele Prost\u00fd<br \/>\n\u010cepe\u013e oce\u013e 8Cr13MoV<br \/>\nPovrchov\u00e1 \u00faprava \u010depele Sat\u00e9n<br \/>\nHr\u00fabka \u010depele 0,09&#8243; (2,18 mm)<br \/>\nCelkov\u00e1 d\u013a\u017eka 7,63&#8243; (193,68 mm)<br \/>\nUzavret\u00e1 d\u013a\u017eka 4,45&#8243; (112,98 mm)<br \/>\nHmotnos\u0165 2,10 unca (59,53 g)<br \/>\nRukov\u00e4\u0165 Nylon vystu\u017een\u00fd sklom<br \/>\n\u0160t\u00fdl Skladac\u00ed n\u00f4\u017e so z\u00e1mkom Liner<\/p>\n","protected":false},"excerpt":{"rendered":"<p>Navrhol Richard Rogers v Magdalene v Novom Mexiku.<\/p>\n","protected":false},"featured_media":230978,"comment_status":"open","ping_status":"closed","template":"","meta":[],"pwb-brand":[3249],"product_brand":[],"product_cat":[3186,3233],"product_tag":[3668],"class_list":{"0":"post-231015","1":"product","2":"type-product","3":"status-publish","4":"has-post-thumbnail","6":"pwb-brand-zatvaraci-noz-crkt-delilahs-p-e-c-k-5520","7":"product_cat-noze-sk","8":"product_cat-zatvaracie-noze","9":"product_tag-b2b-sk","11":"first","12":"outofstock","13":"taxable","14":"shipping-taxable","15":"purchasable","16":"product-type-simple"},"brands":[{"id":3249,"name":"Zatv\u00e1rac\u00ed N\u00f4\u017e CRKT DELILAH'S P.E.C.K. 5520","slug":"zatvaraci-noz-crkt-delilahs-p-e-c-k-5520"}],"_links":{"self":[{"href":"https:\/\/www.moskito.cz\/sk\/wp-json\/wp\/v2\/product\/231015","targetHints":{"allow":["GET"]}}],"collection":[{"href":"https:\/\/www.moskito.cz\/sk\/wp-json\/wp\/v2\/product"}],"about":[{"href":"https:\/\/www.moskito.cz\/sk\/wp-json\/wp\/v2\/types\/product"}],"replies":[{"embeddable":true,"href":"https:\/\/www.moskito.cz\/sk\/wp-json\/wp\/v2\/comments?post=231015"}],"wp:featuredmedia":[{"embeddable":true,"href":"https:\/\/www.moskito.cz\/sk\/wp-json\/wp\/v2\/media\/230978"}],"wp:attachment":[{"href":"https:\/\/www.moskito.cz\/sk\/wp-json\/wp\/v2\/media?parent=231015"}],"wp:term":[{"taxonomy":"pwb-brand","embeddable":true,"href":"https:\/\/www.moskito.cz\/sk\/wp-json\/wp\/v2\/pwb-brand?post=231015"},{"taxonomy":"product_brand","embeddable":true,"href":"https:\/\/www.moskito.cz\/sk\/wp-json\/wp\/v2\/product_brand?post=231015"},{"taxonomy":"product_cat","embeddable":true,"href":"https:\/\/www.moskito.cz\/sk\/wp-json\/wp\/v2\/product_cat?post=231015"},{"taxonomy":"product_tag","embeddable":true,"href":"https:\/\/www.moskito.cz\/sk\/wp-json\/wp\/v2\/product_tag?post=231015"}],"curies":[{"name":"wp","href":"https:\/\/api.w.org\/{rel}","templated":true}]}}