{"id":231125,"date":"2022-11-19T21:49:53","date_gmt":"2022-11-19T20:49:53","guid":{"rendered":"https:\/\/www.moskito.cz\/produkt\/zatvaraci-noz-crkt-snap-lock\/"},"modified":"2025-05-07T10:44:05","modified_gmt":"2025-05-07T09:44:05","slug":"zatvaraci-noz-crkt-snap-lock","status":"publish","type":"product","link":"https:\/\/www.moskito.cz\/sk\/produkt\/zatvaraci-noz-crkt-snap-lock\/","title":{"rendered":"Zatv\u00e1rac\u00ed N\u00f4\u017e CRKT SNAP LOCK"},"content":{"rendered":"<p>Zatv\u00e1rac\u00ed N\u00f4\u017e CRKT SNAP LOCK.<\/p>\n<p>Snap Lock\u2122 uchv\u00e1til svet no\u017eov, ke\u010f z\u00edskal cenu za najinovat\u00edvnej\u0161\u00ed n\u00f4\u017e na Blade Show 2004. Vdychujeme nov\u00fd \u017eivot tejto jedine\u010dnej zlo\u017eke na ka\u017edodenn\u00e9 nosenie. Pokia\u013e si mysl\u00edte, \u017ee by to mohlo by\u0165 v\u0161etko show a \u017eiadna podstata, venujte tomu iba min\u00fatu a sami urob\u00edte \u0161vih o 180 \u00b0.<br \/>\nInovat\u00edvny mechanizmus Snap Lock\u2122<br \/>\nPovrchov\u00e1 \u00faprava Bead Blast<br \/>\nR\u00fdchloup\u00ednacia \u0161n\u00farka Paracord.<\/p>\n<p>\u0160PECIFIK\u00c1CIA<br \/>\nD\u013a\u017eka \u010depele 2,55&#8243; (64,87 mm)<br \/>\nOstrie \u010depele Prost\u00fd<br \/>\n\u010cepe\u013e oce\u013e 420J2<br \/>\nPovrchov\u00e1 \u00faprava \u010depele Odstrel kor\u00e1likov<br \/>\nHr\u00fabka \u010depele 0,12&#8243; (3,15 mm)<br \/>\nCelkov\u00e1 d\u013a\u017eka 6,25&#8243; (158,75 mm)<br \/>\nUzavret\u00e1 d\u013a\u017eka 4,21&#8243; (106,86 mm)<br \/>\nHmotnos\u0165 2,50 oz (70,87 g)<br \/>\nRukov\u00e4\u0165 Nerezov\u00e1 oce\u013e<br \/>\n\u0160t\u00fdl Skladac\u00ed n\u00f4\u017e so z\u00e1padkov\u00fdm z\u00e1mkom<\/p>\n","protected":false},"excerpt":{"rendered":"<p>Navrhol Ed Van Hoy v Abingdone vo Virg\u00ednii.<\/p>\n","protected":false},"featured_media":231094,"comment_status":"open","ping_status":"closed","template":"","meta":[],"pwb-brand":[3249],"product_brand":[],"product_cat":[3186,3233],"product_tag":[3668],"class_list":{"0":"post-231125","1":"product","2":"type-product","3":"status-publish","4":"has-post-thumbnail","6":"pwb-brand-zatvaraci-noz-crkt-delilahs-p-e-c-k-5520","7":"product_cat-noze-sk","8":"product_cat-zatvaracie-noze","9":"product_tag-b2b-sk","11":"first","12":"outofstock","13":"taxable","14":"shipping-taxable","15":"purchasable","16":"product-type-simple"},"brands":[{"id":3249,"name":"Zatv\u00e1rac\u00ed N\u00f4\u017e CRKT DELILAH'S P.E.C.K. 5520","slug":"zatvaraci-noz-crkt-delilahs-p-e-c-k-5520"}],"_links":{"self":[{"href":"https:\/\/www.moskito.cz\/sk\/wp-json\/wp\/v2\/product\/231125","targetHints":{"allow":["GET"]}}],"collection":[{"href":"https:\/\/www.moskito.cz\/sk\/wp-json\/wp\/v2\/product"}],"about":[{"href":"https:\/\/www.moskito.cz\/sk\/wp-json\/wp\/v2\/types\/product"}],"replies":[{"embeddable":true,"href":"https:\/\/www.moskito.cz\/sk\/wp-json\/wp\/v2\/comments?post=231125"}],"wp:featuredmedia":[{"embeddable":true,"href":"https:\/\/www.moskito.cz\/sk\/wp-json\/wp\/v2\/media\/231094"}],"wp:attachment":[{"href":"https:\/\/www.moskito.cz\/sk\/wp-json\/wp\/v2\/media?parent=231125"}],"wp:term":[{"taxonomy":"pwb-brand","embeddable":true,"href":"https:\/\/www.moskito.cz\/sk\/wp-json\/wp\/v2\/pwb-brand?post=231125"},{"taxonomy":"product_brand","embeddable":true,"href":"https:\/\/www.moskito.cz\/sk\/wp-json\/wp\/v2\/product_brand?post=231125"},{"taxonomy":"product_cat","embeddable":true,"href":"https:\/\/www.moskito.cz\/sk\/wp-json\/wp\/v2\/product_cat?post=231125"},{"taxonomy":"product_tag","embeddable":true,"href":"https:\/\/www.moskito.cz\/sk\/wp-json\/wp\/v2\/product_tag?post=231125"}],"curies":[{"name":"wp","href":"https:\/\/api.w.org\/{rel}","templated":true}]}}