{"id":231126,"date":"2022-09-17T14:33:47","date_gmt":"2022-09-17T13:33:47","guid":{"rendered":"https:\/\/www.moskito.cz\/produkt\/zatvaraci-noz-crkt-burnout-4123k\/"},"modified":"2025-05-07T10:44:05","modified_gmt":"2025-05-07T09:44:05","slug":"zatvaraci-noz-crkt-burnout-4123k","status":"publish","type":"product","link":"https:\/\/www.moskito.cz\/sk\/produkt\/zatvaraci-noz-crkt-burnout-4123k\/","title":{"rendered":"Zatv\u00e1rac\u00ed N\u00f4\u017e CRKT BURNOUT 4123K"},"content":{"rendered":"<p>Zatv\u00e1rac\u00ed N\u00f4\u017e CRKT BURNOUT 4123K.<\/p>\n<p>OUTBURST\u00ae ASISTOVAN\u00c9 OTV\u00c1RANIE<br \/>\nVezmite si t\u00fato na prech\u00e1dzku. S rukov\u00e4\u0165ou, ktor\u00e1 nazna\u010duje beh\u00fa\u0148 pneumatiky, a neuverite\u013ene r\u00fdchlym asistovan\u00fdm otv\u00e1rac\u00edm mechanizmom OutBurst\u00ae sa sta\u010d\u00ed pozrie\u0165 na zatv\u00e1rac\u00ed n\u00f4\u017e Burnout\u2122 na ka\u017edodenn\u00e9 nosenie a prakticky uc\u00edtite horiacu gumu.<\/p>\n<p>MJ Lerch sa rozhodla vo svojom obchode v Sussexe vo Wisconsine navrhn\u00fa\u0165 n\u00f4\u017e so skuto\u010dn\u00fdm tokom. Plynul\u00fd prechod z \u010diernej kamennej \u010depele clip point k rukov\u00e4ti je d\u00f4kazom, \u017ee sa trafila do \u010dierneho. \u0160t\u00edhla, decentn\u00e1 zadn\u00e1 \u010das\u0165 rukov\u00e4te z nerezovej ocele je v ostrom kontraste s prednou \u010das\u0165ou. Jedna vrstva text\u00farovan\u00e9ho \u010dierneho uhl\u00edkov\u00e9ho vl\u00e1kna sed\u00ed na z\u00e1kladni G10 pre vynikaj\u00facu pri\u013enavos\u0165 a estetiku ped\u00e1la a\u017e k podlahe. Otvorte ho o 30 stup\u0148ov a OutBurst\u00ae sa prebud\u00ed k \u017eivotu a zostane pevne na svojom mieste v\u010faka z\u00e1mku r\u00e1mu. Ke\u010f je zatvoren\u00e9, vn\u00fatorn\u00fd mechanizmus dr\u017e\u00ed \u010depe\u013e bezpe\u010dne na mieste.<\/p>\n<p>Stla\u010dte spojku a rozbehnite Burnout\u2122.<\/p>\n<p>\u0160PECIFIK\u00c1CIA<br \/>\nD\u013a\u017eka \u010depele 3,66&#8243; (92,96 mm)<br \/>\nOstrie \u010depele Prost\u00fd<br \/>\n\u010cepe\u013e oce\u013e 8Cr13MoV<br \/>\nPovrchov\u00e1 \u00faprava \u010depele Stonewash<br \/>\nHr\u00fabka \u010depele 0,15&#8243; (3,73 mm)<br \/>\nCelkov\u00e1 d\u013a\u017eka 8,69&#8243; (220,68 mm)<br \/>\nUzavret\u00e1 d\u013a\u017eka 4,99&#8243; (126,77 mm)<br \/>\nHmotnos\u0165 4,80 oz. (136,08 g)<br \/>\nRukov\u00e4\u0165 Uhl\u00edkov\u00e9 vl\u00e1kno so z\u00e1klad\u0148ou G10 | Nerezov\u00e1 oce\u013e<br \/>\n\u0160t\u00fdl Asistovan\u00fd skladac\u00ed n\u00f4\u017e so z\u00e1mkom r\u00e1mu<\/p>\n","protected":false},"excerpt":{"rendered":"<p>Navrhol MJ \u200b\u200bLerch v Sussexe, Wisconsin.<\/p>\n","protected":false},"featured_media":224958,"comment_status":"open","ping_status":"closed","template":"","meta":[],"pwb-brand":[3249],"product_brand":[],"product_cat":[3186,3233],"product_tag":[3668],"class_list":{"0":"post-231126","1":"product","2":"type-product","3":"status-publish","4":"has-post-thumbnail","6":"pwb-brand-zatvaraci-noz-crkt-delilahs-p-e-c-k-5520","7":"product_cat-noze-sk","8":"product_cat-zatvaracie-noze","9":"product_tag-b2b-sk","11":"first","12":"outofstock","13":"taxable","14":"shipping-taxable","15":"purchasable","16":"product-type-simple"},"brands":[{"id":3249,"name":"Zatv\u00e1rac\u00ed N\u00f4\u017e CRKT DELILAH'S P.E.C.K. 5520","slug":"zatvaraci-noz-crkt-delilahs-p-e-c-k-5520"}],"_links":{"self":[{"href":"https:\/\/www.moskito.cz\/sk\/wp-json\/wp\/v2\/product\/231126","targetHints":{"allow":["GET"]}}],"collection":[{"href":"https:\/\/www.moskito.cz\/sk\/wp-json\/wp\/v2\/product"}],"about":[{"href":"https:\/\/www.moskito.cz\/sk\/wp-json\/wp\/v2\/types\/product"}],"replies":[{"embeddable":true,"href":"https:\/\/www.moskito.cz\/sk\/wp-json\/wp\/v2\/comments?post=231126"}],"wp:featuredmedia":[{"embeddable":true,"href":"https:\/\/www.moskito.cz\/sk\/wp-json\/wp\/v2\/media\/224958"}],"wp:attachment":[{"href":"https:\/\/www.moskito.cz\/sk\/wp-json\/wp\/v2\/media?parent=231126"}],"wp:term":[{"taxonomy":"pwb-brand","embeddable":true,"href":"https:\/\/www.moskito.cz\/sk\/wp-json\/wp\/v2\/pwb-brand?post=231126"},{"taxonomy":"product_brand","embeddable":true,"href":"https:\/\/www.moskito.cz\/sk\/wp-json\/wp\/v2\/product_brand?post=231126"},{"taxonomy":"product_cat","embeddable":true,"href":"https:\/\/www.moskito.cz\/sk\/wp-json\/wp\/v2\/product_cat?post=231126"},{"taxonomy":"product_tag","embeddable":true,"href":"https:\/\/www.moskito.cz\/sk\/wp-json\/wp\/v2\/product_tag?post=231126"}],"curies":[{"name":"wp","href":"https:\/\/api.w.org\/{rel}","templated":true}]}}