{"id":231219,"date":"2022-11-20T21:23:17","date_gmt":"2022-11-20T20:23:17","guid":{"rendered":"https:\/\/www.moskito.cz\/produkt\/vystrelovaci-nuz-microtech-spartan-ultratech-auto-otf-bronze-apocalyptic-223-13apod\/"},"modified":"2025-05-07T10:44:08","modified_gmt":"2025-05-07T09:44:08","slug":"vystrelovaci-nuz-microtech-spartan-ultratech-auto-otf-bronze-apocalyptic-223-13apod","status":"publish","type":"product","link":"https:\/\/www.moskito.cz\/sk\/produkt\/vystrelovaci-nuz-microtech-spartan-ultratech-auto-otf-bronze-apocalyptic-223-13apod\/","title":{"rendered":"Vystre\u013eovac\u00ed N\u00f4\u017e Microtech Spartan Ultratech AUTO OTF Bronze Apocalyptic 223-13APOD"},"content":{"rendered":"<p>Vystre\u013eovac\u00ed N\u00f4\u017e <strong>Microtech<\/strong> Spartan Ultratech AUTO OTF Bronze Apocalyptic 223-13APOD.<\/p>\n<p>Ultratech nav\u017edy nastav\u00ed \u0161tandard pre v\u0161etky predn\u00e9 no\u017ee. Ultratech je origin\u00e1lny dvoj\u010dinn\u00fd predn\u00fd n\u00f4\u017e Microtech a bol z\u00e1kladom cel\u00e9ho radu OTF. V priebehu rokov pre\u0161iel nieko\u013ek\u00fdmi \u00fapravami, zaka\u017ed\u00fdm sa stal \u00fa\u010dinnej\u0161\u00edm a spo\u013eahlivej\u0161\u00edm. Pru\u017eina Ultratechu zost\u00e1va v \u201ek\u013eudovej\u201c polohe po cel\u00fa dobu, s v\u00fdnimkou roztiahnutia. T\u00fdm je zaisten\u00e9, \u017ee sa stla\u010den\u00e1 pru\u017eina neunav\u00ed, \u010do pou\u017e\u00edvate\u013eom zais\u0165uje, \u017ee ke\u010f je n\u00f4\u017e vystrelen\u00fd, bude fungova\u0165 efekt\u00edvne. N\u00edzka hmotnos\u0165, jednoru\u010dn\u00e9 otv\u00e1ranie a zatv\u00e1ranie, \u0161t\u00edhly tvar a ostr\u00e1 \u010depe\u013e tanto s dvojit\u00fdm ostr\u00edm z neho rob\u00ed jedine\u010dn\u00fd n\u00f4\u017e svojho druhu, dostupn\u00fd iba u Microtech.<\/p>\n<p>\u0160pecifik\u00e1cia:<br \/>\nAutomatick\u00e9 otv\u00e1ranie\/zatv\u00e1ranie &#8211; predn\u00e9 otv\u00e1ranie<br \/>\nAkcia: Dvojit\u00e9 akcie &#8211; Automatick\u00fd v\u00fdstrel\/zatiahnutie<br \/>\nCelkov\u00e1 d\u013a\u017eka: 22 cm<br \/>\nD\u013a\u017eka \u010depele: 8.6 cm<br \/>\n\u0160t\u00fdl \u010depele: Spartan Double Edge Tanto, Bronze Apocalyptic<br \/>\nMateri\u00e1l rukov\u00e4te: Hlin\u00edk 6061-T6 s OD Green Mil-Spec Hard Coat Eloxing<br \/>\nMateri\u00e1l vreckov\u00e9 spony: 301 Stainless<br \/>\n\u0160tandardn\u00e9 horn\u00e9: 6061-T6 AL zliatina<br \/>\nSp\u00fa\u0161\u0165: 303 Nerez<br \/>\nRozb\u00edja\u010d okien<br \/>\nVyroben\u00e9 v USA<\/p>\n<p><iframe title=\"Microtech Combat Troodon Torture Test\" width=\"800\" height=\"450\" src=\"https:\/\/www.youtube.com\/embed\/xE9TeOFYEjg?feature=oembed\" frameborder=\"0\" allow=\"accelerometer; autoplay; clipboard-write; encrypted-media; gyroscope; picture-in-picture; web-share\" allowfullscreen><\/iframe><\/p>\n<p>&nbsp;<\/p>\n","protected":false},"excerpt":{"rendered":"<p>V priebehu rokov <strong>Microtech\u00ae Knives<\/strong> naplnil v\u00e1\u0161\u0148ou a zru\u010dnos\u0165ou v\u00fdrobu no\u017eov, a\u017e z nich vytvoril takmer umeleck\u00e9 diela, ktor\u00e9 s\u00fa vrcholom funk\u010dnosti. V\u0161etky diely s\u00fa vyroben\u00e9 v USA.<br \/>\n<strong>Na v\u0161etky no\u017ee Microtech je do\u017eivotn\u00e1 z\u00e1ruka.<\/strong><\/p>\n<p><strong>Doprava zadarmo.<\/strong><\/p>\n","protected":false},"featured_media":231208,"comment_status":"open","ping_status":"closed","template":"","meta":[],"pwb-brand":[3200],"product_brand":[],"product_cat":[3186,3197],"product_tag":[3668],"class_list":{"0":"post-231219","1":"product","2":"type-product","3":"status-publish","4":"has-post-thumbnail","6":"pwb-brand-microtech-sk","7":"product_cat-noze-sk","8":"product_cat-vystrelovacie-noze-sk","9":"product_tag-b2b-sk","11":"first","12":"instock","13":"taxable","14":"shipping-taxable","15":"purchasable","16":"product-type-simple"},"brands":[{"id":3200,"name":"Microtech","slug":"microtech-sk"}],"_links":{"self":[{"href":"https:\/\/www.moskito.cz\/sk\/wp-json\/wp\/v2\/product\/231219","targetHints":{"allow":["GET"]}}],"collection":[{"href":"https:\/\/www.moskito.cz\/sk\/wp-json\/wp\/v2\/product"}],"about":[{"href":"https:\/\/www.moskito.cz\/sk\/wp-json\/wp\/v2\/types\/product"}],"replies":[{"embeddable":true,"href":"https:\/\/www.moskito.cz\/sk\/wp-json\/wp\/v2\/comments?post=231219"}],"wp:featuredmedia":[{"embeddable":true,"href":"https:\/\/www.moskito.cz\/sk\/wp-json\/wp\/v2\/media\/231208"}],"wp:attachment":[{"href":"https:\/\/www.moskito.cz\/sk\/wp-json\/wp\/v2\/media?parent=231219"}],"wp:term":[{"taxonomy":"pwb-brand","embeddable":true,"href":"https:\/\/www.moskito.cz\/sk\/wp-json\/wp\/v2\/pwb-brand?post=231219"},{"taxonomy":"product_brand","embeddable":true,"href":"https:\/\/www.moskito.cz\/sk\/wp-json\/wp\/v2\/product_brand?post=231219"},{"taxonomy":"product_cat","embeddable":true,"href":"https:\/\/www.moskito.cz\/sk\/wp-json\/wp\/v2\/product_cat?post=231219"},{"taxonomy":"product_tag","embeddable":true,"href":"https:\/\/www.moskito.cz\/sk\/wp-json\/wp\/v2\/product_tag?post=231219"}],"curies":[{"name":"wp","href":"https:\/\/api.w.org\/{rel}","templated":true}]}}