{"id":231228,"date":"2022-11-20T21:44:50","date_gmt":"2022-11-20T20:44:50","guid":{"rendered":"https:\/\/www.moskito.cz\/produkt\/vystrelovaci-noz-microtech-spartan-otf-auto-223-4\/"},"modified":"2025-05-07T10:44:09","modified_gmt":"2025-05-07T09:44:09","slug":"vystrelovaci-noz-microtech-spartan-otf-auto-223-4","status":"publish","type":"product","link":"https:\/\/www.moskito.cz\/sk\/produkt\/vystrelovaci-noz-microtech-spartan-otf-auto-223-4\/","title":{"rendered":"Vystre\u013eovac\u00ed N\u00f4\u017e Microtech SPARTAN OTF AUTO 223-4"},"content":{"rendered":"<p>Vystre\u013eovac\u00ed N\u00f4\u017e Microtech SPARTAN OTF AUTO 223-4.<\/p>\n<p>Ultratech Spartan dual action predn\u00fd automatick\u00fd n\u00f4\u017e od Microtech nastavuje \u0161tandard pre t\u00fato kateg\u00f3riu. T\u00e1to verzia m\u00e1 hladk\u00fa \u010diernu rukov\u00e4\u0165 a \u0161tandardn\u00fa hladk\u00fa dvojbrit\u00fa \u010depe\u013e Tanto v \u0161t\u00fdle d\u00fdky.<\/p>\n<p>\u00daplne nov\u00e9 priamo od Microtech Knives, USA.<\/p>\n<p>\u010cepe\u013e: Tanto point d\u00fdka s \u010dist\u00fdm sat\u00e9nov\u00fdm povrchom m\u00e1 dve \u0161tandardn\u00e9 hladk\u00e9 ostrie. D\u00fdka je extra \u0161picat\u00e1 a vyroben\u00e1 z ocele Elmax, ktor\u00e1 dr\u017e\u00ed hrany. Pln\u0161ia dr\u00e1\u017eka uprostred je matne \u0161ed\u00e1, zatia\u013e \u010do zvy\u0161ok povrchu je \u00faplne sat\u00e9novo upraven\u00fd. \u010cepe\u013e 3,44 palca je vybaven\u00e1 dvoj\u010dinn\u00fdm mechanizmom otv\u00e1rania a za\u0165ahovania. Jednoducho posu\u0148te palcov\u00fd posuvn\u00edk na strane rukov\u00e4te hore pre rozvinutie a dole pre zatiahnutie. Vn\u00fatorn\u00e1 pru\u017eina zost\u00e1va v pokoji v otvorenej aj zatvorenej polohe, aby sa zn\u00ed\u017eilo opotrebenie. Akcia je plynul\u00e1 a r\u00fdchla.<\/p>\n<p>Rukov\u00e4\u0165: Hladk\u00fd, \u010dierno potiahnut\u00fd hlin\u00edk 6061-T6 vytv\u00e1ra nielen pohodln\u00fd pocit v ruke, ale aj hladk\u00fd prechod do vrecka a z vrecka. Okolo vonkaj\u0161\u00edch \u010dast\u00ed je nieko\u013eko oblast\u00ed strojovo dr\u00e1\u017ekovanej text\u00fary, ktor\u00e9 napom\u00e1haj\u00fa pri\u013enavosti. T\u00e1to \u013eah\u0161ia a ergonomick\u00e1 rukov\u00e4\u0165 je \u0161etrn\u00e1 k ruk\u00e1m a o\u010diam. Kon\u0161trukcia rukov\u00e4te je doplnen\u00e1 patentovan\u00fdm hardv\u00e9rom spolo\u010dnosti Microtech, koncom pre rozb\u00edjanie skla a vreckov\u00fdm klipom otryskan\u00fdm kor\u00e1lkami s individu\u00e1lnym s\u00e9riov\u00fdm \u010d\u00edslom \/ d\u00e1tumom v\u00fdroby.<\/p>\n<p>\u0160pecifik\u00e1cia:<br \/>\nAutomatick\u00e9 otv\u00e1ranie\/zatv\u00e1ranie \u2013 predn\u00e9 otv\u00e1ranie<br \/>\nAkcia: Dvojit\u00e9 akcie \u2013 Automatick\u00fd v\u00fdstrel\/zatiahnutie<br \/>\nCelkov\u00e1 d\u013a\u017eka: 22 cm<br \/>\nD\u013a\u017eka \u010depele: 8.6 cm<br \/>\n\u0160t\u00fdl \u010depele: Spartan Double Edge<br \/>\nMateri\u00e1l rukov\u00e4te: Hlin\u00edk 6061-T6 s OD Green Mil-Spec Hard Coat Eloxing<br \/>\nMateri\u00e1l vreckov\u00e9 spony: 301 Stainless<br \/>\n\u0160tandardn\u00e9 horn\u00e9: 6061-T6 AL zliatina<br \/>\nSp\u00fa\u0161\u0165: 303 Nerez<br \/>\nRozb\u00edja\u010d okien<br \/>\nVyroben\u00e9 v USA<\/p>\n","protected":false},"excerpt":{"rendered":"<p>V priebehu rokov Microtech\u00ae Knives naplnil v\u00e1\u0161\u0148ou a zru\u010dnos\u0165ou v\u00fdrobu no\u017eov, a\u017e z nich vytvoril takmer umeleck\u00e9 diela, ktor\u00e9 s\u00fa vrcholom funk\u010dnosti. V\u0161etky diely s\u00fa vyroben\u00e9 v USA.<br \/>\nNa v\u0161etky no\u017ee Microtech je do\u017eivotn\u00e1 z\u00e1ruka.<\/p>\n<p>Doprava zadarmo.<\/p>\n","protected":false},"featured_media":231223,"comment_status":"open","ping_status":"closed","template":"","meta":[],"pwb-brand":[3200],"product_brand":[],"product_cat":[3186,3197],"product_tag":[3668],"class_list":{"0":"post-231228","1":"product","2":"type-product","3":"status-publish","4":"has-post-thumbnail","6":"pwb-brand-microtech-sk","7":"product_cat-noze-sk","8":"product_cat-vystrelovacie-noze-sk","9":"product_tag-b2b-sk","11":"first","12":"outofstock","13":"taxable","14":"shipping-taxable","15":"purchasable","16":"product-type-simple"},"brands":[{"id":3200,"name":"Microtech","slug":"microtech-sk"}],"_links":{"self":[{"href":"https:\/\/www.moskito.cz\/sk\/wp-json\/wp\/v2\/product\/231228","targetHints":{"allow":["GET"]}}],"collection":[{"href":"https:\/\/www.moskito.cz\/sk\/wp-json\/wp\/v2\/product"}],"about":[{"href":"https:\/\/www.moskito.cz\/sk\/wp-json\/wp\/v2\/types\/product"}],"replies":[{"embeddable":true,"href":"https:\/\/www.moskito.cz\/sk\/wp-json\/wp\/v2\/comments?post=231228"}],"wp:featuredmedia":[{"embeddable":true,"href":"https:\/\/www.moskito.cz\/sk\/wp-json\/wp\/v2\/media\/231223"}],"wp:attachment":[{"href":"https:\/\/www.moskito.cz\/sk\/wp-json\/wp\/v2\/media?parent=231228"}],"wp:term":[{"taxonomy":"pwb-brand","embeddable":true,"href":"https:\/\/www.moskito.cz\/sk\/wp-json\/wp\/v2\/pwb-brand?post=231228"},{"taxonomy":"product_brand","embeddable":true,"href":"https:\/\/www.moskito.cz\/sk\/wp-json\/wp\/v2\/product_brand?post=231228"},{"taxonomy":"product_cat","embeddable":true,"href":"https:\/\/www.moskito.cz\/sk\/wp-json\/wp\/v2\/product_cat?post=231228"},{"taxonomy":"product_tag","embeddable":true,"href":"https:\/\/www.moskito.cz\/sk\/wp-json\/wp\/v2\/product_tag?post=231228"}],"curies":[{"name":"wp","href":"https:\/\/api.w.org\/{rel}","templated":true}]}}