{"id":231270,"date":"2022-11-21T21:08:43","date_gmt":"2022-11-21T20:08:43","guid":{"rendered":"https:\/\/www.moskito.cz\/produkt\/zatvaraci-noz-sog-aegis-at-tanto-black-moss\/"},"modified":"2025-05-07T10:44:09","modified_gmt":"2025-05-07T09:44:09","slug":"zatvaraci-noz-sog-aegis-at-tanto-black-moss","status":"publish","type":"product","link":"https:\/\/www.moskito.cz\/sk\/produkt\/zatvaraci-noz-sog-aegis-at-tanto-black-moss\/","title":{"rendered":"Zatv\u00e1rac\u00ed N\u00f4\u017e SOG AEGIS AT TANTO BLACK &#038; MOSS"},"content":{"rendered":"<p>Zatv\u00e1rac\u00ed N\u00f4\u017e SOG AEGIS AT TANTO BLACK &amp; MOSS.<\/p>\n<p>N\u00f4\u017e SOG Aegis AT je navrhnut\u00fd pre outdoorov\u00fdch u\u017e\u00edvate\u013eov a vyzna\u010duje sa obojstrann\u00fdm r\u00fdchlym otv\u00e1ran\u00edm \u010depele, ergonomickou rukov\u00e4\u0165ou a vzorom na \u00fachope pre pohodln\u00e9 pou\u017e\u00edvanie. N\u00f4\u017e Aegis AT sa \u013eahko nos\u00ed a m\u00e1 vysoko funk\u010dn\u00fa 93.98 mm kryog\u00e9nne tepelne spracovan\u00fa \u010depe\u013e z nerezovej ocele. Jeho v\u00fdkonn\u00fd uzamykac\u00ed mechanizmus XR je navy\u0161e vybaven\u00fd pevnou vstavanou poistkou \u010depele. Vid\u00edme tu \u010fal\u0161iu evol\u00faciu legend\u00e1rneho no\u017ea Aegis.<\/p>\n<p>POKOJNE A\u017d NA KONIEC SVETA<\/p>\n<p>SOG Aegis AT je prec\u00edzne navrhnut\u00fd ako skvel\u00e9 rie\u0161enie pre outdoorov\u00fdch dobrodruhov. Aegis AT je pripraven\u00fd pre ak\u00fako\u013evek \u00farove\u0148 intenzity, vyva\u017euje pri \u0148om cielen\u00fd dizajn s v\u00fdkonom a spo\u013eahlivos\u0165ou. V\u010faka obojstrann\u00e9mu r\u00fdchlootv\u00e1raciemu z\u00e1mku AT-XR Lock, \u010depeli z ocele CRYO D2, ergonomick\u00e9mu dizajnu rukov\u00e4te a vzoru \u00fachopu pre v\u00e4\u010d\u0161ie pohodlie sa legend\u00e1rna zdatnos\u0165 no\u017ea Aegis AT vyrovn\u00e1 iba jeho schopnosti zv\u00fd\u0161i\u0165 schopnosti svojho u\u017e\u00edvate\u013ea v ak\u00fdchko\u013evek outdoorov\u00fdch podmienkach.<\/p>\n<p>Asistovan\u00e9 obojru\u010dn\u00e9 otv\u00e1ranie &#8211; jednoduch\u00e9 a r\u00fdchle otv\u00e1ranie jednou rukou, a to aj v rukaviciach, pri slabom osvetlen\u00ed alebo v situ\u00e1ci\u00e1ch pod vysok\u00fdm tlakom.<\/p>\n<p>POISTKA AT XR<\/p>\n<p>Z\u00e1mok je spo\u013eahliv\u00fd a v\u00fdkonn\u00fd, vydr\u017e\u00ed silu 680 kilogramov, poskytuje maxim\u00e1lnu vstavan\u00fa bezpe\u010dnos\u0165 pri otvoren\u00ed \u010depele a zais\u0165uje, \u017ee sa otvor\u00ed iba vtedy, ke\u010f je to zam\u00fd\u0161\u013ean\u00e9.<\/p>\n<p>CRYO D2<\/p>\n<p>V\u0161estrann\u00e1 n\u00e1strojov\u00e1 oce\u013e s vysok\u00fdm obsahom uhl\u00edka, ktor\u00e1 je kryogenicky tepelne spracovan\u00e1 pod\u013ea jedine\u010dn\u00fdch \u0161pecifik\u00e1ci\u00ed SOG. D2 poskytuje ide\u00e1lnu kombin\u00e1ciu zachovania ostria a odolnosti pre dlhodob\u00e9 pou\u017e\u00edvanie s jednoduchou \u00fadr\u017ebou.<\/p>\n<p>Prirasten\u00fd k dlani<\/p>\n<p>Ergonomick\u00e1 rukov\u00e4\u0165, odoln\u00e1 text\u00farovan\u00e1 z GRN navrhnut\u00e1 pre optim\u00e1lne pohodlie a spo\u013eahliv\u00fd \u00fachop v ak\u00fdchko\u013evek vonkaj\u0161\u00edch podmienkach.<\/p>\n<p>ASISTENCIA OTV\u00c1RANIE<\/p>\n<p>M\u00e1 r\u00fdchle otv\u00e1ranie \u010depele s obojstrann\u00fdm asistovan\u00fdm otv\u00e1ran\u00edm AT-XR Lock, ergonomick\u00fa rukov\u00e4\u0165 a vzor \u00fachopu pre v\u00e4\u010d\u0161ie pohodlie a kryog\u00e9nne tepelne spracovan\u00fa \u010depe\u013e z nerezovej ocele D2.<\/p>\n<p>D\u0139\u017dKA RUKOV\u00c4TI: 127 mm<br \/>\nCELKOV\u00c1 VE\u013dKOS\u0164: 206 mm<br \/>\nH\u013d\u00daBKA \u010cEPELA: 3 mm<br \/>\nHMOTNOS\u0164: 129 g<br \/>\nMATERI\u00c1L RUKOV\u00c4TI: GRN<br \/>\nFARBA: Black<\/p>\n","protected":false},"excerpt":{"rendered":"<p>Zatv\u00e1rac\u00ed N\u00f4\u017e SOG AEGIS AT TANTO BLACK &amp; MOSS. N\u00f4\u017e SOG Aegis AT je navrhnut\u00fd pre outdoorov\u00fdch u\u017e\u00edvate\u013eov a vyzna\u010duje sa obojstrann\u00fdm r\u00fdchlym otv\u00e1ran\u00edm \u010depele, ergonomickou rukov\u00e4\u0165ou a vzorom na \u00fachope pre pohodln\u00e9 pou\u017e\u00edvanie. N\u00f4\u017e Aegis AT sa \u013eahko nos\u00ed a m\u00e1 vysoko funk\u010dn\u00fa 93.98 mm kryog\u00e9nne tepelne spracovan\u00fa \u010depe\u013e z nerezovej ocele. Jeho v\u00fdkonn\u00fd [&hellip;]<\/p>\n","protected":false},"featured_media":231260,"comment_status":"open","ping_status":"closed","template":"","meta":[],"pwb-brand":[3231],"product_brand":[],"product_cat":[3186,3233],"product_tag":[3668],"class_list":{"0":"post-231270","1":"product","2":"type-product","3":"status-publish","4":"has-post-thumbnail","6":"pwb-brand-pevny-noz-sog-snarl","7":"product_cat-noze-sk","8":"product_cat-zatvaracie-noze","9":"product_tag-b2b-sk","11":"first","12":"instock","13":"taxable","14":"shipping-taxable","15":"purchasable","16":"product-type-simple"},"brands":[{"id":3231,"name":"Pevn\u00fd N\u00f4\u017e SOG SNARL","slug":"pevny-noz-sog-snarl"}],"_links":{"self":[{"href":"https:\/\/www.moskito.cz\/sk\/wp-json\/wp\/v2\/product\/231270","targetHints":{"allow":["GET"]}}],"collection":[{"href":"https:\/\/www.moskito.cz\/sk\/wp-json\/wp\/v2\/product"}],"about":[{"href":"https:\/\/www.moskito.cz\/sk\/wp-json\/wp\/v2\/types\/product"}],"replies":[{"embeddable":true,"href":"https:\/\/www.moskito.cz\/sk\/wp-json\/wp\/v2\/comments?post=231270"}],"wp:featuredmedia":[{"embeddable":true,"href":"https:\/\/www.moskito.cz\/sk\/wp-json\/wp\/v2\/media\/231260"}],"wp:attachment":[{"href":"https:\/\/www.moskito.cz\/sk\/wp-json\/wp\/v2\/media?parent=231270"}],"wp:term":[{"taxonomy":"pwb-brand","embeddable":true,"href":"https:\/\/www.moskito.cz\/sk\/wp-json\/wp\/v2\/pwb-brand?post=231270"},{"taxonomy":"product_brand","embeddable":true,"href":"https:\/\/www.moskito.cz\/sk\/wp-json\/wp\/v2\/product_brand?post=231270"},{"taxonomy":"product_cat","embeddable":true,"href":"https:\/\/www.moskito.cz\/sk\/wp-json\/wp\/v2\/product_cat?post=231270"},{"taxonomy":"product_tag","embeddable":true,"href":"https:\/\/www.moskito.cz\/sk\/wp-json\/wp\/v2\/product_tag?post=231270"}],"curies":[{"name":"wp","href":"https:\/\/api.w.org\/{rel}","templated":true}]}}